{"id":575533,"date":"2025-10-10T12:34:58","date_gmt":"2025-10-10T09:34:58","guid":{"rendered":"https:\/\/nbg.eu\/product\/grips-kmr-l-dotmatrix-ergo-brass\/"},"modified":"2026-04-16T18:30:44","modified_gmt":"2026-04-16T15:30:44","slug":"grips-kmr-l-dotmatrix-ergo-brass","status":"publish","type":"product","link":"https:\/\/nbg.eu\/pt-pt\/produto\/grips-kmr-l-dotmatrix-ergo-brass\/","title":{"rendered":"KMR Punhos L DotMatrix Ergo Lat\u00e3o"},"content":{"rendered":"<h2>GRIPS KMR L DOTMATRIX ERGO BRONZE<\/h2>\n<p>Os punhos de bronze da KMR Precision Arms d\u00e3o \u00e0 sua arma de fogo uma apar\u00eancia moderna e distinta, al\u00e9m de adicionar um peso equilibrado para melhorar o controle. A textura ergon\u00f4mica DotMatrix Ergo proporciona um apoio firme e confort\u00e1vel, melhorando a estabilidade mesmo durante o uso prolongado ou em condi\u00e7\u00f5es exigentes. Com usinagem precisa, alta durabilidade e design refinado, esses punhos s\u00e3o uma excelente op\u00e7\u00e3o para atiradores que buscam uma combina\u00e7\u00e3o de funcionalidade, confiabilidade e estilo.<\/p>\n<p>Marca: KMR Precision Arms<br \/>\nPara Armas: KMR<br \/>\nCompatibilidade: KMR L-02 UMBRA A PARTIR DE 2024<br \/>\nComprimento do Punho: Tamanho completo &#8211; sem c\u00e2mara de carregador<br \/>\nTextura: DotMatrix Ergo<br \/>\nMaterial: Bronze<\/p>\n","protected":false},"excerpt":{"rendered":"<p>Empunhaduras de lat\u00e3o KMR \u2013 Padr\u00e3o Ergo DotMatrix. Textura ergon\u00f4mica para um apoio seguro e confort\u00e1vel, peso equilibrado para um melhor controle.<\/p>\n","protected":false},"featured_media":575569,"template":"","meta":{"_acf_changed":false},"product_brand":[11507],"product_cat":[12487,14870],"product_tag":[],"class_list":{"0":"post-575533","1":"product","2":"type-product","3":"status-publish","4":"has-post-thumbnail","6":"product_brand-kmr-precision","7":"product_cat-pecas-kmr","8":"product_cat-pistol-grips-pt-pt","10":"first","11":"instock","12":"taxable","13":"shipping-taxable","14":"purchasable","15":"product-type-simple"},"acf":[],"_links":{"self":[{"href":"https:\/\/nbg.eu\/pt-pt\/wp-json\/wp\/v2\/product\/575533","targetHints":{"allow":["GET"]}}],"collection":[{"href":"https:\/\/nbg.eu\/pt-pt\/wp-json\/wp\/v2\/product"}],"about":[{"href":"https:\/\/nbg.eu\/pt-pt\/wp-json\/wp\/v2\/types\/product"}],"wp:featuredmedia":[{"embeddable":true,"href":"https:\/\/nbg.eu\/pt-pt\/wp-json\/wp\/v2\/media\/575569"}],"wp:attachment":[{"href":"https:\/\/nbg.eu\/pt-pt\/wp-json\/wp\/v2\/media?parent=575533"}],"wp:term":[{"taxonomy":"product_brand","embeddable":true,"href":"https:\/\/nbg.eu\/pt-pt\/wp-json\/wp\/v2\/product_brand?post=575533"},{"taxonomy":"product_cat","embeddable":true,"href":"https:\/\/nbg.eu\/pt-pt\/wp-json\/wp\/v2\/product_cat?post=575533"},{"taxonomy":"product_tag","embeddable":true,"href":"https:\/\/nbg.eu\/pt-pt\/wp-json\/wp\/v2\/product_tag?post=575533"}],"curies":[{"name":"wp","href":"https:\/\/api.w.org\/{rel}","templated":true}]}}