{"id":57876,"date":"2024-02-20T19:42:37","date_gmt":"2024-02-20T19:42:37","guid":{"rendered":"https:\/\/nbg.eu\/product\/geissele-super-precision-t1-mount-lower-1-3-co-witness\/"},"modified":"2026-05-13T17:10:44","modified_gmt":"2026-05-13T14:10:44","slug":"geissele-super-precision-t1-mount-lower-1-3-co-witness","status":"publish","type":"product","link":"https:\/\/nbg.eu\/pt-pt\/produto\/geissele-super-precision-t1-mount-lower-1-3-co-witness\/","title":{"rendered":"Geissele Montagem para Red Dot Super Precision T1 Lower 1\/3 Co-Witness"},"content":{"rendered":"<div class=\"product-description\">\n<h2>Suporte Geissele Super Precision T1 &#8211; Co-witness Baixo 1\/3 (DDC)<\/h2>\n<p>O Suporte Geissele Super Precision T1 \u00e9 projetado para miras Aimpoint T1 e miras de ponto vermelho similares. Este suporte oferece:<\/p>\n<ul>\n<li>Usinado com precis\u00e3o a partir de uma \u00fanica pe\u00e7a de alum\u00ednio 7075-T6 de alta resist\u00eancia<\/li>\n<li>Op\u00e7\u00e3o de co-witness baixo 1\/3 para alinhamento de mira<\/li>\n<li>Acabamento anodizado tipo 3 em cor DDC (Desert Dirt Color)<\/li>\n<li>M\u00e9todo de fixa\u00e7\u00e3o com porca e parafuso que proporciona 1.400 libras de for\u00e7a de fixa\u00e7\u00e3o<\/li>\n<li>3 ressaltos de cisalhamento para m\u00e1xima rigidez e retorno ao zero<\/li>\n<\/ul>\n<p>Este suporte oferece estabilidade e precis\u00e3o, adequado para atiradores experientes e profissionais.<\/p>\n<\/div>\n","protected":false},"excerpt":{"rendered":"<p>Montagem T1 de precis\u00e3o: Alinhamento inferior de 1\/3, acabamento DDC, extremamente resistente.<\/p>\n","protected":false},"featured_media":57877,"template":"","meta":{"_acf_changed":false},"product_brand":[11397],"product_cat":[12519,12483,12487,14913],"product_tag":[],"class_list":{"0":"post-57876","1":"product","2":"type-product","3":"status-publish","4":"has-post-thumbnail","6":"product_brand-geissele","7":"product_cat-miras-para-pistolas","8":"product_cat-pecas-de-pistola","9":"product_cat-pecas-kmr","10":"product_cat-red-dot-sights-mounts-pt-pt","12":"first","13":"instock","14":"taxable","15":"shipping-taxable","16":"product-type-variable","17":"wvs-archive-product-wrapper"},"acf":[],"_links":{"self":[{"href":"https:\/\/nbg.eu\/pt-pt\/wp-json\/wp\/v2\/product\/57876","targetHints":{"allow":["GET"]}}],"collection":[{"href":"https:\/\/nbg.eu\/pt-pt\/wp-json\/wp\/v2\/product"}],"about":[{"href":"https:\/\/nbg.eu\/pt-pt\/wp-json\/wp\/v2\/types\/product"}],"wp:featuredmedia":[{"embeddable":true,"href":"https:\/\/nbg.eu\/pt-pt\/wp-json\/wp\/v2\/media\/57877"}],"wp:attachment":[{"href":"https:\/\/nbg.eu\/pt-pt\/wp-json\/wp\/v2\/media?parent=57876"}],"wp:term":[{"taxonomy":"product_brand","embeddable":true,"href":"https:\/\/nbg.eu\/pt-pt\/wp-json\/wp\/v2\/product_brand?post=57876"},{"taxonomy":"product_cat","embeddable":true,"href":"https:\/\/nbg.eu\/pt-pt\/wp-json\/wp\/v2\/product_cat?post=57876"},{"taxonomy":"product_tag","embeddable":true,"href":"https:\/\/nbg.eu\/pt-pt\/wp-json\/wp\/v2\/product_tag?post=57876"}],"curies":[{"name":"wp","href":"https:\/\/api.w.org\/{rel}","templated":true}]}}