{"id":582277,"date":"2025-10-10T18:10:10","date_gmt":"2025-10-10T15:10:10","guid":{"rendered":"https:\/\/nbg.eu\/product\/daa-magnet-inc-screw-and-thermal-nut-for-racer-pouch\/"},"modified":"2026-01-21T11:37:55","modified_gmt":"2026-01-21T08:37:55","slug":"daa-magnet-inc-screw-and-thermal-nut-for-racer-pouch","status":"publish","type":"product","link":"https:\/\/nbg.eu\/pt-pt\/produto\/daa-magnet-inc-screw-and-thermal-nut-for-racer-pouch\/","title":{"rendered":"DAA Magnet inc. screw and thermal nut for racer pouch"},"content":{"rendered":"<div class=\"product-description\">\n<h2>Kit de \u00cdm\u00e3 DAA para Porta-Carregadores Single Stack Racer<\/h2>\n<p>Atualize seu Porta-Carregador DAA Single Stack Racer com esta solu\u00e7\u00e3o de montagem magn\u00e9tica. Nosso kit inclui:<\/p>\n<ul>\n<li>\u00cdm\u00e3 grande de 42mm N42<\/li>\n<li>Porca M5 escareada<\/li>\n<li>Parafuso M5 de 12mm<\/li>\n<\/ul>\n<p>A instala\u00e7\u00e3o \u00e9 r\u00e1pida, utilizando o furo existente na parte externa do seu porta-carregador. Para melhores resultados:<\/p>\n<ol>\n<li>Determine e fixe o \u00e2ngulo desejado do porta-carregador antes da instala\u00e7\u00e3o<\/li>\n<li>Instale o \u00edm\u00e3 usando as pe\u00e7as fornecidas<\/li>\n<\/ol>\n<p><strong>Observa\u00e7\u00e3o:<\/strong> Ap\u00f3s a instala\u00e7\u00e3o, o acesso ao parafuso central de montagem pode ser limitado. Considere criar uma chave hexagonal de 3mm personalizada com bra\u00e7o curto para ajustes futuros.<\/p>\n<p>Melhore a versatilidade e conveni\u00eancia do seu porta-carregador com este kit de montagem magn\u00e9tica.<\/p>\n<\/div>\n","protected":false},"excerpt":{"rendered":"<p>Kit de montagem magn\u00e9tica para porta-carregadores DAA Single Stack Racer. F\u00e1cil instala\u00e7\u00e3o.<\/p>\n","protected":false},"featured_media":582360,"template":"","meta":{"_acf_changed":false},"product_brand":[11280],"product_cat":[12535,12471,12545],"product_tag":[],"class_list":{"0":"post-582277","1":"product","2":"type-product","3":"status-publish","4":"has-post-thumbnail","6":"product_brand-doublealpha","7":"product_cat-bolsas","8":"product_cat-cintos-desportivos","9":"product_cat-equipamento","11":"first","12":"instock","13":"taxable","14":"shipping-taxable","15":"purchasable","16":"product-type-simple"},"acf":[],"_links":{"self":[{"href":"https:\/\/nbg.eu\/pt-pt\/wp-json\/wp\/v2\/product\/582277","targetHints":{"allow":["GET"]}}],"collection":[{"href":"https:\/\/nbg.eu\/pt-pt\/wp-json\/wp\/v2\/product"}],"about":[{"href":"https:\/\/nbg.eu\/pt-pt\/wp-json\/wp\/v2\/types\/product"}],"wp:featuredmedia":[{"embeddable":true,"href":"https:\/\/nbg.eu\/pt-pt\/wp-json\/wp\/v2\/media\/582360"}],"wp:attachment":[{"href":"https:\/\/nbg.eu\/pt-pt\/wp-json\/wp\/v2\/media?parent=582277"}],"wp:term":[{"taxonomy":"product_brand","embeddable":true,"href":"https:\/\/nbg.eu\/pt-pt\/wp-json\/wp\/v2\/product_brand?post=582277"},{"taxonomy":"product_cat","embeddable":true,"href":"https:\/\/nbg.eu\/pt-pt\/wp-json\/wp\/v2\/product_cat?post=582277"},{"taxonomy":"product_tag","embeddable":true,"href":"https:\/\/nbg.eu\/pt-pt\/wp-json\/wp\/v2\/product_tag?post=582277"}],"curies":[{"name":"wp","href":"https:\/\/api.w.org\/{rel}","templated":true}]}}