{"id":582548,"date":"2025-10-10T18:10:11","date_gmt":"2025-10-10T15:10:11","guid":{"rendered":"https:\/\/nbg.eu\/product\/daa-gripz-grip-enhancer-75-ml\/"},"modified":"2026-01-21T11:48:14","modified_gmt":"2026-01-21T08:48:14","slug":"daa-gripz-grip-enhancer-75-ml","status":"publish","type":"product","link":"https:\/\/nbg.eu\/pt-pt\/produto\/daa-gripz-grip-enhancer-75-ml\/","title":{"rendered":"DAA GRIPZ &#8211; Grip enhancer 75 ml"},"content":{"rendered":"<div class=\"product-description\">\n<h2>DAA GRIPZ &#8211; Melhorador de Ader\u00eancia 75 ml<\/h2>\n<p>DAA GRIPZ \u00e9 uma lo\u00e7\u00e3o para melhorar a ader\u00eancia em tiro de pistola IPSC e USPSA. Esta garrafa de 75ml proporciona uma ader\u00eancia segura em condi\u00e7\u00f5es \u00famidas e calor extremo.<\/p>\n<ul>\n<li>F\u00f3rmula \u00e0 base de s\u00edlica com \u00e1lcool e estabilizadores<\/li>\n<li>Fechamento com tampa de press\u00e3o para acesso com uma m\u00e3o<\/li>\n<li>Aplica\u00e7\u00e3o mais limpa &#8211; n\u00e3o seca branco nem mancha facilmente roupas e empunhadura da pistola<\/li>\n<li>Mant\u00e9m as palmas secas e ader\u00eancia segura durante tiro r\u00e1pido e preciso<\/li>\n<\/ul>\n<p>DAA GRIPZ pode ajudar a melhorar seu desempenho no tiro.<\/p>\n<\/div>\n","protected":false},"excerpt":{"rendered":"<p>DAA GRIPZ: Melhore a ader\u00eancia para tiros precisos. Frasco de 75ml.<\/p>\n","protected":false},"featured_media":582565,"template":"","meta":{"_acf_changed":false},"product_brand":[11280],"product_cat":[12545],"product_tag":[],"class_list":{"0":"post-582548","1":"product","2":"type-product","3":"status-publish","4":"has-post-thumbnail","6":"product_brand-doublealpha","7":"product_cat-equipamento","9":"first","10":"instock","11":"taxable","12":"shipping-taxable","13":"purchasable","14":"product-type-simple"},"acf":[],"_links":{"self":[{"href":"https:\/\/nbg.eu\/pt-pt\/wp-json\/wp\/v2\/product\/582548","targetHints":{"allow":["GET"]}}],"collection":[{"href":"https:\/\/nbg.eu\/pt-pt\/wp-json\/wp\/v2\/product"}],"about":[{"href":"https:\/\/nbg.eu\/pt-pt\/wp-json\/wp\/v2\/types\/product"}],"wp:featuredmedia":[{"embeddable":true,"href":"https:\/\/nbg.eu\/pt-pt\/wp-json\/wp\/v2\/media\/582565"}],"wp:attachment":[{"href":"https:\/\/nbg.eu\/pt-pt\/wp-json\/wp\/v2\/media?parent=582548"}],"wp:term":[{"taxonomy":"product_brand","embeddable":true,"href":"https:\/\/nbg.eu\/pt-pt\/wp-json\/wp\/v2\/product_brand?post=582548"},{"taxonomy":"product_cat","embeddable":true,"href":"https:\/\/nbg.eu\/pt-pt\/wp-json\/wp\/v2\/product_cat?post=582548"},{"taxonomy":"product_tag","embeddable":true,"href":"https:\/\/nbg.eu\/pt-pt\/wp-json\/wp\/v2\/product_tag?post=582548"}],"curies":[{"name":"wp","href":"https:\/\/api.w.org\/{rel}","templated":true}]}}