{"id":58300,"date":"2024-02-20T19:05:47","date_gmt":"2024-02-20T19:05:47","guid":{"rendered":"https:\/\/nbg.eu\/product\/grovtec-heavy-duty-push-button-qd-sling-swivel\/"},"modified":"2026-05-13T16:02:34","modified_gmt":"2026-05-13T13:02:34","slug":"grovtec-heavy-duty-push-button-qd-sling-swivel","status":"publish","type":"product","link":"https:\/\/nbg.eu\/pt-pt\/produto\/grovtec-heavy-duty-push-button-qd-sling-swivel\/","title":{"rendered":"Geissele Mosquet\u00e3o QD GROVTEC Heavy Duty"},"content":{"rendered":"<p>O GROVTEC Push Button QD Sling Swivel para 1-1\/4&#8243; \u00e9 um acess\u00f3rio para correias. Este swivel \u00e9 embalado individualmente e possui:<\/p>\n<ul>\n<li>Testado para suportar at\u00e9 450 libras<\/li>\n<li>Acabamento em fosfato de mangan\u00eas sem brilho<\/li>\n<li>Mecanismo de bot\u00e3o de press\u00e3o para desconex\u00e3o r\u00e1pida<\/li>\n<li>Constru\u00e7\u00e3o resistente para uso prolongado<\/li>\n<\/ul>\n<p>Este swivel \u00e9 um acess\u00f3rio para armas de fogo.<\/p>\n","protected":false},"excerpt":{"rendered":"<p>Argola de tiracolo robusta de 1,25&#8243;, testada para 450 libras, desconex\u00e3o r\u00e1pida com bot\u00e3o, acabamento fosco.<\/p>\n","protected":false},"featured_media":58301,"template":"","meta":{"_acf_changed":false},"product_brand":[11397],"product_cat":[12473,14942,12498],"product_tag":[],"class_list":{"0":"post-58300","1":"product","2":"type-product","3":"status-publish","4":"has-post-thumbnail","6":"product_brand-geissele","7":"product_cat-bandoleiras","8":"product_cat-sling-swivels-pt-pt","9":"product_cat-tuning-de-espingarda","11":"first","12":"instock","13":"taxable","14":"shipping-taxable","15":"product-type-simple"},"acf":[],"_links":{"self":[{"href":"https:\/\/nbg.eu\/pt-pt\/wp-json\/wp\/v2\/product\/58300","targetHints":{"allow":["GET"]}}],"collection":[{"href":"https:\/\/nbg.eu\/pt-pt\/wp-json\/wp\/v2\/product"}],"about":[{"href":"https:\/\/nbg.eu\/pt-pt\/wp-json\/wp\/v2\/types\/product"}],"wp:featuredmedia":[{"embeddable":true,"href":"https:\/\/nbg.eu\/pt-pt\/wp-json\/wp\/v2\/media\/58301"}],"wp:attachment":[{"href":"https:\/\/nbg.eu\/pt-pt\/wp-json\/wp\/v2\/media?parent=58300"}],"wp:term":[{"taxonomy":"product_brand","embeddable":true,"href":"https:\/\/nbg.eu\/pt-pt\/wp-json\/wp\/v2\/product_brand?post=58300"},{"taxonomy":"product_cat","embeddable":true,"href":"https:\/\/nbg.eu\/pt-pt\/wp-json\/wp\/v2\/product_cat?post=58300"},{"taxonomy":"product_tag","embeddable":true,"href":"https:\/\/nbg.eu\/pt-pt\/wp-json\/wp\/v2\/product_tag?post=58300"}],"curies":[{"name":"wp","href":"https:\/\/api.w.org\/{rel}","templated":true}]}}