{"id":583024,"date":"2025-10-08T23:36:42","date_gmt":"2025-10-08T20:36:42","guid":{"rendered":"https:\/\/nbg.eu\/product\/utg-pro-m-lok-light-mount-for-mp5\/"},"modified":"2026-02-27T15:51:17","modified_gmt":"2026-02-27T12:51:17","slug":"utg-pro-m-lok-light-mount-for-mp5","status":"publish","type":"product","link":"https:\/\/nbg.eu\/pt-pt\/produto\/utg-pro-m-lok-light-mount-for-mp5\/","title":{"rendered":"UTG PRO\u00ae M-LOK\u00ae Light Mount, for MP5\u00ae"},"content":{"rendered":"<div class=\"product-description\">\n<h1>Suporte de Luz UTG PRO\u00ae M-LOK\u00ae para MP5\u00ae<\/h1>\n<p><strong>SKU:<\/strong> MTU058SSM<\/p>\n<p>Adicione ao seu pistola ou rifle padr\u00e3o MP5\u00ae o Suporte de Luz UTG PRO\u00ae M-LOK\u00ae fabricado nos EUA. Este acess\u00f3rio se fixa ao ponto de mira frontal sem interferir com as guardas ou empunhaduras, oferecendo uma plataforma para luzes, interruptores de press\u00e3o e outros acess\u00f3rios.<\/p>\n<h2>Caracter\u00edsticas principais:<\/h2>\n<ul>\n<li>Projetado e fabricado nos EUA<\/li>\n<li>Constru\u00e7\u00e3o em alum\u00ednio anodizado preto fosco<\/li>\n<li>Slots M-LOK\u00ae nas posi\u00e7\u00f5es 11, 12 e 1 horas<\/li>\n<li>Compat\u00edvel com pistolas e rifles padr\u00e3o MP5 (n\u00e3o compat\u00edvel com receptores padr\u00e3o K)<\/li>\n<li>Fixa\u00e7\u00e3o segura ao ponto de mira frontal<\/li>\n<\/ul>\n<p>Adicione este suporte de luz ao seu MP5\u00ae.<\/p>\n<\/div>\n","protected":false},"excerpt":{"rendered":"<p>Suporte de luz para MP5\u00ae fabricado nos EUA. Slots M-LOK\u00ae, ajuste seguro, vers\u00e1til.<\/p>\n","protected":false},"featured_media":583143,"template":"","meta":{"_acf_changed":false},"product_brand":[14413],"product_cat":[14966,369],"product_tag":[],"class_list":{"0":"post-583024","1":"product","2":"type-product","3":"status-publish","4":"has-post-thumbnail","6":"product_brand-leapers-inc","7":"product_cat-m-lok-rail-systems-pt-pt","8":"product_cat-uncategorized","10":"first","11":"instock","12":"taxable","13":"shipping-taxable","14":"purchasable","15":"product-type-simple"},"acf":[],"_links":{"self":[{"href":"https:\/\/nbg.eu\/pt-pt\/wp-json\/wp\/v2\/product\/583024","targetHints":{"allow":["GET"]}}],"collection":[{"href":"https:\/\/nbg.eu\/pt-pt\/wp-json\/wp\/v2\/product"}],"about":[{"href":"https:\/\/nbg.eu\/pt-pt\/wp-json\/wp\/v2\/types\/product"}],"wp:featuredmedia":[{"embeddable":true,"href":"https:\/\/nbg.eu\/pt-pt\/wp-json\/wp\/v2\/media\/583143"}],"wp:attachment":[{"href":"https:\/\/nbg.eu\/pt-pt\/wp-json\/wp\/v2\/media?parent=583024"}],"wp:term":[{"taxonomy":"product_brand","embeddable":true,"href":"https:\/\/nbg.eu\/pt-pt\/wp-json\/wp\/v2\/product_brand?post=583024"},{"taxonomy":"product_cat","embeddable":true,"href":"https:\/\/nbg.eu\/pt-pt\/wp-json\/wp\/v2\/product_cat?post=583024"},{"taxonomy":"product_tag","embeddable":true,"href":"https:\/\/nbg.eu\/pt-pt\/wp-json\/wp\/v2\/product_tag?post=583024"}],"curies":[{"name":"wp","href":"https:\/\/api.w.org\/{rel}","templated":true}]}}