{"id":58446,"date":"2024-02-17T21:23:00","date_gmt":"2024-02-17T18:23:00","guid":{"rendered":"https:\/\/nbg.eu\/product\/magazine-well-reaction-block-geissele-vise-block\/"},"modified":"2026-04-22T11:42:09","modified_gmt":"2026-04-22T08:42:09","slug":"magazine-well-reaction-block-geissele-vise-block","status":"publish","type":"product","link":"https:\/\/nbg.eu\/pt-pt\/produto\/magazine-well-reaction-block-geissele-vise-block\/","title":{"rendered":"Geissele Bloco para Torno Vise Block"},"content":{"rendered":"<p>O <strong>Bloco de Fixa\u00e7\u00e3o para Po\u00e7o do Carregador Geissele Automatics<\/strong> \u00e9 uma ferramenta para receptores AR15\/M4 e AR10\/SR25. Este dispositivo fabricado nos EUA oferece:<\/p>\n<ul>\n<li>Plataforma est\u00e1vel para opera\u00e7\u00f5es no receptor inferior<\/li>\n<li>Instala\u00e7\u00e3o facilitada de porcas MLOK<\/li>\n<li>Montagem simplificada do tubo do buffer<\/li>\n<li>Capacidade de trabalho sem as m\u00e3os<\/li>\n<\/ul>\n<p>Monte-o em sua bancada de trabalho para manuten\u00e7\u00e3o de armas eficiente.<\/p>\n","protected":false},"excerpt":{"rendered":"<p>Suportes seguros para coronhas inferiores de AR15\/M4\/AR10\/SR25 para trabalho sem as m\u00e3os. Fabricado nos EUA.<\/p>\n","protected":false},"featured_media":58447,"template":"","meta":{"_acf_changed":false},"product_brand":[11397],"product_cat":[12517],"product_tag":[],"class_list":{"0":"post-58446","1":"product","2":"type-product","3":"status-publish","4":"has-post-thumbnail","6":"product_brand-geissele","7":"product_cat-ferramentas","9":"first","10":"outofstock","11":"taxable","12":"shipping-taxable","13":"product-type-simple"},"acf":[],"_links":{"self":[{"href":"https:\/\/nbg.eu\/pt-pt\/wp-json\/wp\/v2\/product\/58446","targetHints":{"allow":["GET"]}}],"collection":[{"href":"https:\/\/nbg.eu\/pt-pt\/wp-json\/wp\/v2\/product"}],"about":[{"href":"https:\/\/nbg.eu\/pt-pt\/wp-json\/wp\/v2\/types\/product"}],"wp:featuredmedia":[{"embeddable":true,"href":"https:\/\/nbg.eu\/pt-pt\/wp-json\/wp\/v2\/media\/58447"}],"wp:attachment":[{"href":"https:\/\/nbg.eu\/pt-pt\/wp-json\/wp\/v2\/media?parent=58446"}],"wp:term":[{"taxonomy":"product_brand","embeddable":true,"href":"https:\/\/nbg.eu\/pt-pt\/wp-json\/wp\/v2\/product_brand?post=58446"},{"taxonomy":"product_cat","embeddable":true,"href":"https:\/\/nbg.eu\/pt-pt\/wp-json\/wp\/v2\/product_cat?post=58446"},{"taxonomy":"product_tag","embeddable":true,"href":"https:\/\/nbg.eu\/pt-pt\/wp-json\/wp\/v2\/product_tag?post=58446"}],"curies":[{"name":"wp","href":"https:\/\/api.w.org\/{rel}","templated":true}]}}