{"id":59588,"date":"2024-02-15T11:08:39","date_gmt":"2024-02-15T11:08:39","guid":{"rendered":"https:\/\/nbg.eu\/product\/geissele-picatinny-rail-for-m-lok-7-slots\/"},"modified":"2026-05-13T16:01:11","modified_gmt":"2026-05-13T13:01:11","slug":"geissele-picatinny-rail-for-m-lok-7-slots","status":"publish","type":"product","link":"https:\/\/nbg.eu\/pt-pt\/produto\/geissele-picatinny-rail-for-m-lok-7-slots\/","title":{"rendered":"Geissele Trilho Picatinny M-LOK"},"content":{"rendered":"<div class=\"product-description\">\n<h2>Trilho Picatinny Geissele para M-LOK, 7 Slots<\/h2>\n<p>Trilho Picatinny para acess\u00f3rios da Geissele. Este trilho de 7 slots \u00e9 feito de alum\u00ednio 7075-T6 com acabamento anodizado. Fornece fixa\u00e7\u00e3o para diversos acess\u00f3rios. Projetado para atender especifica\u00e7\u00f5es, oferece encaixe e plataforma est\u00e1vel para seu guarda-m\u00e3o M-LOK.<\/p>\n<\/div>\n","protected":false},"excerpt":{"rendered":"<p>Trilho Picatinny de precis\u00e3o com 7 slots para sistema M-LOK. Suporte seguro para acess\u00f3rios de AR-15.<\/p>\n","protected":false},"featured_media":59589,"template":"","meta":{"_acf_changed":false},"product_brand":[11397],"product_cat":[12516,16223,12537,15836],"product_tag":[],"class_list":{"0":"post-59588","1":"product","2":"type-product","3":"status-publish","4":"has-post-thumbnail","6":"product_brand-geissele","7":"product_cat-bipes","8":"product_cat-bipod-mounts-pt-pt","9":"product_cat-espingarda","10":"product_cat-picatinny-rails-pt-pt","12":"first","13":"instock","14":"taxable","15":"shipping-taxable","16":"product-type-variable","17":"wvs-archive-product-wrapper"},"acf":[],"_links":{"self":[{"href":"https:\/\/nbg.eu\/pt-pt\/wp-json\/wp\/v2\/product\/59588","targetHints":{"allow":["GET"]}}],"collection":[{"href":"https:\/\/nbg.eu\/pt-pt\/wp-json\/wp\/v2\/product"}],"about":[{"href":"https:\/\/nbg.eu\/pt-pt\/wp-json\/wp\/v2\/types\/product"}],"wp:featuredmedia":[{"embeddable":true,"href":"https:\/\/nbg.eu\/pt-pt\/wp-json\/wp\/v2\/media\/59589"}],"wp:attachment":[{"href":"https:\/\/nbg.eu\/pt-pt\/wp-json\/wp\/v2\/media?parent=59588"}],"wp:term":[{"taxonomy":"product_brand","embeddable":true,"href":"https:\/\/nbg.eu\/pt-pt\/wp-json\/wp\/v2\/product_brand?post=59588"},{"taxonomy":"product_cat","embeddable":true,"href":"https:\/\/nbg.eu\/pt-pt\/wp-json\/wp\/v2\/product_cat?post=59588"},{"taxonomy":"product_tag","embeddable":true,"href":"https:\/\/nbg.eu\/pt-pt\/wp-json\/wp\/v2\/product_tag?post=59588"}],"curies":[{"name":"wp","href":"https:\/\/api.w.org\/{rel}","templated":true}]}}