{"id":595916,"date":"2025-10-17T16:20:30","date_gmt":"2025-10-17T13:20:30","guid":{"rendered":"https:\/\/nbg.eu\/product\/holster-rhh-190-ho-aiwb-crocy\/"},"modified":"2026-01-21T12:31:23","modified_gmt":"2026-01-21T09:31:23","slug":"holster-rhh-190-ho-aiwb-crocy","status":"publish","type":"product","link":"https:\/\/nbg.eu\/pt-pt\/produto\/holster-rhh-190-ho-aiwb-crocy\/","title":{"rendered":"Holster RHH 190-HO AIWB Crocy"},"content":{"rendered":"<div class=\"product-description\">\n<h2>Coldre RHH 190-HO AIWB Crocy<\/h2>\n<p>O Coldre RHH 190-HO AIWB Crocy \u00e9 uma solu\u00e7\u00e3o para porte velado. Projetado para porte appendix inside-the-waistband (AIWB), este coldre oferece conforto e seguran\u00e7a.<\/p>\n<ul>\n<li>Feito de material Kydex para durabilidade<\/li>\n<li>Moldado para se ajustar ao modelo espec\u00edfico da sua arma<\/li>\n<li>Reten\u00e7\u00e3o ajust\u00e1vel para personalizar a tens\u00e3o do saque<\/li>\n<li>Prote\u00e7\u00e3o contra suor protege a arma da umidade e sua pele da irrita\u00e7\u00e3o<\/li>\n<li>Clip permite oculta\u00e7\u00e3o sob camisas n\u00e3o engolidas<\/li>\n<li>Dispon\u00edvel na configura\u00e7\u00e3o para saque com a m\u00e3o direita<\/li>\n<\/ul>\n<p>O Coldre RHH 190-HO AIWB Crocy oferece conforto, oculta\u00e7\u00e3o e acesso r\u00e1pido.<\/p>\n<\/div>\n","protected":false},"excerpt":{"rendered":"<p>Coldre AIWB seguro para porte velado. Ajuste dur\u00e1vel e confort\u00e1vel.<\/p>\n","protected":false},"featured_media":596085,"template":"","meta":{"_acf_changed":false},"product_brand":[11642],"product_cat":[12543,12510],"product_tag":[],"class_list":{"0":"post-595916","1":"product","2":"type-product","3":"status-publish","4":"has-post-thumbnail","6":"product_brand-rh-holsters","7":"product_cat-coldre","8":"product_cat-coldre-tatico","9":"pa_belt-size-40mm-pt-pt","10":"pa_model-glock-43x-pt-pt-2","11":"pa_strong-hand-right-pt-pt","13":"first","14":"instock","15":"taxable","16":"shipping-taxable","17":"purchasable","18":"product-type-variable","19":"wvs-archive-product-wrapper"},"acf":[],"_links":{"self":[{"href":"https:\/\/nbg.eu\/pt-pt\/wp-json\/wp\/v2\/product\/595916","targetHints":{"allow":["GET"]}}],"collection":[{"href":"https:\/\/nbg.eu\/pt-pt\/wp-json\/wp\/v2\/product"}],"about":[{"href":"https:\/\/nbg.eu\/pt-pt\/wp-json\/wp\/v2\/types\/product"}],"wp:featuredmedia":[{"embeddable":true,"href":"https:\/\/nbg.eu\/pt-pt\/wp-json\/wp\/v2\/media\/596085"}],"wp:attachment":[{"href":"https:\/\/nbg.eu\/pt-pt\/wp-json\/wp\/v2\/media?parent=595916"}],"wp:term":[{"taxonomy":"product_brand","embeddable":true,"href":"https:\/\/nbg.eu\/pt-pt\/wp-json\/wp\/v2\/product_brand?post=595916"},{"taxonomy":"product_cat","embeddable":true,"href":"https:\/\/nbg.eu\/pt-pt\/wp-json\/wp\/v2\/product_cat?post=595916"},{"taxonomy":"product_tag","embeddable":true,"href":"https:\/\/nbg.eu\/pt-pt\/wp-json\/wp\/v2\/product_tag?post=595916"}],"curies":[{"name":"wp","href":"https:\/\/api.w.org\/{rel}","templated":true}]}}