{"id":60442,"date":"2024-02-15T07:17:14","date_gmt":"2024-02-15T07:17:14","guid":{"rendered":"https:\/\/nbg.eu\/product\/geissele-super-42-rifle-length-spring\/"},"modified":"2026-05-13T16:03:42","modified_gmt":"2026-05-13T13:03:42","slug":"geissele-super-42-rifle-length-spring","status":"publish","type":"product","link":"https:\/\/nbg.eu\/pt-pt\/produto\/geissele-super-42-rifle-length-spring\/","title":{"rendered":"Geissele Mola Super 42 Rifle Length"},"content":{"rendered":"<p>\nMelhore o desempenho do seu M-16\/AR-15 com a mola de comprimento de rifle Geissele Super 42. Seu design de tr\u00eas fios absorve energia e reduz falhas da mola. Oferece maior confiabilidade, menor som de vibra\u00e7\u00e3o e \u00e9 compat\u00edvel com buffers e tubos de comprimento padr\u00e3o para rifles. <\/p>\n","protected":false},"excerpt":{"rendered":"<p>Melhore o desempenho do AR-15 com a inovadora mola de 3 filamentos da Geissele.<\/p>\n","protected":false},"featured_media":60443,"template":"","meta":{"_acf_changed":false},"product_brand":[11397],"product_cat":[12537,12505,12498],"product_tag":[],"class_list":{"0":"post-60442","1":"product","2":"type-product","3":"status-publish","4":"has-post-thumbnail","6":"product_brand-geissele","7":"product_cat-espingarda","8":"product_cat-molas","9":"product_cat-tuning-de-espingarda","11":"first","12":"instock","13":"taxable","14":"shipping-taxable","15":"product-type-simple"},"acf":[],"_links":{"self":[{"href":"https:\/\/nbg.eu\/pt-pt\/wp-json\/wp\/v2\/product\/60442","targetHints":{"allow":["GET"]}}],"collection":[{"href":"https:\/\/nbg.eu\/pt-pt\/wp-json\/wp\/v2\/product"}],"about":[{"href":"https:\/\/nbg.eu\/pt-pt\/wp-json\/wp\/v2\/types\/product"}],"wp:featuredmedia":[{"embeddable":true,"href":"https:\/\/nbg.eu\/pt-pt\/wp-json\/wp\/v2\/media\/60443"}],"wp:attachment":[{"href":"https:\/\/nbg.eu\/pt-pt\/wp-json\/wp\/v2\/media?parent=60442"}],"wp:term":[{"taxonomy":"product_brand","embeddable":true,"href":"https:\/\/nbg.eu\/pt-pt\/wp-json\/wp\/v2\/product_brand?post=60442"},{"taxonomy":"product_cat","embeddable":true,"href":"https:\/\/nbg.eu\/pt-pt\/wp-json\/wp\/v2\/product_cat?post=60442"},{"taxonomy":"product_tag","embeddable":true,"href":"https:\/\/nbg.eu\/pt-pt\/wp-json\/wp\/v2\/product_tag?post=60442"}],"curies":[{"name":"wp","href":"https:\/\/api.w.org\/{rel}","templated":true}]}}