{"id":61997,"date":"2024-02-14T11:11:36","date_gmt":"2024-02-14T11:11:36","guid":{"rendered":"https:\/\/nbg.eu\/product\/geissele-super-dynamic-enhanced-sd-e-trigger\/"},"modified":"2026-05-13T15:10:47","modified_gmt":"2026-05-13T12:10:47","slug":"geissele-super-dynamic-enhanced-sd-e-trigger","status":"publish","type":"product","link":"https:\/\/nbg.eu\/pt-pt\/produto\/geissele-super-dynamic-enhanced-sd-e-trigger\/","title":{"rendered":"Geissele Gatilho Super Dynamic Enhanced (SD-E)"},"content":{"rendered":"<div class=\"product-description\">\n<h2>Gatilho Geissele Super Dynamic Enhanced (SD-E)<\/h2>\n<p>O Gatilho Geissele SD-E \u00e9 um gatilho de dois est\u00e1gios que inclui:<\/p>\n<ul>\n<li>Design de arco plano<\/li>\n<li>Mecanismo ajustado para controle<\/li>\n<li>Melhora na precis\u00e3o da arma<\/li>\n<li>Confiabilidade testada em combate<\/li>\n<\/ul>\n<p>O SD-E \u00e9 a vers\u00e3o de arco plano do SSA-E, oferecendo o mesmo desempenho. Seu design proporciona:<\/p>\n<ul>\n<li>Quebras precisas<\/li>\n<li>Peso de acionamento consistente<\/li>\n<li>Tiros de acompanhamento mais r\u00e1pidos<\/li>\n<\/ul>\n<p>Atualize sua arma de fogo com o Gatilho Geissele SD-E.<\/p>\n<\/div>\n","protected":false},"excerpt":{"rendered":"<p>Gatilho de arco plano de precis\u00e3o em 2 est\u00e1gios para maior controle e precis\u00e3o.<\/p>\n","protected":false},"featured_media":61998,"template":"","meta":{"_acf_changed":false},"product_brand":[11397],"product_cat":[12537,12549,12498],"product_tag":[],"class_list":{"0":"post-61997","1":"product","2":"type-product","3":"status-publish","4":"has-post-thumbnail","6":"product_brand-geissele","7":"product_cat-espingarda","8":"product_cat-gatilhos","9":"product_cat-tuning-de-espingarda","11":"first","12":"instock","13":"taxable","14":"shipping-taxable","15":"product-type-simple"},"acf":[],"_links":{"self":[{"href":"https:\/\/nbg.eu\/pt-pt\/wp-json\/wp\/v2\/product\/61997","targetHints":{"allow":["GET"]}}],"collection":[{"href":"https:\/\/nbg.eu\/pt-pt\/wp-json\/wp\/v2\/product"}],"about":[{"href":"https:\/\/nbg.eu\/pt-pt\/wp-json\/wp\/v2\/types\/product"}],"wp:featuredmedia":[{"embeddable":true,"href":"https:\/\/nbg.eu\/pt-pt\/wp-json\/wp\/v2\/media\/61998"}],"wp:attachment":[{"href":"https:\/\/nbg.eu\/pt-pt\/wp-json\/wp\/v2\/media?parent=61997"}],"wp:term":[{"taxonomy":"product_brand","embeddable":true,"href":"https:\/\/nbg.eu\/pt-pt\/wp-json\/wp\/v2\/product_brand?post=61997"},{"taxonomy":"product_cat","embeddable":true,"href":"https:\/\/nbg.eu\/pt-pt\/wp-json\/wp\/v2\/product_cat?post=61997"},{"taxonomy":"product_tag","embeddable":true,"href":"https:\/\/nbg.eu\/pt-pt\/wp-json\/wp\/v2\/product_tag?post=61997"}],"curies":[{"name":"wp","href":"https:\/\/api.w.org\/{rel}","templated":true}]}}