{"id":63065,"date":"2024-01-24T18:50:37","date_gmt":"2024-01-24T18:50:37","guid":{"rendered":"https:\/\/nbg.eu\/product\/iosso-cleaning-brush-2-sided-2-pk\/"},"modified":"2026-01-21T11:40:20","modified_gmt":"2026-01-21T08:40:20","slug":"iosso-cleaning-brush-2-sided-2-pk","status":"publish","type":"product","link":"https:\/\/nbg.eu\/pt-pt\/produto\/iosso-cleaning-brush-2-sided-2-pk\/","title":{"rendered":"Iosso Cleaning Brush 2 Sided &#8211; 2\/pk."},"content":{"rendered":"<p>\nO Escova de Limpeza Iosso 2 Lados &#8211; 2\/pacote tem cerdas de nylon resistentes para limpeza. Cada pacote inclui duas escovas com um lado largo e longo e um lado estreito. Pode ser usado com \u00d3leo de A\u00e7\u00e3o Tripla Iosso, Limpador de Cano ou Polidor de Metal. \u00datil para remover res\u00edduos de carbono e p\u00f3lvora em armas de fogo ou aplica\u00e7\u00f5es industriais.<\/p>\n","protected":false},"excerpt":{"rendered":"<p>Escova de nylon dupla face para limpeza vers\u00e1til. Pacote com 2 unidades.<\/p>\n","protected":false},"featured_media":63066,"template":"","meta":{"_acf_changed":false},"product_brand":[11485],"product_cat":[12496,12479],"product_tag":[],"class_list":{"0":"post-63065","1":"product","2":"type-product","3":"status-publish","4":"has-post-thumbnail","6":"product_brand-iosso","7":"product_cat-escovas","8":"product_cat-limpeza-de-armas","10":"first","11":"instock","12":"taxable","13":"shipping-taxable","14":"purchasable","15":"product-type-simple"},"acf":[],"_links":{"self":[{"href":"https:\/\/nbg.eu\/pt-pt\/wp-json\/wp\/v2\/product\/63065","targetHints":{"allow":["GET"]}}],"collection":[{"href":"https:\/\/nbg.eu\/pt-pt\/wp-json\/wp\/v2\/product"}],"about":[{"href":"https:\/\/nbg.eu\/pt-pt\/wp-json\/wp\/v2\/types\/product"}],"wp:featuredmedia":[{"embeddable":true,"href":"https:\/\/nbg.eu\/pt-pt\/wp-json\/wp\/v2\/media\/63066"}],"wp:attachment":[{"href":"https:\/\/nbg.eu\/pt-pt\/wp-json\/wp\/v2\/media?parent=63065"}],"wp:term":[{"taxonomy":"product_brand","embeddable":true,"href":"https:\/\/nbg.eu\/pt-pt\/wp-json\/wp\/v2\/product_brand?post=63065"},{"taxonomy":"product_cat","embeddable":true,"href":"https:\/\/nbg.eu\/pt-pt\/wp-json\/wp\/v2\/product_cat?post=63065"},{"taxonomy":"product_tag","embeddable":true,"href":"https:\/\/nbg.eu\/pt-pt\/wp-json\/wp\/v2\/product_tag?post=63065"}],"curies":[{"name":"wp","href":"https:\/\/api.w.org\/{rel}","templated":true}]}}