{"id":63181,"date":"2024-01-24T09:44:05","date_gmt":"2024-09-16T13:00:53","guid":{"rendered":"https:\/\/nbg.eu\/product\/iosso-triple-action-oil-solution\/"},"modified":"2026-05-13T16:01:36","modified_gmt":"2026-05-13T13:01:36","slug":"iosso-triple-action-oil-solution","status":"publish","type":"product","link":"https:\/\/nbg.eu\/pt-pt\/produto\/iosso-triple-action-oil-solution\/","title":{"rendered":"Iosso Triple Action Oil Solution"},"content":{"rendered":"<p>\nSolu\u00e7\u00e3o de \u00d3leo Iosso Triple Action: Limpa, lubrifica e protege armas de fogo com esta f\u00f3rmula biodegrad\u00e1vel \u00e0 base de plantas. Penetra para soltar p\u00f3lvora, carbono e bucha pl\u00e1stica. Lubrificante para pe\u00e7as e inibidor de corros\u00e3o. Funciona em temperaturas extremas at\u00e9 -74F(-65C). Ecol\u00f3gico para limpeza do cano e manuten\u00e7\u00e3o de armas.<\/p>\n","protected":false},"excerpt":{"rendered":"<p>\u00d3leo ecol\u00f3gico limpa, lubrifica e protege armas de fogo de forma eficaz.<\/p>\n","protected":false},"featured_media":107621,"template":"","meta":{"_acf_changed":false},"product_brand":[11485],"product_cat":[12479,12492,12552],"product_tag":[],"class_list":{"0":"post-63181","1":"product","2":"type-product","3":"status-publish","4":"has-post-thumbnail","6":"product_brand-iosso","7":"product_cat-limpeza-de-armas","8":"product_cat-lubrificantes","9":"product_cat-produtos-de-limpeza","11":"first","12":"instock","13":"taxable","14":"shipping-taxable","15":"purchasable","16":"product-type-variable","17":"wvs-archive-product-wrapper"},"acf":[],"_links":{"self":[{"href":"https:\/\/nbg.eu\/pt-pt\/wp-json\/wp\/v2\/product\/63181","targetHints":{"allow":["GET"]}}],"collection":[{"href":"https:\/\/nbg.eu\/pt-pt\/wp-json\/wp\/v2\/product"}],"about":[{"href":"https:\/\/nbg.eu\/pt-pt\/wp-json\/wp\/v2\/types\/product"}],"wp:featuredmedia":[{"embeddable":true,"href":"https:\/\/nbg.eu\/pt-pt\/wp-json\/wp\/v2\/media\/107621"}],"wp:attachment":[{"href":"https:\/\/nbg.eu\/pt-pt\/wp-json\/wp\/v2\/media?parent=63181"}],"wp:term":[{"taxonomy":"product_brand","embeddable":true,"href":"https:\/\/nbg.eu\/pt-pt\/wp-json\/wp\/v2\/product_brand?post=63181"},{"taxonomy":"product_cat","embeddable":true,"href":"https:\/\/nbg.eu\/pt-pt\/wp-json\/wp\/v2\/product_cat?post=63181"},{"taxonomy":"product_tag","embeddable":true,"href":"https:\/\/nbg.eu\/pt-pt\/wp-json\/wp\/v2\/product_tag?post=63181"}],"curies":[{"name":"wp","href":"https:\/\/api.w.org\/{rel}","templated":true}]}}