{"id":63561,"date":"2024-01-23T18:50:53","date_gmt":"2024-09-16T13:21:22","guid":{"rendered":"https:\/\/nbg.eu\/product\/iosso-case-polish\/"},"modified":"2026-05-13T15:12:02","modified_gmt":"2026-05-13T12:12:02","slug":"iosso-case-polish","status":"publish","type":"product","link":"https:\/\/nbg.eu\/pt-pt\/produto\/iosso-case-polish\/","title":{"rendered":"Iosso Case Polish"},"content":{"rendered":"<p>\nPolidor de Estojos Iosso: Solu\u00e7\u00e3o para estojos de lat\u00e3o<\/p>\n<ul>\n<li>Limpa e d\u00e1 brilho<\/li>\n<li>Remove sujeira, res\u00edduos e oxida\u00e7\u00e3o<\/li>\n<li>Reduz o tempo de polimento<\/li>\n<li>Protege contra oxida\u00e7\u00e3o futura<\/li>\n<li>Nova f\u00f3rmula de base biol\u00f3gica<\/li>\n<li>Seguro para usu\u00e1rios e meio ambiente<\/li>\n<\/ul>\n<p>Obtenha um acabamento como novo em seus estojos de lat\u00e3o com o Polidor de Estojos Iosso. Adequado para estojos sujos ou pr\u00e9-limpos.<\/p>\n","protected":false},"excerpt":{"rendered":"<p>Polidor de Estojos Iosso: Restaura estojos de lat\u00e3o para um brilho intenso.<\/p>\n","protected":false},"featured_media":102454,"template":"","meta":{"_acf_changed":false},"product_brand":[11485],"product_cat":[12480,12523],"product_tag":[],"class_list":{"0":"post-63561","1":"product","2":"type-product","3":"status-publish","4":"has-post-thumbnail","6":"product_brand-iosso","7":"product_cat-preparacao-de-estojos","8":"product_cat-recarga","10":"first","11":"instock","12":"taxable","13":"shipping-taxable","14":"purchasable","15":"product-type-variable","16":"wvs-archive-product-wrapper"},"acf":[],"_links":{"self":[{"href":"https:\/\/nbg.eu\/pt-pt\/wp-json\/wp\/v2\/product\/63561","targetHints":{"allow":["GET"]}}],"collection":[{"href":"https:\/\/nbg.eu\/pt-pt\/wp-json\/wp\/v2\/product"}],"about":[{"href":"https:\/\/nbg.eu\/pt-pt\/wp-json\/wp\/v2\/types\/product"}],"wp:featuredmedia":[{"embeddable":true,"href":"https:\/\/nbg.eu\/pt-pt\/wp-json\/wp\/v2\/media\/102454"}],"wp:attachment":[{"href":"https:\/\/nbg.eu\/pt-pt\/wp-json\/wp\/v2\/media?parent=63561"}],"wp:term":[{"taxonomy":"product_brand","embeddable":true,"href":"https:\/\/nbg.eu\/pt-pt\/wp-json\/wp\/v2\/product_brand?post=63561"},{"taxonomy":"product_cat","embeddable":true,"href":"https:\/\/nbg.eu\/pt-pt\/wp-json\/wp\/v2\/product_cat?post=63561"},{"taxonomy":"product_tag","embeddable":true,"href":"https:\/\/nbg.eu\/pt-pt\/wp-json\/wp\/v2\/product_tag?post=63561"}],"curies":[{"name":"wp","href":"https:\/\/api.w.org\/{rel}","templated":true}]}}