{"id":65354,"date":"2024-09-19T17:15:31","date_gmt":"2024-09-19T14:15:31","guid":{"rendered":"https:\/\/nbg.eu\/?post_type=product&#038;p=65354"},"modified":"2026-05-13T17:05:07","modified_gmt":"2026-05-13T14:05:07","slug":"rh-frogy-owb-holster-copy","status":"publish","type":"product","link":"https:\/\/nbg.eu\/pt-pt\/produto\/rh-frogy-owb-holster-copy\/","title":{"rendered":"RH OWB Classics Holster"},"content":{"rendered":"<div class=\"product-description\">\n<h2>Coldre RH OWB Cl\u00e1ssico<\/h2>\n<p>O Coldre RH OWB Cl\u00e1ssico \u00e9 uma op\u00e7\u00e3o para porte di\u00e1rio. Feito de couro com costura, este coldre para uso fora da cintura oferece:<\/p>\n<ul>\n<li>Constru\u00e7\u00e3o dur\u00e1vel para uso prolongado<\/li>\n<li>Ajuste confort\u00e1vel para uso durante todo o dia<\/li>\n<li>Reten\u00e7\u00e3o segura para manter a arma no lugar<\/li>\n<li>Saque r\u00e1pido e f\u00e1cil<\/li>\n<li>Design cl\u00e1ssico<\/li>\n<\/ul>\n<p>Dispon\u00edvel para v\u00e1rios modelos de armas de m\u00e3o, o Coldre RH OWB Cl\u00e1ssico \u00e9 adequado para porte velado, pr\u00e1tica de tiro ou porte ostensivo. Este coldre \u00e9 utilizado por entusiastas de armas de fogo h\u00e1 anos.<\/p>\n<\/div>\n","protected":false},"excerpt":{"rendered":"<p>Coldre OWB seguro e confort\u00e1vel para armas de fogo cl\u00e1ssicas. Design dur\u00e1vel.<\/p>\n","protected":false},"featured_media":65458,"template":"","meta":{"_acf_changed":false},"product_brand":[11642],"product_cat":[12543,12524,12510],"product_tag":[],"class_list":{"0":"post-65354","1":"product","2":"type-product","3":"status-publish","4":"has-post-thumbnail","6":"product_brand-rh-holsters","7":"product_cat-coldre","8":"product_cat-coldre-desportivo","9":"product_cat-coldre-tatico","10":"pa_belt-size-40mm-pt-pt","11":"pa_light-streamlight-tlr-1","12":"pa_light-surefire-x300-ultra-a-pt-pt","13":"pa_light-surefire-x300u","14":"pa_light-without-light-pt-pt","15":"pa_model-1911-pt-pt","16":"pa_model-beretta-92fs-pt-pt","17":"pa_model-beretta-92x-pt-pt-2","18":"pa_model-cz-75-b-pt-pt","19":"pa_model-glock-19-17","20":"pa_model-glock-19-23-32-pt-pt","21":"pa_model-glock-43x-pt-pt-2","22":"pa_model-hk45-pt-pt-2","23":"pa_model-sig-sauer-p226-bez-railu-pt-pt","24":"pa_strong-hand-right-pt-pt","26":"first","27":"instock","28":"taxable","29":"shipping-taxable","30":"purchasable","31":"product-type-variable","32":"wvs-archive-product-wrapper"},"acf":[],"_links":{"self":[{"href":"https:\/\/nbg.eu\/pt-pt\/wp-json\/wp\/v2\/product\/65354","targetHints":{"allow":["GET"]}}],"collection":[{"href":"https:\/\/nbg.eu\/pt-pt\/wp-json\/wp\/v2\/product"}],"about":[{"href":"https:\/\/nbg.eu\/pt-pt\/wp-json\/wp\/v2\/types\/product"}],"wp:featuredmedia":[{"embeddable":true,"href":"https:\/\/nbg.eu\/pt-pt\/wp-json\/wp\/v2\/media\/65458"}],"wp:attachment":[{"href":"https:\/\/nbg.eu\/pt-pt\/wp-json\/wp\/v2\/media?parent=65354"}],"wp:term":[{"taxonomy":"product_brand","embeddable":true,"href":"https:\/\/nbg.eu\/pt-pt\/wp-json\/wp\/v2\/product_brand?post=65354"},{"taxonomy":"product_cat","embeddable":true,"href":"https:\/\/nbg.eu\/pt-pt\/wp-json\/wp\/v2\/product_cat?post=65354"},{"taxonomy":"product_tag","embeddable":true,"href":"https:\/\/nbg.eu\/pt-pt\/wp-json\/wp\/v2\/product_tag?post=65354"}],"curies":[{"name":"wp","href":"https:\/\/api.w.org\/{rel}","templated":true}]}}