{"id":672177,"date":"2025-11-17T17:17:59","date_gmt":"2025-11-17T14:17:59","guid":{"rendered":"https:\/\/nbg.eu\/product\/camera-termica-nocpix-vista-s50r-com-lrf-1280x1024-15mk-netd\/"},"modified":"2026-04-14T16:14:08","modified_gmt":"2026-04-14T13:14:08","slug":"camera-termica-nocpix-vista-s50r-com-lrf-1280x1024-15mk-netd","status":"publish","type":"product","link":"https:\/\/nbg.eu\/pt-pt\/produto\/camera-termica-nocpix-vista-s50r-com-lrf-1280x1024-15mk-netd\/","title":{"rendered":"Nocpix C\u00e2mara T\u00e9rmica VISTA S50R LRF"},"content":{"rendered":"<h2>C\u00e2mera T\u00e9rmica Nocpix VISTA S50R com LRF 1280&#215;1024 \u226415mK NETD<\/h2>\n<p>O sistema Vision+ da Vista, com sua tela AMOLED de 2560\u00d72560 e di\u00e2metro de pupila de sa\u00edda de 8 mm, oferece uma experi\u00eancia de visualiza\u00e7\u00e3o imersiva. Equipada com um sensor superior e LRF integrado, a Vista entrega o melhor desempenho do setor. Seu design amig\u00e1vel e solu\u00e7\u00e3o de bateria aprimorada a tornam a companheira ideal para superar desafios ao ar livre.<\/p>\n<h2>Sistema Vision+: Vis\u00e3o Imersiva<\/h2>\n<p>Um display AMOLED circular de 2560\u00d72560 otimiza a efici\u00eancia espacial, entregando imagens v\u00edvidas. Com um di\u00e2metro de pupila de sa\u00edda de 8 mm e o modo Pure Vision, a Vista oferece uma experi\u00eancia de visualiza\u00e7\u00e3o confort\u00e1vel e imersiva.<\/p>\n<h2>Sensor superior: qualidade de imagem de primeira classe<\/h2>\n<p>Nosso sensor NETD \u226415mk 1280\u00d71024@12\u03bcm, desenvolvido internamente, garante alta qualidade de imagem e desempenho est\u00e1vel. Silhuetas de animais, anatomia e caracter\u00edsticas comportamentais tornam-se facilmente distingu\u00edveis.<\/p>\n<h2>LRF integrado: precis\u00e3o e portabilidade<\/h2>\n<p>Nosso tel\u00eametro de 2 em 1 (LRF 1200m) combina harmoniosamente est\u00e9tica e alinhamento preciso do eixo \u00f3ptico. Esse design leve e compacto garante uso m\u00ednimo da \u00e1rea da lente, mantendo uma qualidade de imagem impec\u00e1vel.<\/p>\n<h2>Taxa de quadros de 60Hz: captura de movimento suave<\/h2>\n<p>Equipada com um detector de 60Hz, a Vista oferece superioridade na suavidade, permitindo a captura precisa de animais em movimento e cenas de alta velocidade. Este importante upgrade em rela\u00e7\u00e3o aos 50Hz proporciona visualiza\u00e7\u00f5es mais suaves e precisas.<\/p>\n<h2>Lente F0.9: Captura de Luz Aprimorada<\/h2>\n<p>A lente F0.9 \u00e9 projetada para melhorar a recep\u00e7\u00e3o de luz em 20%, melhorando significativamente o brilho e a qualidade da imagem em compara\u00e7\u00e3o com as lentes tradicionais F1.0. Este avan\u00e7o garante que cada detalhe seja brilhantemente claro, tornando a Vista a companheira ideal para observa\u00e7\u00f5es noturnas.<\/p>\n<h2>Carregamento flex\u00edvel: Baterias substitu\u00edveis para opera\u00e7\u00e3o prolongada<\/h2>\n<p>A Vista oferece duas op\u00e7\u00f5es de carregamento: baterias intercambi\u00e1veis IBP-7\/4400mAh que podem ser facilmente trocadas, ou carregamento direto por meio da porta integrada. Isso garante opera\u00e7\u00e3o cont\u00ednua, para que voc\u00ea possa se concentrar na ca\u00e7a sem problemas com a bateria.<\/p>\n<h2>Amplo campo de vis\u00e3o: Consci\u00eancia aprimorada da cena<\/h2>\n<p>Com sua superior magnifica\u00e7\u00e3o prim\u00e1ria de 2X e um campo de vis\u00e3o expansivo, a Vista S50R oferece uma perspectiva excepcional de seu entorno. Isso permite que voc\u00ea identifique e monitore v\u00e1rios alvos com facilidade em grandes paisagens, garantindo que cada movimento seja capturado com clareza.<\/p>\n<h2>Diferentes paletas de cores<\/h2>\n<p>A Vista oferece 7 paletas de cores diferentes, incluindo modos monocrom\u00e1ticos vermelho e verde puro. Essas op\u00e7\u00f5es amig\u00e1veis aos olhos ajudam a reduzir a fadiga visual, garantindo uso prolongado sem estresse.<\/p>\n<h2>Design amig\u00e1vel ao usu\u00e1rio<\/h2>\n<p>Os bot\u00f5es silenciosos da Vista garantem uso discreto no escuro, enquanto a m\u00e1scara ocular rotativa evita o vazamento de luz, mantendo sua presen\u00e7a oculta dos animais. O revestimento de textura leatherette TPU envolto proporciona um aperto confort\u00e1vel, tornando o uso prolongado uma tarefa f\u00e1cil.<\/p>\n","protected":false},"excerpt":{"rendered":"<p>Nocpix VISTA S50R com LRF 1280&#215;1024 &lt;15mK NETD: Tela AMOLED imersiva de 2560&#215;2560, sensor superior de 1280&#215;1024, LRF integrado, lente F0.9, taxa de quadros de 60Hz, carregamento flex\u00edvel, amplo campo de vis\u00e3o e design amig\u00e1vel ao usu\u00e1rio.<\/p>\n","protected":false},"featured_media":672235,"template":"","meta":{"_acf_changed":false},"product_brand":[14460],"product_cat":[12508,16094],"product_tag":[],"class_list":{"0":"post-672177","1":"product","2":"type-product","3":"status-publish","4":"has-post-thumbnail","6":"product_brand-nocpix","7":"product_cat-termico","8":"product_cat-thermal-cameras-pt-pt","10":"first","11":"instock","12":"taxable","13":"shipping-taxable","14":"purchasable","15":"product-type-simple"},"acf":[],"_links":{"self":[{"href":"https:\/\/nbg.eu\/pt-pt\/wp-json\/wp\/v2\/product\/672177","targetHints":{"allow":["GET"]}}],"collection":[{"href":"https:\/\/nbg.eu\/pt-pt\/wp-json\/wp\/v2\/product"}],"about":[{"href":"https:\/\/nbg.eu\/pt-pt\/wp-json\/wp\/v2\/types\/product"}],"wp:featuredmedia":[{"embeddable":true,"href":"https:\/\/nbg.eu\/pt-pt\/wp-json\/wp\/v2\/media\/672235"}],"wp:attachment":[{"href":"https:\/\/nbg.eu\/pt-pt\/wp-json\/wp\/v2\/media?parent=672177"}],"wp:term":[{"taxonomy":"product_brand","embeddable":true,"href":"https:\/\/nbg.eu\/pt-pt\/wp-json\/wp\/v2\/product_brand?post=672177"},{"taxonomy":"product_cat","embeddable":true,"href":"https:\/\/nbg.eu\/pt-pt\/wp-json\/wp\/v2\/product_cat?post=672177"},{"taxonomy":"product_tag","embeddable":true,"href":"https:\/\/nbg.eu\/pt-pt\/wp-json\/wp\/v2\/product_tag?post=672177"}],"curies":[{"name":"wp","href":"https:\/\/api.w.org\/{rel}","templated":true}]}}