{"id":673429,"date":"2025-11-17T17:24:54","date_gmt":"2025-11-17T14:24:54","guid":{"rendered":"https:\/\/nbg.eu\/product\/camera-termica-nocpix-vista-h50r-com-lrf-50mm-12um-640x512-15mk-netd\/"},"modified":"2026-04-14T16:14:05","modified_gmt":"2026-04-14T13:14:05","slug":"camera-termica-nocpix-vista-h50r-com-lrf-50mm-12um-640x512-15mk-netd","status":"publish","type":"product","link":"https:\/\/nbg.eu\/pt-pt\/produto\/camera-termica-nocpix-vista-h50r-com-lrf-50mm-12um-640x512-15mk-netd\/","title":{"rendered":"Nocpix C\u00e2mara T\u00e9rmica VISTA H50R LRF"},"content":{"rendered":"<h2>Nocpix VISTA H50R &#8211; C\u00e2mera de Imageamento T\u00e9rmico com Medidor a Laser<\/h2>\n<p>A Nocpix VISTA H50R \u00e9 uma c\u00e2mera de imageamento t\u00e9rmico de ponta com um medidor a laser incorporado (LRF) projetado para uso diurno e noturno. Ela entrega qualidade de imagem excepcional mesmo em condi\u00e7\u00f5es clim\u00e1ticas dif\u00edceis como neblina, fuma\u00e7a e chuva e pode detectar alvos atrav\u00e9s de obst\u00e1culos como galhos, grama alta e vegeta\u00e7\u00e3o densa que normalmente obstruem a visibilidade.<\/p>\n<p>A VISTA H50R \u00e9 altamente vers\u00e1til e adequada para uma variedade de aplica\u00e7\u00f5es, incluindo ca\u00e7a, seguran\u00e7a, vigil\u00e2ncia, navega\u00e7\u00e3o de terreno e opera\u00e7\u00f5es de busca e resgate. Sua tecnologia t\u00e9rmica avan\u00e7ada garante desempenho confi\u00e1vel, entregando imagens claras e medi\u00e7\u00f5es precisas em ambientes desafiadores.<\/p>\n<h2>Especifica\u00e7\u00f5es:<\/h2>\n<p>Resolu\u00e7\u00e3o: 640 x 512<br \/>\nTamanho de pixel: 12<br \/>\nNETD, mK: \u226415<br \/>\nTaxa de quadros: 50<br \/>\nLente: 50mm F0.9<br \/>\nCampo de vis\u00e3o: 8.8 x 7.0<br \/>\nCampo de vis\u00e3o (linear): 15 x 12<br \/>\nAmplia\u00e7\u00e3o: 4~40<br \/>\nAlcance de detec\u00e7\u00e3o: 2600<br \/>\nDist\u00e2ncia dos olhos: 25<br \/>\nDi\u00e2metro da pupila de sa\u00edda: 8<br \/>\nDioptria: -4 ~ +6<br \/>\nTipo de tela: AMOLED<br \/>\nResolu\u00e7\u00e3o da tela: 2560 x 2560<br \/>\nBateria: Bateria de \u00edon de l\u00edtio recarreg\u00e1vel IBP-7 \/ 4400mAh<br \/>\nTempo m\u00e1ximo de opera\u00e7\u00e3o: 5.5<br \/>\nDist\u00e2ncia de medi\u00e7\u00e3o a laser: 1200<br \/>\nLaser: Classe 1<br \/>\nWi-Fi\/App: SIM<br \/>\nMicrofone: SIM<br \/>\nCapacidade de mem\u00f3ria: 64GB<br \/>\nClassifica\u00e7\u00e3o IP: IP67<br \/>\nTemperatura m\u00e1xima de opera\u00e7\u00e3o: -20 ~ +50<br \/>\nPeso (on\u00e7as): 22.93<br \/>\nPeso (g): 650<br \/>\nDimens\u00f5es (pol): 7.64 x 2.76 x 3.23<br \/>\nDimens\u00f5es (mm): 194 x 70 x 82<\/p>\n<p>Detector de 640\u00d7512 12\u03bcm<br \/>\nNETD\u226415mK<br \/>\nTaxa de quadros de 60Hz<br \/>\nLente F0.9<br \/>\nTela AMOLED circular de 2560\u00d72560<br \/>\nBateria recarreg\u00e1vel IBP-7 de troca r\u00e1pida<br \/>\nZoom digital suave: 1\u00d7~8\u00d7<br \/>\nModo ultra limpo<br \/>\nProte\u00e7\u00e3o ocular com baixa luminosidade, paleta de cores e tom quente<br \/>\nEstabiliza\u00e7\u00e3o eletr\u00f4nica de imagem<\/p>\n","protected":false},"excerpt":{"rendered":"<p>A c\u00e2mera t\u00e9rmica Nocpix VISTA H50R \u00e9 de 640&#215;512 pixels com 12um de resolu\u00e7\u00e3o, NETD \u226415mK, lente de 50mm F0.9, e tel\u00eametro a laser integrado, para ca\u00e7a, seguran\u00e7a e outras aplica\u00e7\u00f5es.<\/p>\n<p>Se o item n\u00e3o estiver dispon\u00edvel, entre em contato conosco: shop@nbg.eu ou +359896147790<\/p>\n","protected":false},"featured_media":673779,"template":"","meta":{"_acf_changed":false},"product_brand":[14460],"product_cat":[12508,16094],"product_tag":[],"class_list":{"0":"post-673429","1":"product","2":"type-product","3":"status-publish","4":"has-post-thumbnail","6":"product_brand-nocpix","7":"product_cat-termico","8":"product_cat-thermal-cameras-pt-pt","10":"first","11":"instock","12":"taxable","13":"shipping-taxable","14":"purchasable","15":"product-type-simple"},"acf":[],"_links":{"self":[{"href":"https:\/\/nbg.eu\/pt-pt\/wp-json\/wp\/v2\/product\/673429","targetHints":{"allow":["GET"]}}],"collection":[{"href":"https:\/\/nbg.eu\/pt-pt\/wp-json\/wp\/v2\/product"}],"about":[{"href":"https:\/\/nbg.eu\/pt-pt\/wp-json\/wp\/v2\/types\/product"}],"wp:featuredmedia":[{"embeddable":true,"href":"https:\/\/nbg.eu\/pt-pt\/wp-json\/wp\/v2\/media\/673779"}],"wp:attachment":[{"href":"https:\/\/nbg.eu\/pt-pt\/wp-json\/wp\/v2\/media?parent=673429"}],"wp:term":[{"taxonomy":"product_brand","embeddable":true,"href":"https:\/\/nbg.eu\/pt-pt\/wp-json\/wp\/v2\/product_brand?post=673429"},{"taxonomy":"product_cat","embeddable":true,"href":"https:\/\/nbg.eu\/pt-pt\/wp-json\/wp\/v2\/product_cat?post=673429"},{"taxonomy":"product_tag","embeddable":true,"href":"https:\/\/nbg.eu\/pt-pt\/wp-json\/wp\/v2\/product_tag?post=673429"}],"curies":[{"name":"wp","href":"https:\/\/api.w.org\/{rel}","templated":true}]}}