{"id":673797,"date":"2025-11-17T17:24:57","date_gmt":"2025-11-17T14:24:57","guid":{"rendered":"https:\/\/nbg.eu\/product\/camera-termica-nocpix-vista-h35r-com-lrf-35mm-12um-640x512-15mk-net\/"},"modified":"2026-04-14T16:14:02","modified_gmt":"2026-04-14T13:14:02","slug":"camera-termica-nocpix-vista-h35r-com-lrf-35mm-12um-640x512-15mk-net","status":"publish","type":"product","link":"https:\/\/nbg.eu\/pt-pt\/produto\/camera-termica-nocpix-vista-h35r-com-lrf-35mm-12um-640x512-15mk-net\/","title":{"rendered":"Nocpix C\u00e2mara T\u00e9rmica VISTA H35R LRF"},"content":{"rendered":"<h2>Monocular T\u00e9rmico Nocpix VISTA H35R com Tel\u00eametro a Laser<\/h2>\n<p>O Nocpix VISTA H35R \u00e9 um monocular t\u00e9rmico multiuso equipado com um tel\u00eametro a laser (LRF) integrado, projetado para uso confi\u00e1vel tanto durante o dia quanto \u00e0 noite. Este dispositivo avan\u00e7ado oferece um desempenho excepcional de imageamento t\u00e9rmico, fornecendo imagens claras e detalhadas, mesmo em condi\u00e7\u00f5es clim\u00e1ticas desafiadoras, como neblina, fuma\u00e7a e chuva. Ele \u00e9 capaz de detectar alvos atrav\u00e9s de obst\u00e1culos, como galhos, grama alta e vegeta\u00e7\u00e3o densa, garantindo uma opera\u00e7\u00e3o eficaz em ambientes onde as \u00f3pticas tradicionais s\u00e3o inadequadas.<\/p>\n<p>Ideal para uma variedade de aplica\u00e7\u00f5es, o VISTA H35R \u00e9 perfeito para ca\u00e7a, vigil\u00e2ncia, seguran\u00e7a, navega\u00e7\u00e3o em terrenos e miss\u00f5es de busca e resgate. Com sua tecnologia de ponta e constru\u00e7\u00e3o dur\u00e1vel, o VISTA H35R garante detec\u00e7\u00e3o e medi\u00e7\u00e3o precisas nas condi\u00e7\u00f5es mais dif\u00edceis.<\/p>\n<h2>Especifica\u00e7\u00f5es<\/h2>\n<p>Resolu\u00e7\u00e3o: 640 x 512<br \/>\nTamanho do pixel: 12<br \/>\nNETD, mK: \u226415<br \/>\nTaxa de quadros: 50<br \/>\nLente: 35mm F0.9<br \/>\nCampo de vis\u00e3o: 12.5 x 10.0<br \/>\nCampo de vis\u00e3o (linear): 22 x 18<br \/>\nAmplia\u00e7\u00e3o: 3~28<br \/>\nAlcance de detec\u00e7\u00e3o: 1800<br \/>\nDist\u00e2ncia dos olhos: 25<br \/>\nDi\u00e2metro da pupila de sa\u00edda: 8<br \/>\nDioptria: -4 ~ +6<br \/>\nTipo de display: AMOLED<br \/>\nResolu\u00e7\u00e3o do display: 2560 x 2560<br \/>\nBateria: Bateria de \u00edon de l\u00edtio substitu\u00edvel IBP-7 \/ 4400mAh<br \/>\nTempo m\u00e1ximo de opera\u00e7\u00e3o: 5.5<br \/>\nAlcance da telemetria a laser: 1200<br \/>\nLaser: Classe 1<br \/>\nWi-Fi\/App: SIM<br \/>\nMicrofone: SIM<br \/>\nCapacidade de mem\u00f3ria: 64GB<br \/>\nClassifica\u00e7\u00e3o IP: IP67<br \/>\nTemperatura m\u00e1xima de opera\u00e7\u00e3o: -20 ~ +50<br \/>\nPeso (on\u00e7as): 22.58<br \/>\nPeso (g): 640<br \/>\nDimens\u00f5es (pol): 7.48 x 2.64 x 3.11<br \/>\nDimens\u00f5es (mm): 190 x 67 x 79<\/p>\n<h2>Recursos<\/h2>\n<p>Detector de 640\u00d7512 12\u03bcm<br \/>\nNETD\u226415mK<br \/>\nTaxa de quadros alta de 60Hz<br \/>\nLente F0.9<br \/>\nDisplay circular AMOLED 2560\u00d72560<br \/>\nBateria recarreg\u00e1vel IBP-7 de troca r\u00e1pida<br \/>\nZoom digital suave: 1\u00d7~8\u00d7<br \/>\nModo ultra limpo<br \/>\nProte\u00e7\u00e3o ocular com baixa luminosidade, paleta de cores e tom quente<br \/>\nEstabiliza\u00e7\u00e3o eletr\u00f4nica de imagem<\/p>\n","protected":false},"excerpt":{"rendered":"<p>C\u00e2mera t\u00e9rmica Nocpix VISTA H35R com 35mm 12um 640\u00d7512 &lt;15mk NET e LRF, para uso confi\u00e1vel dia\/noite em condi\u00e7\u00f5es desafiadoras.<\/p>\n","protected":false},"featured_media":673830,"template":"","meta":{"_acf_changed":false},"product_brand":[14460],"product_cat":[12508,16094],"product_tag":[],"class_list":{"0":"post-673797","1":"product","2":"type-product","3":"status-publish","4":"has-post-thumbnail","6":"product_brand-nocpix","7":"product_cat-termico","8":"product_cat-thermal-cameras-pt-pt","10":"first","11":"instock","12":"taxable","13":"shipping-taxable","14":"purchasable","15":"product-type-simple"},"acf":[],"_links":{"self":[{"href":"https:\/\/nbg.eu\/pt-pt\/wp-json\/wp\/v2\/product\/673797","targetHints":{"allow":["GET"]}}],"collection":[{"href":"https:\/\/nbg.eu\/pt-pt\/wp-json\/wp\/v2\/product"}],"about":[{"href":"https:\/\/nbg.eu\/pt-pt\/wp-json\/wp\/v2\/types\/product"}],"wp:featuredmedia":[{"embeddable":true,"href":"https:\/\/nbg.eu\/pt-pt\/wp-json\/wp\/v2\/media\/673830"}],"wp:attachment":[{"href":"https:\/\/nbg.eu\/pt-pt\/wp-json\/wp\/v2\/media?parent=673797"}],"wp:term":[{"taxonomy":"product_brand","embeddable":true,"href":"https:\/\/nbg.eu\/pt-pt\/wp-json\/wp\/v2\/product_brand?post=673797"},{"taxonomy":"product_cat","embeddable":true,"href":"https:\/\/nbg.eu\/pt-pt\/wp-json\/wp\/v2\/product_cat?post=673797"},{"taxonomy":"product_tag","embeddable":true,"href":"https:\/\/nbg.eu\/pt-pt\/wp-json\/wp\/v2\/product_tag?post=673797"}],"curies":[{"name":"wp","href":"https:\/\/api.w.org\/{rel}","templated":true}]}}