{"id":673992,"date":"2025-11-17T17:25:01","date_gmt":"2025-11-17T14:25:01","guid":{"rendered":"https:\/\/nbg.eu\/product\/mira-termica-nocpix-slim-l35\/"},"modified":"2026-04-14T16:13:59","modified_gmt":"2026-04-14T13:13:59","slug":"mira-termica-nocpix-slim-l35","status":"publish","type":"product","link":"https:\/\/nbg.eu\/pt-pt\/produto\/mira-termica-nocpix-slim-l35\/","title":{"rendered":"Nocpix Mira T\u00e9rmica Slim L35"},"content":{"rendered":"<h2>Mira T\u00e9rmica Nocpix Slim L35: Desempenho de Ca\u00e7a Incompar\u00e1vel<\/h2>\n<p>Apresentando a s\u00e9rie SLIM de lunetas: um monocular manual ou luneta 3,5x (L35) 2 em 1. Escolha entre dois n\u00facleos de alto desempenho, desfrute de um display OLED de 1024&#215;768 e se beneficie de uma bateria 18650 substitu\u00edvel para 10 horas de energia. Capture cada momento com grava\u00e7\u00e3o de impacto, garantindo que nenhum quadro seja perdido.<\/p>\n<p>Mude sem problemas da mira manual para a mira \u00f3tica sem precisar reajustar, gra\u00e7as ao design 2 em 1 com montagem QD. Aproveite a visualiza\u00e7\u00e3o sem fadiga com um display AMOLED de 1024&#215;768, novo design da ocular e um di\u00e2metro de sa\u00edda da pupila confort\u00e1vel de 10 mm. Pesando apenas 500 g, este design ultralight torna o uso prolongado f\u00e1cil, mantendo voc\u00ea \u00e1gil no campo.<\/p>\n<p>Op\u00e7\u00f5es principais de alto desempenho \u2014 384\u00d7288@12\u03bcm ou 640\u00d7512@12\u03bcm, NETD\u226418 mK fornecem qualidade de imagem incompar\u00e1vel, garantindo que cada detalhe seja captado com surpreendente clareza, independentemente das condi\u00e7\u00f5es de ca\u00e7a. Com o poder adicional da tecnologia Reality+, o Slim alcan\u00e7a qualidade de imagem que supera outras marcas com sensores na mesma classe.<\/p>\n<p>Nunca perca um tiro com o recurso RAV, que permite reviver e compartilhar seus momentos de ca\u00e7a mais emocionantes. Continue ca\u00e7ando com uma bateria 18650 remov\u00edvel e resistente a baixas temperaturas que oferece at\u00e9 8 horas de tempo de espera, mesmo em condi\u00e7\u00f5es extremas. Com uma magnifica\u00e7\u00e3o prim\u00e1ria de 3,5x, o SLIM L35 \u00e9 sua escolha para ca\u00e7a de longo alcance, tornando a ca\u00e7a de coiote mais precisa e eficaz.<\/p>\n","protected":false},"excerpt":{"rendered":"<p>O telesc\u00f3pio da s\u00e9rie SLIM: um MONOCULAR manual 2-em-1 ou um telesc\u00f3pio 3.5x (L35) com OLED 1024&#215;768, bateria 18650, grava\u00e7\u00e3o de impacto, sensor t\u00e9rmico e flexibilidade de troca r\u00e1pida.<\/p>\n<p>Se o item n\u00e3o estiver dispon\u00edvel, entre em contato conosco: shop@nbg.eu ou +359896147790<\/p>\n","protected":false},"featured_media":674726,"template":"","meta":{"_acf_changed":false},"product_brand":[14460],"product_cat":[16094],"product_tag":[],"class_list":{"0":"post-673992","1":"product","2":"type-product","3":"status-publish","4":"has-post-thumbnail","6":"product_brand-nocpix","7":"product_cat-thermal-cameras-pt-pt","9":"first","10":"instock","11":"taxable","12":"shipping-taxable","13":"purchasable","14":"product-type-simple"},"acf":[],"_links":{"self":[{"href":"https:\/\/nbg.eu\/pt-pt\/wp-json\/wp\/v2\/product\/673992","targetHints":{"allow":["GET"]}}],"collection":[{"href":"https:\/\/nbg.eu\/pt-pt\/wp-json\/wp\/v2\/product"}],"about":[{"href":"https:\/\/nbg.eu\/pt-pt\/wp-json\/wp\/v2\/types\/product"}],"wp:featuredmedia":[{"embeddable":true,"href":"https:\/\/nbg.eu\/pt-pt\/wp-json\/wp\/v2\/media\/674726"}],"wp:attachment":[{"href":"https:\/\/nbg.eu\/pt-pt\/wp-json\/wp\/v2\/media?parent=673992"}],"wp:term":[{"taxonomy":"product_brand","embeddable":true,"href":"https:\/\/nbg.eu\/pt-pt\/wp-json\/wp\/v2\/product_brand?post=673992"},{"taxonomy":"product_cat","embeddable":true,"href":"https:\/\/nbg.eu\/pt-pt\/wp-json\/wp\/v2\/product_cat?post=673992"},{"taxonomy":"product_tag","embeddable":true,"href":"https:\/\/nbg.eu\/pt-pt\/wp-json\/wp\/v2\/product_tag?post=673992"}],"curies":[{"name":"wp","href":"https:\/\/api.w.org\/{rel}","templated":true}]}}