{"id":674753,"date":"2025-11-17T17:25:02","date_gmt":"2025-11-17T14:25:02","guid":{"rendered":"https:\/\/nbg.eu\/product\/thermal-sight-nocpix-slim-h35\/"},"modified":"2026-04-14T16:13:55","modified_gmt":"2026-04-14T13:13:55","slug":"thermal-sight-nocpix-slim-h35","status":"publish","type":"product","link":"https:\/\/nbg.eu\/pt-pt\/produto\/thermal-sight-nocpix-slim-h35\/","title":{"rendered":"Nocpix Mira T\u00e9rmica Slim H35"},"content":{"rendered":"<h2>Mira T\u00e9rmica Nocpix Slim H35 &#8211; Imagem T\u00e9rmica Ultraligeira com Qualidade de Imagem Excepcional<\/h2>\n<p>Apresentando a s\u00e9rie SLIM de miras telesc\u00f3picas: um MON\u00d3CULO port\u00e1til ou uma mira 3.5x (L35) em 2 em 1. Escolha entre dois n\u00facleos de alto desempenho, desfrute de um display OLED de 1024&#215;768 e beneficie-se de uma bateria 18650 substitu\u00edvel para 10 horas de energia. Capture cada momento com a grava\u00e7\u00e3o de impactos, garantindo que nenhum quadro seja perdido.<\/p>\n<p>Aproveite a visualiza\u00e7\u00e3o sem fadiga com um display AMOLED de 1024&#215;768, novo design de ocular e um di\u00e2metro de sa\u00edda da pupila confort\u00e1vel de 10 mm.<\/p>\n<p>Pesando apenas 500g, este design ultraligeiro torna o uso prolongado f\u00e1cil, mantendo voc\u00ea \u00e1gil no campo.<\/p>\n<p>Op\u00e7\u00f5es principais de alto desempenho &#8211; 384\u00d7288@12\u03bcm ou 640\u00d7512@12\u03bcm, NETD\u226418 mK fornecem qualidade de imagem incompar\u00e1vel, garantindo que cada detalhe seja capturado com uma clareza surpreendente, independentemente das condi\u00e7\u00f5es de ca\u00e7a. Com o poder adicional da tecnologia Reality+, o Slim alcan\u00e7a uma qualidade de imagem que supera outras marcas com sensores da mesma classe.<\/p>\n<p>Nunca perca um tiro com o recurso RAV, que permite reviver e compartilhar seus momentos de ca\u00e7a mais emocionantes.<\/p>\n<p>Continue ca\u00e7ando com uma bateria 18650 remov\u00edvel e resistente a baixas temperaturas que oferece at\u00e9 8 horas de tempo de espera, mesmo em condi\u00e7\u00f5es extremas. Ele tamb\u00e9m possui uma porta de carregamento magn\u00e9tica para recarregar facilmente, mesmo na completa escurid\u00e3o.<\/p>\n","protected":false},"excerpt":{"rendered":"<p>Mira T\u00e9rmica Nocpix Slim H35: monocular\/escopo 3.5x 2 em 1 com OLED 1024&#215;768, bateria 18650, grava\u00e7\u00e3o de impacto.<\/p>\n<p>Se o item n\u00e3o estiver dispon\u00edvel, entre em contato conosco: shop@nbg.eu ou +359896147790<\/p>\n","protected":false},"featured_media":676125,"template":"","meta":{"_acf_changed":false},"product_brand":[14460],"product_cat":[16094],"product_tag":[],"class_list":{"0":"post-674753","1":"product","2":"type-product","3":"status-publish","4":"has-post-thumbnail","6":"product_brand-nocpix","7":"product_cat-thermal-cameras-pt-pt","9":"first","10":"instock","11":"taxable","12":"shipping-taxable","13":"purchasable","14":"product-type-simple"},"acf":[],"_links":{"self":[{"href":"https:\/\/nbg.eu\/pt-pt\/wp-json\/wp\/v2\/product\/674753","targetHints":{"allow":["GET"]}}],"collection":[{"href":"https:\/\/nbg.eu\/pt-pt\/wp-json\/wp\/v2\/product"}],"about":[{"href":"https:\/\/nbg.eu\/pt-pt\/wp-json\/wp\/v2\/types\/product"}],"wp:featuredmedia":[{"embeddable":true,"href":"https:\/\/nbg.eu\/pt-pt\/wp-json\/wp\/v2\/media\/676125"}],"wp:attachment":[{"href":"https:\/\/nbg.eu\/pt-pt\/wp-json\/wp\/v2\/media?parent=674753"}],"wp:term":[{"taxonomy":"product_brand","embeddable":true,"href":"https:\/\/nbg.eu\/pt-pt\/wp-json\/wp\/v2\/product_brand?post=674753"},{"taxonomy":"product_cat","embeddable":true,"href":"https:\/\/nbg.eu\/pt-pt\/wp-json\/wp\/v2\/product_cat?post=674753"},{"taxonomy":"product_tag","embeddable":true,"href":"https:\/\/nbg.eu\/pt-pt\/wp-json\/wp\/v2\/product_tag?post=674753"}],"curies":[{"name":"wp","href":"https:\/\/api.w.org\/{rel}","templated":true}]}}