{"id":676614,"date":"2025-11-17T17:25:14","date_gmt":"2025-11-17T14:25:14","guid":{"rendered":"https:\/\/nbg.eu\/product\/visao-termica-nocpix-rico-2-s75r\/"},"modified":"2026-04-14T16:13:52","modified_gmt":"2026-04-14T13:13:52","slug":"visao-termica-nocpix-rico-2-s75r","status":"publish","type":"product","link":"https:\/\/nbg.eu\/pt-pt\/produto\/visao-termica-nocpix-rico-2-s75r\/","title":{"rendered":"Nocpix Mira T\u00e9rmica Rico 2 S75R"},"content":{"rendered":"<h2>Nocpix Rico 2 S75R: Perfei\u00e7\u00e3o no Tiro de Longo Alcance<\/h2>\n<p>A s\u00e9rie de miras t\u00e9rmicas Nocpix RICO 2 S75R \u00e9 projetada para ca\u00e7adores que exigem o melhor em claridade, alcance e conforto. Projetada com um sensor t\u00e9rmico l\u00edder do setor e alta taxa de quadros, ela entrega uma qualidade de imagem ultra-superior que torna a identifica\u00e7\u00e3o e o rastreamento de alvos um jogo. Seu longo comprimento focal e LRF integrado garantem que voc\u00ea possa medir alvos distantes com precis\u00e3o, enquanto o design \u00f3ptico avan\u00e7ado proporciona uma experi\u00eancia de visualiza\u00e7\u00e3o envolvente sem distor\u00e7\u00e3o. Com uma alavanca de zoom sem etapas e excepcional al\u00edvio ocular, a s\u00e9rie Nocpix RICO 2 S75R permite que os ca\u00e7adores ajustem a amplia\u00e7\u00e3o com facilidade e se sintam confort\u00e1veis durante ca\u00e7adas prolongadas. Com suas tecnologias inovadoras e design centrado no usu\u00e1rio, a s\u00e9rie Nocpix RICO 2 S75R realmente permite que voc\u00ea ca\u00e7a al\u00e9m dos limites do que \u00e9 poss\u00edvel.<\/p>\n<h2>Desempenho de Ponta<\/h2>\n<p>Beneficie-se do sensor premium de segunda gera\u00e7\u00e3o de 12\u03bcm@60Hz, com NETD \u226415mK, para imagens n\u00edtidas e de alto contraste e melhor identifica\u00e7\u00e3o de alvos. O Nocpix RICO 2 S75R \u00e9 equipado com lentes objetivas maiores (75 mm\/F1.0, 50 mm\/F1.0, 42 mm\/F1.0), oferecendo melhor capacidade de capta\u00e7\u00e3o de luz para clareza de imagem excepcional e alcance de detec\u00e7\u00e3o estendido. A S\u00e9rie RICO 2 permite que voc\u00ea ajuste sua amplia\u00e7\u00e3o com facilidade com uma alavanca de zoom sem etapas, proporcionando ajustes r\u00e1pidos e sem problemas para engajar alvos com precis\u00e3o em qualquer dist\u00e2ncia. A s\u00e9rie RICO 2 possui um impressionante alcance de detec\u00e7\u00e3o de at\u00e9 3896 m, dando a voc\u00ea uma vantagem significativa na ca\u00e7a de longo alcance e no direcionamento preciso.<\/p>\n<h2>Direcionamento Flex\u00edvel e Preciso<\/h2>\n<p>O Nocpix RICO 2 S75R \u00e9 equipado com um LRF integrado, oferecendo detec\u00e7\u00e3o a laser em dist\u00e2ncias de at\u00e9 1200m com alinhamento verdadeiro do eixo \u00f3ptico, garantindo medi\u00e7\u00f5es de dist\u00e2ncia precisas ao mesmo tempo em que mant\u00e9m um design elegante e elegante. Simplifique o posicionamento do tiro com c\u00e1lculos bal\u00edsticos autom\u00e1ticos, usando o LRF integrado para atingir alvos precisos a longas dist\u00e2ncias sem esfor\u00e7o.<\/p>\n<h2>Visualiza\u00e7\u00e3o Extremamente Clara e Confort\u00e1vel<\/h2>\n<p>O display OLED de 1,03&#8243; 2560\u00d72560 (modelo S75R), a ocular sem distor\u00e7\u00e3o, o al\u00edvio ocular de 70mm e a pupila de sa\u00edda de 23mm proporcionam uma vis\u00e3o n\u00edtida e confort\u00e1vel para sess\u00f5es prolongadas. O modelo S75R \u00e9 equipado com uma dist\u00e2ncia sem precedentes de 70mm, o que proporciona o m\u00e1ximo de conforto para uso prolongado sem fadiga ocular e garante a seguran\u00e7a dos olhos.<\/p>\n","protected":false},"excerpt":{"rendered":"<p>Sensor de segunda gera\u00e7\u00e3o de 1280&#215;1024, LRF integrado flex\u00edvel e preciso, visualiza\u00e7\u00e3o extremamente clara e confort\u00e1vel, seguran\u00e7a e al\u00edvio ocular confort\u00e1vel. Nocpix Rico 2 S75R &#8211; Especialista em tiro de longo alcance.<\/p>\n<p>Se o item n\u00e3o estiver dispon\u00edvel, entre em contato conosco: shop@nbg.eu ou +359896147790<\/p>\n","protected":false},"featured_media":676786,"template":"","meta":{"_acf_changed":false},"product_brand":[14460],"product_cat":[16094],"product_tag":[],"class_list":{"0":"post-676614","1":"product","2":"type-product","3":"status-publish","4":"has-post-thumbnail","6":"product_brand-nocpix","7":"product_cat-thermal-cameras-pt-pt","9":"first","10":"instock","11":"taxable","12":"shipping-taxable","13":"purchasable","14":"product-type-simple"},"acf":[],"_links":{"self":[{"href":"https:\/\/nbg.eu\/pt-pt\/wp-json\/wp\/v2\/product\/676614","targetHints":{"allow":["GET"]}}],"collection":[{"href":"https:\/\/nbg.eu\/pt-pt\/wp-json\/wp\/v2\/product"}],"about":[{"href":"https:\/\/nbg.eu\/pt-pt\/wp-json\/wp\/v2\/types\/product"}],"wp:featuredmedia":[{"embeddable":true,"href":"https:\/\/nbg.eu\/pt-pt\/wp-json\/wp\/v2\/media\/676786"}],"wp:attachment":[{"href":"https:\/\/nbg.eu\/pt-pt\/wp-json\/wp\/v2\/media?parent=676614"}],"wp:term":[{"taxonomy":"product_brand","embeddable":true,"href":"https:\/\/nbg.eu\/pt-pt\/wp-json\/wp\/v2\/product_brand?post=676614"},{"taxonomy":"product_cat","embeddable":true,"href":"https:\/\/nbg.eu\/pt-pt\/wp-json\/wp\/v2\/product_cat?post=676614"},{"taxonomy":"product_tag","embeddable":true,"href":"https:\/\/nbg.eu\/pt-pt\/wp-json\/wp\/v2\/product_tag?post=676614"}],"curies":[{"name":"wp","href":"https:\/\/api.w.org\/{rel}","templated":true}]}}