{"id":676852,"date":"2025-11-17T17:25:15","date_gmt":"2025-11-17T14:25:15","guid":{"rendered":"https:\/\/nbg.eu\/product\/visao-termica-nocpix-rico-2-h75r\/"},"modified":"2026-04-14T16:13:49","modified_gmt":"2026-04-14T13:13:49","slug":"visao-termica-nocpix-rico-2-h75r","status":"publish","type":"product","link":"https:\/\/nbg.eu\/pt-pt\/produto\/visao-termica-nocpix-rico-2-h75r\/","title":{"rendered":"Nocpix Mira T\u00e9rmica Rico 2 H75R"},"content":{"rendered":"<h2>Nocpix Rico 2 H75R: Perfei\u00e7\u00e3o no tiro de longo alcance<\/h2>\n<p>A s\u00e9rie de lunetas t\u00e9rmicas Nocpix RICO 2 H75R \u00e9 projetada para ca\u00e7adores que exigem o melhor em clareza, alcance e conforto. Com um sensor t\u00e9rmico l\u00edder do setor e alta taxa de quadros, ela entrega uma qualidade de imagem ultra-superior que facilita a identifica\u00e7\u00e3o e o rastreamento do alvo. Seu longo comprimento focal e LRF integrado garantem que voc\u00ea possa medir com precis\u00e3o alvos distantes, enquanto o design \u00f3ptico avan\u00e7ado proporciona uma experi\u00eancia de visualiza\u00e7\u00e3o envolvente sem distor\u00e7\u00e3o. Com uma alavanca de zoom cont\u00ednuo e um excepcional al\u00edvio ocular, a s\u00e9rie Nocpix RICO 2 H75R permite que os ca\u00e7adores ajustem facilmente a magnifica\u00e7\u00e3o e se sintam confort\u00e1veis durante ca\u00e7adas prolongadas. Tecnologias inovadoras e um design centrado no usu\u00e1rio fazem da s\u00e9rie Nocpix RICO 2 H75R o \u00e1pice do desempenho de ca\u00e7a de longo alcance.<\/p>\n<h2>Imagenamento t\u00e9rmico de \u00faltima gera\u00e7\u00e3o<\/h2>\n<p>Aproveite o sensor premium de segunda gera\u00e7\u00e3o de 640@12\u03bcm@60Hz, ambos com NETD \u226415mK, para imagens n\u00edtidas e de alto contraste e melhor identifica\u00e7\u00e3o de alvos.<\/p>\n<h2>Maior clareza com lentes maiores<\/h2>\n<p>O Nocpix RICO 2 H75R \u00e9 equipado com lentes objetivas maiores (75 mm\/F1.0, 50 mm\/F1.0, 42 mm\/F1.0), oferecendo maior capacidade de capta\u00e7\u00e3o de luz para uma clareza de imagem excepcional e alcance de detec\u00e7\u00e3o estendido.<\/p>\n<h2>Ajustes de magnifica\u00e7\u00e3o sem esfor\u00e7o<\/h2>\n<p>A s\u00e9rie RICO 2 permite que voc\u00ea ajuste finamente sua magnifica\u00e7\u00e3o sem esfor\u00e7o com uma alavanca de zoom cont\u00ednuo estilo LPVO, proporcionando ajustes r\u00e1pidos e sem complica\u00e7\u00f5es para engajar alvos com precis\u00e3o em qualquer dist\u00e2ncia.<\/p>\n<h2>Feito para a ca\u00e7a de longa dist\u00e2ncia<\/h2>\n<p>A s\u00e9rie RICO 2 ostenta um impressionante alcance de detec\u00e7\u00e3o de at\u00e9 3896 m, dando-lhe uma vantagem significativa na ca\u00e7a de longo alcance e no direcionamento preciso.<\/p>\n<h2>LRF integrado, flex\u00edvel e preciso<\/h2>\n<p>O Nocpix RICO 2 H75R \u00e9 equipado com um LRF integrado, oferecendo detec\u00e7\u00e3o a laser em um alcance de at\u00e9 1200m com alinhamento \u00f3ptico verdadeiro, garantindo medi\u00e7\u00f5es de dist\u00e2ncia precisas, mantendo um design elegante e compacto.<\/p>\n<h2>C\u00e1lculos bal\u00edsticos simplificados<\/h2>\n<p>Simplifique o posicionamento de seus tiros com c\u00e1lculos bal\u00edsticos autom\u00e1ticos, usando o LRF integrado para atingir alvos precisos a longas dist\u00e2ncias com facilidade.<\/p>\n<h2>Visualiza\u00e7\u00e3o extremamente clara e confort\u00e1vel<\/h2>\n<p>Visor OLED de 1,03&#8243; 2560\u00d72560 (S75R), ocular sem distor\u00e7\u00e3o, 70mm de al\u00edvio ocular e 23mm de pupila de sa\u00edda proporcionam uma vis\u00e3o n\u00edtida e confort\u00e1vel para sess\u00f5es prolongadas.<\/p>\n<h2>Seguran\u00e7a e conforto<\/h2>\n<p>O modelo H75R possui um in\u00e9dito al\u00edvio ocular de 70mm, o que proporciona o m\u00e1ximo de conforto para uso prolongado sem fadiga visual e garante a seguran\u00e7a dos olhos.<\/p>\n","protected":false},"excerpt":{"rendered":"<p>Nocpix Rico 2 H75R &#8211; Expert em tiro de longo alcance com sensor de 640&#215;512, 60Hz, LRF integrado e zoom cont\u00ednuo.<\/p>\n<p>Se o item n\u00e3o estiver dispon\u00edvel, entre em contato conosco: shop@nbg.eu ou +359896147790<\/p>\n","protected":false},"featured_media":676930,"template":"","meta":{"_acf_changed":false},"product_brand":[14460],"product_cat":[16094],"product_tag":[],"class_list":{"0":"post-676852","1":"product","2":"type-product","3":"status-publish","4":"has-post-thumbnail","6":"product_brand-nocpix","7":"product_cat-thermal-cameras-pt-pt","9":"first","10":"instock","11":"taxable","12":"shipping-taxable","13":"purchasable","14":"product-type-simple"},"acf":[],"_links":{"self":[{"href":"https:\/\/nbg.eu\/pt-pt\/wp-json\/wp\/v2\/product\/676852","targetHints":{"allow":["GET"]}}],"collection":[{"href":"https:\/\/nbg.eu\/pt-pt\/wp-json\/wp\/v2\/product"}],"about":[{"href":"https:\/\/nbg.eu\/pt-pt\/wp-json\/wp\/v2\/types\/product"}],"wp:featuredmedia":[{"embeddable":true,"href":"https:\/\/nbg.eu\/pt-pt\/wp-json\/wp\/v2\/media\/676930"}],"wp:attachment":[{"href":"https:\/\/nbg.eu\/pt-pt\/wp-json\/wp\/v2\/media?parent=676852"}],"wp:term":[{"taxonomy":"product_brand","embeddable":true,"href":"https:\/\/nbg.eu\/pt-pt\/wp-json\/wp\/v2\/product_brand?post=676852"},{"taxonomy":"product_cat","embeddable":true,"href":"https:\/\/nbg.eu\/pt-pt\/wp-json\/wp\/v2\/product_cat?post=676852"},{"taxonomy":"product_tag","embeddable":true,"href":"https:\/\/nbg.eu\/pt-pt\/wp-json\/wp\/v2\/product_tag?post=676852"}],"curies":[{"name":"wp","href":"https:\/\/api.w.org\/{rel}","templated":true}]}}