{"id":676995,"date":"2025-11-17T17:25:28","date_gmt":"2025-11-17T14:25:28","guid":{"rendered":"https:\/\/nbg.eu\/product\/mira-termica-nocpix-ace-s60r-rail-zeiss\/"},"modified":"2026-04-14T17:21:38","modified_gmt":"2026-04-14T14:21:38","slug":"mira-termica-nocpix-ace-s60r-rail-zeiss","status":"publish","type":"product","link":"https:\/\/nbg.eu\/pt-pt\/produto\/mira-termica-nocpix-ace-s60r-rail-zeiss\/","title":{"rendered":"Nocpix Mira T\u00e9rmica ACE S60R ZEISS RAIL"},"content":{"rendered":"<h2>Escopo T\u00e9rmico NocPix ACE S60R<\/h2>\n<p>O Escopo T\u00e9rmico NocPix ACE S60R \u00e9 uma ferramenta de ponta, rec\u00e9m-lan\u00e7ada, projetada para ca\u00e7adores de elite que exigem o m\u00e1ximo desempenho nos ambientes mais desafiadores. Com sua tecnologia de ponta e constru\u00e7\u00e3o robusta, este escopo t\u00e9rmico de lideran\u00e7a \u00e9 projetado para ajud\u00e1-lo a dominar a noite e domar a vida selvagem. Seja voc\u00ea est\u00e1 procurando por presas a longas dist\u00e2ncias ou rastreando alvos de r\u00e1pido movimento, o ACE S60R oferece clareza, precis\u00e3o e confiabilidade incompar\u00e1veis.<\/p>\n<p>No cora\u00e7\u00e3o deste escopo extraordin\u00e1rio est\u00e1 um sensor t\u00e9rmico HD de segunda gera\u00e7\u00e3o com uma impressionante resolu\u00e7\u00e3o de 1280&#215;1024 e um NETD ultra-sens\u00edvel de \u226415mK. Este sensor de \u00faltima gera\u00e7\u00e3o permite que o ACE S60R detecte at\u00e9 as menores mudan\u00e7as de temperatura, fornecendo imagens t\u00e9rmicas claras e detalhadas em tempo real. Com uma taxa de quadros de 50 Hz, o escopo entrega visuais suaves que acompanham a velocidade do seu alvo, permitindo que voc\u00ea se fixe com precis\u00e3o incompar\u00e1vel.<\/p>\n<p>O NocPix ACE S60R tamb\u00e9m apresenta uma lente de 60mm\/F1.0 que coleta 20% mais luz do que os escopos padr\u00e3o, proporcionando imagens mais brilhantes e n\u00edtidas, mesmo nas condi\u00e7\u00f5es mais escuras. Sua superior detec\u00e7\u00e3o de longo alcance de at\u00e9 3100 metros permite que voc\u00ea identifique e rastreie alvos distantes, proporcionando uma vantagem cr\u00edtica em cen\u00e1rios de ca\u00e7a e tiro de longo alcance. Combinado com o algoritmo de processamento de imagem propriet\u00e1rio da NocPix, Reality+, o ACE S60R reduz dramaticamente o ru\u00eddo ambiente, entregando imagens n\u00edtidas e de alto contraste sempre.<\/p>\n<p>Para aqueles que desejam ainda mais clareza visual, o ACE S60R \u00e9 equipado com o inovador sistema Vision+. O display AMOLED redondo de 1,03 polegadas com resolu\u00e7\u00e3o 2560&#215;2560, combinado com a lideran\u00e7a da ind\u00fastria em magnifica\u00e7\u00e3o ocular, entrega uma magnifica\u00e7\u00e3o \u00f3ptica incompar\u00e1vel, sem o emba\u00e7amento ou distor\u00e7\u00e3o tipicamente associados ao zoom eletr\u00f4nico. Essa tecnologia revolucion\u00e1ria garante que voc\u00ea desfrute de uma vis\u00e3o cristalina e de um amplo campo de vis\u00e3o, seja voc\u00ea se aproximando do seu alvo ou escaneando seu entorno.<\/p>\n<p>A precis\u00e3o \u00e9 fundamental quando se trata de ca\u00e7a, e o ACE S60R n\u00e3o decepciona. Seu Medidor de Dist\u00e2ncia a Laser (LRF) integrado oferece medi\u00e7\u00f5es precisas de at\u00e9 1.200 metros. O LRF \u00e9 perfeitamente integrado ao design elegante, mantendo o verdadeiro alinhamento do eixo \u00f3ptico, permitindo que voc\u00ea calcule faixas precisas sem perturbar o foco. E com funcionalidade de c\u00e1lculo bal\u00edstico integrada, o ACE S60R garante que seus tiros sejam precisos, levando em conta todos os fatores para uma precis\u00e3o impec\u00e1vel.<\/p>\n<p>Projetado pensando nos ca\u00e7adores, o NocPix ACE S60R tamb\u00e9m se destaca por um sistema de bateria dupla com uma bateria interna de 4000mAh e uma bateria remov\u00edvel de 18650 para uso prolongado em campo. N\u00e3o se preocupe mais em ficar sem energia no meio da sua ca\u00e7ada &#8211; este sistema \u00e9 projetado para durar tanto quanto sua aventura. Al\u00e9m disso, recursos como desligamento autom\u00e1tico da tela, grava\u00e7\u00e3o de v\u00eddeo ativada por recuo e design sem tampa fazem deste escopo t\u00e9rmico um verdadeiro revolucion\u00e1rio no campo.<\/p>\n<p>Constru\u00eddo para as condi\u00e7\u00f5es externas mais severas, o ACE S60R \u00e9 feito de liga de alum\u00ednio de alta resist\u00eancia, rigorosamente testado para suportar choques extremos e uso intenso. Com classifica\u00e7\u00e3o IP67 para resist\u00eancia \u00e0 \u00e1gua, ele funciona perfeitamente na chuva, poeira e ambientes desafiadores, garantindo que seu escopo seja t\u00e3o dur\u00e1vel quanto seus instintos de ca\u00e7a.<\/p>\n<p>O NocPix ACE S60R \u00e9 mais do que apenas um visor t\u00e9rmico &#8211; \u00e9 o companheiro de ca\u00e7a definitivo. Com tecnologia de ponta, durabilidade excepcional e uma s\u00e9rie de recursos avan\u00e7ados projetados para aprimorar sua experi\u00eancia de ca\u00e7a, este visor redefinir\u00e1 o que voc\u00ea espera de seu equipamento. Prepare-se para dominar a noite.<\/p>\n","protected":false},"excerpt":{"rendered":"<p>O Nocpix ACE S60R Thermal Scope \u00e9 uma ferramenta de ponta projetada para ca\u00e7adores de elite, com tecnologia avan\u00e7ada, constru\u00e7\u00e3o robusta e recursos como sensor t\u00e9rmico HD de segunda gera\u00e7\u00e3o, sistema Vision+, tel\u00eametro a laser integrado e sistema de bateria dual para desempenho de pico em ambientes desafiadores.<\/p>\n<p>Se o item n\u00e3o estiver dispon\u00edvel, entre em contato conosco: shop@nbg.eu ou +359896147790<\/p>\n","protected":false},"featured_media":677648,"template":"","meta":{"_acf_changed":false},"product_brand":[14460],"product_cat":[12508],"product_tag":[],"class_list":{"0":"post-676995","1":"product","2":"type-product","3":"status-publish","4":"has-post-thumbnail","6":"product_brand-nocpix","7":"product_cat-termico","9":"first","10":"instock","11":"taxable","12":"shipping-taxable","13":"purchasable","14":"product-type-simple"},"acf":[],"_links":{"self":[{"href":"https:\/\/nbg.eu\/pt-pt\/wp-json\/wp\/v2\/product\/676995","targetHints":{"allow":["GET"]}}],"collection":[{"href":"https:\/\/nbg.eu\/pt-pt\/wp-json\/wp\/v2\/product"}],"about":[{"href":"https:\/\/nbg.eu\/pt-pt\/wp-json\/wp\/v2\/types\/product"}],"wp:featuredmedia":[{"embeddable":true,"href":"https:\/\/nbg.eu\/pt-pt\/wp-json\/wp\/v2\/media\/677648"}],"wp:attachment":[{"href":"https:\/\/nbg.eu\/pt-pt\/wp-json\/wp\/v2\/media?parent=676995"}],"wp:term":[{"taxonomy":"product_brand","embeddable":true,"href":"https:\/\/nbg.eu\/pt-pt\/wp-json\/wp\/v2\/product_brand?post=676995"},{"taxonomy":"product_cat","embeddable":true,"href":"https:\/\/nbg.eu\/pt-pt\/wp-json\/wp\/v2\/product_cat?post=676995"},{"taxonomy":"product_tag","embeddable":true,"href":"https:\/\/nbg.eu\/pt-pt\/wp-json\/wp\/v2\/product_tag?post=676995"}],"curies":[{"name":"wp","href":"https:\/\/api.w.org\/{rel}","templated":true}]}}