{"id":678103,"date":"2025-11-17T17:25:36","date_gmt":"2025-11-17T14:25:36","guid":{"rendered":"https:\/\/nbg.eu\/product\/monocular-termico-nocpix-lumi-l35\/"},"modified":"2026-01-21T11:39:11","modified_gmt":"2026-01-21T08:39:11","slug":"monocular-termico-nocpix-lumi-l35","status":"publish","type":"product","link":"https:\/\/nbg.eu\/pt-pt\/produto\/monocular-termico-nocpix-lumi-l35\/","title":{"rendered":"Monocular t\u00e9rmico Nocpix LUMI L35"},"content":{"rendered":"<h2>Desempenho m\u00e1ximo com peso m\u00ednimo &#8211; Nocpix LUMI L35: seu companheiro indispens\u00e1vel em seu campo<\/h2>\n<p>A s\u00e9rie de monocular de imagem t\u00e9rmica LUMI \u00e9 projetada para uso diurno e noturno e oferece a voc\u00ea uma qualidade de imagem excepcional mesmo em condi\u00e7\u00f5es clim\u00e1ticas dif\u00edceis como neblina, smog ou chuva. Mesmo que obst\u00e1culos como galhos, grama alta ou vegeta\u00e7\u00e3o densa dificultem a vis\u00e3o, gra\u00e7as a essa tecnologia voc\u00ea sempre pode ver claramente o que est\u00e1 \u00e0 sua frente. Eles tamb\u00e9m s\u00e3o t\u00e3o compactos e leves que voc\u00ea pode carreg\u00e1-los facilmente em qualquer lugar.<\/p>\n<p>As c\u00e2meras t\u00e9rmicas LUMI s\u00e3o perfeitas para uma variedade de aplica\u00e7\u00f5es, como ca\u00e7a, vigil\u00e2ncia, seguran\u00e7a, orienta\u00e7\u00e3o do terreno ou opera\u00e7\u00f5es de busca e resgate.<\/p>\n<h2>Desempenho de imagem inigual\u00e1vel para imagens extremamente n\u00edtidas<\/h2>\n<p>A s\u00e9rie LUMI define novos padr\u00f5es em termos de qualidade de imagem. Equipada com os algoritmos de imagem mais avan\u00e7ados e um sensor t\u00e9rmico potente com NETD &lt; 18 mK, a c\u00e2mera entrega imagens extremamente n\u00edtidas e realistas. O display AMOLED com resolu\u00e7\u00e3o de 1024 x 768 pixels garante uma exibi\u00e7\u00e3o de imagem excepcional, enquanto o modo Ultra Clear otimiza ainda mais a clareza da imagem, especialmente em condi\u00e7\u00f5es clim\u00e1ticas dif\u00edceis.<\/p>\n<h2>Experi\u00eancia de visualiza\u00e7\u00e3o personalizada &#8211; Personalize seu dispositivo perfeitamente<\/h2>\n<p>Gra\u00e7as ao sensor de tamanho m\u00e9dio de 384 x 288 px e a uma variedade de op\u00e7\u00f5es de configura\u00e7\u00e3o, voc\u00ea pode personalizar o dispositivo exatamente de acordo com suas necessidades. Escolha entre 5 modos de cor e optimize sua vis\u00e3o com 10 n\u00edveis de brilho, nitidez e contraste &#8211; para que nenhum detalhe passe despercebido.<\/p>\n<h2>F\u00e1cil compartilhamento de experi\u00eancias<\/h2>\n<p>Capturar momentos especiais \u00e9 essencial para o ca\u00e7ador moderno. Com o Nocpix LUMI L35, voc\u00ea pode n\u00e3o apenas compartilhar suas grava\u00e7\u00f5es convenientemente pelo aplicativo, mas tamb\u00e9m reproduzi-las diretamente no dispositivo &#8211; perfeito para compartilhar suas experi\u00eancias com os outros imediatamente.<\/p>\n<h2>Pode ser usado de forma flex\u00edvel gra\u00e7as ao sistema de bateria remov\u00edvel<\/h2>\n<p>A s\u00e9rie LUMI \u00e9 equipada com baterias padr\u00e3o 18650, dando a voc\u00ea a m\u00e1xima flexibilidade. N\u00e3o importa para onde voc\u00ea for, com o carregador de bateria inclu\u00eddo voc\u00ea estar\u00e1 pronto novamente em pouco tempo &#8211; e voc\u00ea pode continuar sua miss\u00e3o.<\/p>\n","protected":false},"excerpt":{"rendered":"<p>Desempenho m\u00e1ximo com peso m\u00ednimo &#8211; Nocpix LUMI L35: seu companheiro indispens\u00e1vel em campo. Sensor 384 com 18 mK, visor AMOLED com 1024 \u00d7 768 pixels, bateria 18650 remov\u00edvel, alcance de detec\u00e7\u00e3o de aproximadamente 1800 metros, grande aumento b\u00e1sico para ca\u00e7a de campo, design compacto.<br \/>\nSe o item n\u00e3o estiver dispon\u00edvel, entre em contato conosco: shop@nbg.eu ou +359896147790<\/p>\n","protected":false},"featured_media":678252,"template":"","meta":{"_acf_changed":false},"product_brand":[14460],"product_cat":[12508,369],"product_tag":[],"class_list":{"0":"post-678103","1":"product","2":"type-product","3":"status-publish","4":"has-post-thumbnail","6":"product_brand-nocpix","7":"product_cat-termico","8":"product_cat-uncategorized","10":"first","11":"instock","12":"taxable","13":"shipping-taxable","14":"purchasable","15":"product-type-simple"},"acf":[],"_links":{"self":[{"href":"https:\/\/nbg.eu\/pt-pt\/wp-json\/wp\/v2\/product\/678103","targetHints":{"allow":["GET"]}}],"collection":[{"href":"https:\/\/nbg.eu\/pt-pt\/wp-json\/wp\/v2\/product"}],"about":[{"href":"https:\/\/nbg.eu\/pt-pt\/wp-json\/wp\/v2\/types\/product"}],"wp:featuredmedia":[{"embeddable":true,"href":"https:\/\/nbg.eu\/pt-pt\/wp-json\/wp\/v2\/media\/678252"}],"wp:attachment":[{"href":"https:\/\/nbg.eu\/pt-pt\/wp-json\/wp\/v2\/media?parent=678103"}],"wp:term":[{"taxonomy":"product_brand","embeddable":true,"href":"https:\/\/nbg.eu\/pt-pt\/wp-json\/wp\/v2\/product_brand?post=678103"},{"taxonomy":"product_cat","embeddable":true,"href":"https:\/\/nbg.eu\/pt-pt\/wp-json\/wp\/v2\/product_cat?post=678103"},{"taxonomy":"product_tag","embeddable":true,"href":"https:\/\/nbg.eu\/pt-pt\/wp-json\/wp\/v2\/product_tag?post=678103"}],"curies":[{"name":"wp","href":"https:\/\/api.w.org\/{rel}","templated":true}]}}