{"id":678358,"date":"2025-11-18T18:19:28","date_gmt":"2025-11-18T15:19:28","guid":{"rendered":"https:\/\/nbg.eu\/product\/nocpix-quest-l35r-384x288-netd-15mk\/"},"modified":"2026-04-14T16:13:36","modified_gmt":"2026-04-14T13:13:36","slug":"nocpix-quest-l35r-384x288-netd-15mk","status":"publish","type":"product","link":"https:\/\/nbg.eu\/pt-pt\/produto\/nocpix-quest-l35r-384x288-netd-15mk\/","title":{"rendered":"Nocpix Bin\u00f3culos T\u00e9rmicos Quest L35R"},"content":{"rendered":"<h2>Nocpix Quest L35R 384&#215;288 NETD \u226415mK: Libere sua Vis\u00e3o T\u00e9rmica<\/h2>\n<p>QUEST \u00e9 leve e port\u00e1til, oferecendo um alcance de detec\u00e7\u00e3o de at\u00e9 2600m e um LRF embutido com alcance de 1000m para superior precis\u00e3o e visibilidade. Seu design tradicional de bin\u00f3culos possui um revestimento de borracha completo e classifica\u00e7\u00e3o IP67 para durabilidade e conforto em condi\u00e7\u00f5es adversas. Equipado com um sensor de alto desempenho de 640&#215;512 (NETD \u226415mK, 60Hz), QUEST fornece excepcional claridade de imagem, sensibilidade t\u00e9rmica superior e opera\u00e7\u00e3o sem problemas em ambientes desafiadores.<\/p>\n<h2>Qualidade e Claridade de Imagem Excepcionais<\/h2>\n<p>O Nocpix QUEST possui aprimoramento de imagem R+ para clareza e precis\u00e3o superiores, combinado com um visor AMOLED de 1920&#215;1200 para uma experi\u00eancia de visualiza\u00e7\u00e3o imersiva e suave para os olhos.<\/p>\n<h2>Sensor Superior para Excel\u00eancia<\/h2>\n<p>O Nocpix QUEST \u00e9 equipado com um sensor de alto desempenho (640&#215;512@12\u03bcm) que fornece excepcional clareza de imagem. Com NETD \u226415mK e taxa de quadros de 60Hz, ele oferece sensibilidade t\u00e9rmica superior, proporcionando imagens claras e visualmente n\u00edtidas mesmo nos ambientes mais desafiadores.<\/p>\n<h2>Capacidades de Detec\u00e7\u00e3o Poderosas<\/h2>\n<p>O Nocpix QUEST possui um alcance de detec\u00e7\u00e3o de at\u00e9 2600 m e um LRF embutido e oculto com alcance de at\u00e9 1000 m, permitindo que voc\u00ea veja mais longe e com mais precis\u00e3o do que nunca. Ele tamb\u00e9m suporta c\u00e1lculos bal\u00edsticos, fornecendo suporte de dados para ca\u00e7a cooperativa.<\/p>\n<h2>Opera\u00e7\u00e3o Ergon\u00f4mica com Uma M\u00e3o<\/h2>\n<p>O Nocpix QUEST oferece manuseio ergon\u00f4mico e antiderrapante com um layout simplificado de 4 bot\u00f5es e rodas de rolagem centralizadas para f\u00e1cil opera\u00e7\u00e3o com uma m\u00e3o e um aperto seguro em todas as condi\u00e7\u00f5es.<\/p>\n<h2>Leve e Port\u00e1til<\/h2>\n<p>QUEST pesa apenas 700g e inclui uma bolsa de transporte personalizada, oferecendo f\u00e1cil portabilidade e conforto para atividades ao ar livre, como ca\u00e7a e explora\u00e7\u00e3o.<\/p>\n<h2>Desempenho de Energia Confi\u00e1vel<\/h2>\n<p>A s\u00e9rie QUEST possui um design de bateria dupla com uma bateria embutida e substitu\u00edvel 18650, garantindo substitui\u00e7\u00e3o sem problemas e uso cont\u00ednuo durante sua aventura.<\/p>\n<h2>Design Dur\u00e1vel e Confort\u00e1vel<\/h2>\n<p>QUEST possui um design tradicional de bin\u00f3culos com um revestimento de borracha sofisticado e classifica\u00e7\u00e3o IP67 para resist\u00eancia \u00e0 \u00e1gua e poeira, garantindo durabilidade e conforto geral.<\/p>\n","protected":false},"excerpt":{"rendered":"<p>Nocpix QUEST L35R 384&#215;288 NETD &lt;15mK: Imagem t\u00e9rmica leve e port\u00e1til com alcance de detec\u00e7\u00e3o de 2600m, tel\u00eametro a laser integrado de 1000m e excepcional clareza de imagem.<\/p>\n<p>Se o item n\u00e3o estiver dispon\u00edvel, entre em contato conosco: shop@nbg.eu ou +359896147790<\/p>\n","protected":false},"featured_media":678441,"template":"","meta":{"_acf_changed":false},"product_brand":[14460],"product_cat":[14692,12508,16094],"product_tag":[],"class_list":{"0":"post-678358","1":"product","2":"type-product","3":"status-publish","4":"has-post-thumbnail","6":"product_brand-nocpix","7":"product_cat-binoculos","8":"product_cat-termico","9":"product_cat-thermal-cameras-pt-pt","11":"first","12":"instock","13":"taxable","14":"shipping-taxable","15":"purchasable","16":"product-type-simple"},"acf":[],"_links":{"self":[{"href":"https:\/\/nbg.eu\/pt-pt\/wp-json\/wp\/v2\/product\/678358","targetHints":{"allow":["GET"]}}],"collection":[{"href":"https:\/\/nbg.eu\/pt-pt\/wp-json\/wp\/v2\/product"}],"about":[{"href":"https:\/\/nbg.eu\/pt-pt\/wp-json\/wp\/v2\/types\/product"}],"wp:featuredmedia":[{"embeddable":true,"href":"https:\/\/nbg.eu\/pt-pt\/wp-json\/wp\/v2\/media\/678441"}],"wp:attachment":[{"href":"https:\/\/nbg.eu\/pt-pt\/wp-json\/wp\/v2\/media?parent=678358"}],"wp:term":[{"taxonomy":"product_brand","embeddable":true,"href":"https:\/\/nbg.eu\/pt-pt\/wp-json\/wp\/v2\/product_brand?post=678358"},{"taxonomy":"product_cat","embeddable":true,"href":"https:\/\/nbg.eu\/pt-pt\/wp-json\/wp\/v2\/product_cat?post=678358"},{"taxonomy":"product_tag","embeddable":true,"href":"https:\/\/nbg.eu\/pt-pt\/wp-json\/wp\/v2\/product_tag?post=678358"}],"curies":[{"name":"wp","href":"https:\/\/api.w.org\/{rel}","templated":true}]}}