{"id":679460,"date":"2025-11-18T18:19:37","date_gmt":"2025-11-18T15:19:37","guid":{"rendered":"https:\/\/nbg.eu\/product\/nocpix-quest-h50r-lrf-640x512-netd-15mk\/"},"modified":"2026-04-14T16:13:33","modified_gmt":"2026-04-14T13:13:33","slug":"nocpix-quest-h50r-lrf-640x512-netd-15mk","status":"publish","type":"product","link":"https:\/\/nbg.eu\/pt-pt\/produto\/nocpix-quest-h50r-lrf-640x512-netd-15mk\/","title":{"rendered":"Nocpix Bin\u00f3culos T\u00e9rmicos Quest H50R LRF"},"content":{"rendered":"<h2>Nocpix Quest H50R LRF 640&#215;512 NETD \u226415mK<\/h2>\n<p>O QUEST \u00e9 leve e port\u00e1til, oferecendo um alcance de detec\u00e7\u00e3o de at\u00e9 2600m e um LRF embutido e discreto com alcance de 1000m para precis\u00e3o e visibilidade superiores. Seu design tradicional de bin\u00f3culos possui um revestimento de borracha completo e classifica\u00e7\u00e3o IP67 para durabilidade e conforto em condi\u00e7\u00f5es adversas. Equipado com um sensor de alto desempenho de 640&#215;512 (NETD \u226415mK, 60Hz), o QUEST fornece clareza de imagem excepcional, sensibilidade t\u00e9rmica superior e opera\u00e7\u00e3o sem problemas em ambientes desafiadores.<\/p>\n<h2>Sensor t\u00e9rmico<\/h2>\n<p>O Nocpix QUEST possui aprimoramento de imagem R+ para clareza e precis\u00e3o superiores, combinado com um display AMOLED de 1920&#215;1200 para uma experi\u00eancia de visualiza\u00e7\u00e3o envolvente e agrad\u00e1vel aos olhos.<\/p>\n<h2>O sensor superior garante a excel\u00eancia<\/h2>\n<p>O Nocpix QUEST est\u00e1 equipado com um sensor de alto desempenho (640&#215;512@12\u00b5m) que fornece clareza de imagem excepcional. Com NETD \u226415mK e taxa de quadros de 60Hz, ele oferece sensibilidade t\u00e9rmica superior, proporcionando imagens claras e visualmente n\u00edtidas, mesmo nos ambientes mais desafiadores.<\/p>\n<h2>Poderosas capacidades de detec\u00e7\u00e3o<\/h2>\n<p>O Nocpix QUEST possui um alcance de detec\u00e7\u00e3o de at\u00e9 2600 m e um LRF embutido e oculto com alcance de at\u00e9 1000 m, permitindo que voc\u00ea veja mais longe e com maior precis\u00e3o do que nunca. Ele tamb\u00e9m suporta c\u00e1lculos bal\u00edsticos, fornecendo suporte de dados para ca\u00e7a cooperativa.<\/p>\n<h2>Opera\u00e7\u00e3o com uma m\u00e3o<\/h2>\n<p>O Nocpix QUEST oferece manuseio ergon\u00f4mico e antiderrapante com um layout de 4 bot\u00f5es simplificado e bot\u00f5es de rolagem centralizados para opera\u00e7\u00e3o f\u00e1cil com uma m\u00e3o e um aperto seguro em todas as condi\u00e7\u00f5es.<\/p>\n<h2>Leve e port\u00e1til<\/h2>\n<p>O QUEST pesa apenas 700g e inclui uma bolsa de transporte personalizada, oferecendo f\u00e1cil portabilidade e conforto para atividades ao ar livre, como ca\u00e7a e explora\u00e7\u00e3o.<\/p>\n<h2>Elimine a ansiedade com a energia<\/h2>\n<p>A s\u00e9rie QUEST apresenta um design de bateria dupla com uma bateria embutida e substitu\u00edvel de 18650, garantindo substitui\u00e7\u00e3o sem complica\u00e7\u00f5es e uso cont\u00ednuo durante sua aventura.<\/p>\n<h2>A experi\u00eancia tradicional de bin\u00f3culos<\/h2>\n<p>O QUEST possui um design tradicional de bin\u00f3culos com um revestimento de borracha sofisticado e uma classifica\u00e7\u00e3o IP67 para resist\u00eancia \u00e0 \u00e1gua e poeira, garantindo durabilidade e conforto geral.<\/p>\n","protected":false},"excerpt":{"rendered":"<p>Nocpix Quest H50R LRF 640&#215;512 NETD &lt;15mK: Imagem t\u00e9rmica leve e port\u00e1til com alcance de detec\u00e7\u00e3o de 2600m, LRF de 1000m e sensor superior de 640&#215;512.<\/p>\n","protected":false},"featured_media":680060,"template":"","meta":{"_acf_changed":false},"product_brand":[14460],"product_cat":[14692,12508,16094],"product_tag":[],"class_list":{"0":"post-679460","1":"product","2":"type-product","3":"status-publish","4":"has-post-thumbnail","6":"product_brand-nocpix","7":"product_cat-binoculos","8":"product_cat-termico","9":"product_cat-thermal-cameras-pt-pt","11":"first","12":"instock","13":"taxable","14":"shipping-taxable","15":"purchasable","16":"product-type-simple"},"acf":[],"_links":{"self":[{"href":"https:\/\/nbg.eu\/pt-pt\/wp-json\/wp\/v2\/product\/679460","targetHints":{"allow":["GET"]}}],"collection":[{"href":"https:\/\/nbg.eu\/pt-pt\/wp-json\/wp\/v2\/product"}],"about":[{"href":"https:\/\/nbg.eu\/pt-pt\/wp-json\/wp\/v2\/types\/product"}],"wp:featuredmedia":[{"embeddable":true,"href":"https:\/\/nbg.eu\/pt-pt\/wp-json\/wp\/v2\/media\/680060"}],"wp:attachment":[{"href":"https:\/\/nbg.eu\/pt-pt\/wp-json\/wp\/v2\/media?parent=679460"}],"wp:term":[{"taxonomy":"product_brand","embeddable":true,"href":"https:\/\/nbg.eu\/pt-pt\/wp-json\/wp\/v2\/product_brand?post=679460"},{"taxonomy":"product_cat","embeddable":true,"href":"https:\/\/nbg.eu\/pt-pt\/wp-json\/wp\/v2\/product_cat?post=679460"},{"taxonomy":"product_tag","embeddable":true,"href":"https:\/\/nbg.eu\/pt-pt\/wp-json\/wp\/v2\/product_tag?post=679460"}],"curies":[{"name":"wp","href":"https:\/\/api.w.org\/{rel}","templated":true}]}}