{"id":681042,"date":"2025-12-17T14:06:52","date_gmt":"2025-12-17T11:06:52","guid":{"rendered":"https:\/\/nbg.eu\/product\/manly-pico-g10-preto-cpm-s90v\/"},"modified":"2026-01-21T11:41:29","modified_gmt":"2026-01-21T08:41:29","slug":"manly-pico-g10-preto-cpm-s90v","status":"publish","type":"product","link":"https:\/\/nbg.eu\/pt-pt\/produto\/manly-pico-g10-preto-cpm-s90v\/","title":{"rendered":"Manly PICO G10 PRETO CPM S90V"},"content":{"rendered":"<h2>Manly PEAK G10 BLACK CPM S90V &#8211; Faca dobr\u00e1vel excepcional de uma m\u00e3o<\/h2>\n<p>Experimente a excepcional faca dobr\u00e1vel Manly PEAK G10 BLACK CPM S90V, uma ferramenta \u00fanica e vers\u00e1til projetada para uma variedade de atividades. Partindo do modelo Comrade, esta faca possui um design impressionante que a torna uma companheira perfeita para qualquer tarefa.<\/p>\n<p>Dispon\u00edvel em duas vers\u00f5es distintas, o PEAK oferece a conveni\u00eancia de abertura de uma ou duas m\u00e3os, atendendo \u00e0s suas prefer\u00eancias pessoais. Fabricada com precis\u00e3o, a l\u00e2mina \u00e9 feita de a\u00e7o de alto desempenho CPM S90V, garantindo reten\u00e7\u00e3o de fio excepcional e resist\u00eancia \u00e0 corros\u00e3o.<\/p>\n<p>O dur\u00e1vel cabo de G10 proporciona um aperto seguro e confort\u00e1vel, tornando o PEAK uma escolha confi\u00e1vel para uso di\u00e1rio ou aventuras ao ar livre. Com seu mecanismo de abertura por orif\u00edcio no polegar e sistema manual Backlock, esta faca oferece opera\u00e7\u00e3o suave de uma m\u00e3o, permitindo que voc\u00ea execute suas tarefas com facilidade.<\/p>\n<p>Pesando apenas 115 gramas, o PEAK \u00e9 uma ferramenta leve, por\u00e9m robusta, que n\u00e3o vai sobrecarreg\u00e1-lo. Seja voc\u00ea um entusiasta ao ar livre, um operador t\u00e1tico ou simplesmente algu\u00e9m em busca de uma faca dobr\u00e1vel vers\u00e1til e bem projetada, o Manly PEAK G10 BLACK CPM S90V \u00e9 a resposta.<\/p>\n","protected":false},"excerpt":{"rendered":"<p>Faca de uma m\u00e3o PEAK CPM S90V preta, \u00f3timo design para todas as atividades.<\/p>\n","protected":false},"featured_media":681091,"template":"","meta":{"_acf_changed":false},"product_brand":[15080],"product_cat":[12522,15373,15354],"product_tag":[],"class_list":{"0":"post-681042","1":"product","2":"type-product","3":"status-publish","4":"has-post-thumbnail","6":"product_brand-manly-knives","7":"product_cat-edc","8":"product_cat-folding-knives-pt-pt","9":"product_cat-knives-pt-pt","11":"first","12":"outofstock","13":"taxable","14":"shipping-taxable","15":"purchasable","16":"product-type-simple"},"acf":[],"_links":{"self":[{"href":"https:\/\/nbg.eu\/pt-pt\/wp-json\/wp\/v2\/product\/681042","targetHints":{"allow":["GET"]}}],"collection":[{"href":"https:\/\/nbg.eu\/pt-pt\/wp-json\/wp\/v2\/product"}],"about":[{"href":"https:\/\/nbg.eu\/pt-pt\/wp-json\/wp\/v2\/types\/product"}],"wp:featuredmedia":[{"embeddable":true,"href":"https:\/\/nbg.eu\/pt-pt\/wp-json\/wp\/v2\/media\/681091"}],"wp:attachment":[{"href":"https:\/\/nbg.eu\/pt-pt\/wp-json\/wp\/v2\/media?parent=681042"}],"wp:term":[{"taxonomy":"product_brand","embeddable":true,"href":"https:\/\/nbg.eu\/pt-pt\/wp-json\/wp\/v2\/product_brand?post=681042"},{"taxonomy":"product_cat","embeddable":true,"href":"https:\/\/nbg.eu\/pt-pt\/wp-json\/wp\/v2\/product_cat?post=681042"},{"taxonomy":"product_tag","embeddable":true,"href":"https:\/\/nbg.eu\/pt-pt\/wp-json\/wp\/v2\/product_tag?post=681042"}],"curies":[{"name":"wp","href":"https:\/\/api.w.org\/{rel}","templated":true}]}}