{"id":681147,"date":"2026-01-08T18:14:00","date_gmt":"2026-01-08T15:14:00","guid":{"rendered":"https:\/\/nbg.eu\/product\/manly-pico-preto-14c28n\/"},"modified":"2026-01-21T11:41:26","modified_gmt":"2026-01-21T08:41:26","slug":"manly-pico-preto-14c28n","status":"publish","type":"product","link":"https:\/\/nbg.eu\/pt-pt\/produto\/manly-pico-preto-14c28n\/","title":{"rendered":"Manly PICO PRETO 14C28N"},"content":{"rendered":"<h2>Manly PEAK BLACK 14C28N &#8211; O canivete de bolso essencial para o dia a dia<\/h2>\n<p>Continuando a tradi\u00e7\u00e3o Manly de fornecer canivetes de bolso de alta qualidade a pre\u00e7os razo\u00e1veis, o PEAK &#8211; 14C28N Black (One Hand) \u00e9 o ep\u00edtome da versatilidade e praticidade. Fabricado com precis\u00e3o, esta faca dobr\u00e1vel apresenta uma l\u00e2mina de a\u00e7o sueco 14C28N e um cabo de G10, garantindo uma ferramenta de corte dur\u00e1vel e confi\u00e1vel para tarefas di\u00e1rias.<\/p>\n<p>Projetado para uso ambidestro, o clipe revers\u00edvel permite um acesso f\u00e1cil tanto para a m\u00e3o esquerda quanto para a direita, tornando-o o companheiro perfeito, seja voc\u00ea destro ou canhoto. O mecanismo de trava traseira fornece um bloqueio seguro e confi\u00e1vel, garantindo que a l\u00e2mina permane\u00e7a no lugar durante o uso.<\/p>\n<p>Com um comprimento total de 22 cm e uma l\u00e2mina de 9,4 cm, o PEAK &#8211; 14C28N Black (One Hand) oferece um tamanho confort\u00e1vel e manuse\u00e1vel, ideal para uma ampla gama de aplica\u00e7\u00f5es, desde aventuras ao ar livre at\u00e9 tarefas de utilidade di\u00e1ria. Pesando 115g, essa faca mant\u00e9m o equil\u00edbrio perfeito entre peso e portabilidade, tornando-a uma escolha confi\u00e1vel e vers\u00e1til para o seu dia a dia.<\/p>\n<p>Apresentando uma l\u00e2mina de 14C28N com acabamento escovado e um cabo preto elegante de G10, o PEAK &#8211; 14C28N Black (One Hand) n\u00e3o apenas desempenha excepcionalmente bem, mas tamb\u00e9m exibe uma est\u00e9tica moderna e elegante que complementar\u00e1 qualquer estilo pessoal. Seja voc\u00ea um entusiasta ao ar livre, um t\u00e9cnico ou simplesmente algu\u00e9m que aprecia uma ferramenta bem fabricada, o Manly PEAK &#8211; 14C28N Black (One Hand) \u00e9 a adi\u00e7\u00e3o perfeita para a sua cole\u00e7\u00e3o de itens essenciais do dia a dia.<\/p>\n","protected":false},"excerpt":{"rendered":"<p>Faca de bolso com pre\u00e7o razo\u00e1vel, l\u00e2mina de a\u00e7o sueco 14C28N, clipe revers\u00edvel e trava traseira.<\/p>\n","protected":false},"featured_media":685061,"template":"","meta":{"_acf_changed":false},"product_brand":[15080],"product_cat":[12522],"product_tag":[],"class_list":{"0":"post-681147","1":"product","2":"type-product","3":"status-publish","4":"has-post-thumbnail","6":"product_brand-manly-knives","7":"product_cat-edc","9":"first","10":"instock","11":"taxable","12":"shipping-taxable","13":"purchasable","14":"product-type-simple"},"acf":[],"_links":{"self":[{"href":"https:\/\/nbg.eu\/pt-pt\/wp-json\/wp\/v2\/product\/681147","targetHints":{"allow":["GET"]}}],"collection":[{"href":"https:\/\/nbg.eu\/pt-pt\/wp-json\/wp\/v2\/product"}],"about":[{"href":"https:\/\/nbg.eu\/pt-pt\/wp-json\/wp\/v2\/types\/product"}],"wp:featuredmedia":[{"embeddable":true,"href":"https:\/\/nbg.eu\/pt-pt\/wp-json\/wp\/v2\/media\/685061"}],"wp:attachment":[{"href":"https:\/\/nbg.eu\/pt-pt\/wp-json\/wp\/v2\/media?parent=681147"}],"wp:term":[{"taxonomy":"product_brand","embeddable":true,"href":"https:\/\/nbg.eu\/pt-pt\/wp-json\/wp\/v2\/product_brand?post=681147"},{"taxonomy":"product_cat","embeddable":true,"href":"https:\/\/nbg.eu\/pt-pt\/wp-json\/wp\/v2\/product_cat?post=681147"},{"taxonomy":"product_tag","embeddable":true,"href":"https:\/\/nbg.eu\/pt-pt\/wp-json\/wp\/v2\/product_tag?post=681147"}],"curies":[{"name":"wp","href":"https:\/\/api.w.org\/{rel}","templated":true}]}}