{"id":681283,"date":"2025-12-17T14:50:21","date_gmt":"2025-12-17T11:50:21","guid":{"rendered":"https:\/\/nbg.eu\/product\/manly-patriota-viril-m-verde-rwl-34\/"},"modified":"2026-01-21T11:39:47","modified_gmt":"2026-01-21T08:39:47","slug":"manly-patriota-viril-m-verde-rwl-34","status":"publish","type":"product","link":"https:\/\/nbg.eu\/pt-pt\/produto\/manly-patriota-viril-m-verde-rwl-34\/","title":{"rendered":"Manly  Patriota Viril M.VERDE RWL-34"},"content":{"rendered":"<h2>Manly PATRIOT M.VERDE RWL-34 &#8211; A Faca de L\u00e2mina Fixa Vers\u00e1til para o Uso Di\u00e1rio<\/h2>\n<p>Com o PATRIOT &#8211; RWL-34 Verde Militar, a Manly apresenta uma vers\u00e3o fixa do seu bem-sucedido canivete dobr\u00e1vel Comrade. Com praticamente as mesmas dimens\u00f5es, o PATRIOT \u00e9 a escolha perfeita para uso di\u00e1rio, ca\u00e7a e camping. Com uma l\u00e2mina com acabamento acetinado feita de a\u00e7o premium RWL-34, esta faca combina durabilidade e desempenho de corte. Fabricado com pegas de G10 ou madeira de nogueira, o PATRIOT oferece um empunhadura confort\u00e1vel e segura, garantindo um manuseio confiante em diversas situa\u00e7\u00f5es.<\/p>\n<p>Medindo 21 cm de comprimento total e com uma l\u00e2mina de 9,1 cm, o PATRIOT \u00e9 uma ferramenta compacta e vers\u00e1til. Sua l\u00e2mina de 4 mm de espessura proporciona resist\u00eancia e rigidez suficientes, enquanto o peso total de 126g garante uma sensa\u00e7\u00e3o de equil\u00edbrio. Protegido por uma bainha dur\u00e1vel de Kydex, o PATRIOT \u00e9 um companheiro confi\u00e1vel para entusiastas de atividades ao ar livre e usu\u00e1rios de itens de uso di\u00e1rio.<\/p>\n","protected":false},"excerpt":{"rendered":"<p>Faca militar de l\u00e2mina fixa com l\u00e2mina de a\u00e7o RWL-34 com acabamento acetinado e cabo de G10 na cor verde militar.<\/p>\n","protected":false},"featured_media":681305,"template":"","meta":{"_acf_changed":false},"product_brand":[15080],"product_cat":[2876],"product_tag":[],"class_list":{"0":"post-681283","1":"product","2":"type-product","3":"status-publish","4":"has-post-thumbnail","6":"product_brand-manly-knives","7":"product_cat-rahohvatki","9":"first","10":"instock","11":"taxable","12":"shipping-taxable","13":"purchasable","14":"product-type-simple"},"acf":[],"_links":{"self":[{"href":"https:\/\/nbg.eu\/pt-pt\/wp-json\/wp\/v2\/product\/681283","targetHints":{"allow":["GET"]}}],"collection":[{"href":"https:\/\/nbg.eu\/pt-pt\/wp-json\/wp\/v2\/product"}],"about":[{"href":"https:\/\/nbg.eu\/pt-pt\/wp-json\/wp\/v2\/types\/product"}],"wp:featuredmedia":[{"embeddable":true,"href":"https:\/\/nbg.eu\/pt-pt\/wp-json\/wp\/v2\/media\/681305"}],"wp:attachment":[{"href":"https:\/\/nbg.eu\/pt-pt\/wp-json\/wp\/v2\/media?parent=681283"}],"wp:term":[{"taxonomy":"product_brand","embeddable":true,"href":"https:\/\/nbg.eu\/pt-pt\/wp-json\/wp\/v2\/product_brand?post=681283"},{"taxonomy":"product_cat","embeddable":true,"href":"https:\/\/nbg.eu\/pt-pt\/wp-json\/wp\/v2\/product_cat?post=681283"},{"taxonomy":"product_tag","embeddable":true,"href":"https:\/\/nbg.eu\/pt-pt\/wp-json\/wp\/v2\/product_tag?post=681283"}],"curies":[{"name":"wp","href":"https:\/\/api.w.org\/{rel}","templated":true}]}}