{"id":682117,"date":"2026-01-08T18:13:52","date_gmt":"2026-01-08T15:13:52","guid":{"rendered":"https:\/\/nbg.eu\/product\/cidade-militar-manly-14c28n\/"},"modified":"2026-01-21T11:41:31","modified_gmt":"2026-01-21T08:41:31","slug":"cidade-militar-manly-14c28n","status":"publish","type":"product","link":"https:\/\/nbg.eu\/pt-pt\/produto\/cidade-militar-manly-14c28n\/","title":{"rendered":"Cidade Militar Manly 14C28N"},"content":{"rendered":"<h2>Manly City Military 14C28N: A Faca Excepcional para o Dia a Dia<\/h2>\n<p>A Manly City Military 14C28N \u00e9 uma faca excepcional para uso di\u00e1rio na cidade, que incorpora nossa filosofia de oferecer materiais prim\u00e1rios cuidadosamente selecionados a um pre\u00e7o razo\u00e1vel. Com uma l\u00e2mina plana completa feita de a\u00e7o Sandvik 14C28N, este modelo \u00e9 projetado para versatilidade e conveni\u00eancia.<\/p>\n<p>Com um clipe revers\u00edvel e posi\u00e7\u00e3o de pino duplo, a Manly City Military 14C28N \u00e9 adequada para usu\u00e1rios canhotos e destros, garantindo um empunhadura confort\u00e1vel e personaliz\u00e1vel. O material da al\u00e7a em G10 proporciona um aperto seguro e dur\u00e1vel, enquanto o mecanismo de abertura com uma m\u00e3o e travamento oferecem uma opera\u00e7\u00e3o suave e confi\u00e1vel.<\/p>\n<p>Especifica\u00e7\u00f5es T\u00e9cnicas:<\/p>\n<ul>\n<li>Modelo: CITY 14C28N Military Green Flat Handle<\/li>\n<li>Tipo: Faca dobr\u00e1vel<\/li>\n<li>Comprimento total: 17,7 cm<\/li>\n<li>Comprimento da l\u00e2mina: 7,0 cm<\/li>\n<li>Comprimento dobrada: 10,5 cm<\/li>\n<li>Espessura da l\u00e2mina: 2,7 mm<\/li>\n<li>Peso: 95 g<\/li>\n<li>Material da l\u00e2mina: 14C28N<\/li>\n<li>Material da al\u00e7a: G10<\/li>\n<li>Abertura: Pino de polegar<\/li>\n<li>Abertura: uma m\u00e3o<\/li>\n<li>Tipo de travamento: Travamento de costas<\/li>\n<\/ul>\n","protected":false},"excerpt":{"rendered":"<p>Faca militar da cidade de Manly 14C28N, feita com a\u00e7o Sandvik 14C28N e cabo em G10, adequada para uso com a m\u00e3o esquerda ou direita.<\/p>\n","protected":false},"featured_media":682140,"template":"","meta":{"_acf_changed":false},"product_brand":[15080],"product_cat":[12522],"product_tag":[],"class_list":{"0":"post-682117","1":"product","2":"type-product","3":"status-publish","4":"has-post-thumbnail","6":"product_brand-manly-knives","7":"product_cat-edc","9":"first","10":"instock","11":"taxable","12":"shipping-taxable","13":"purchasable","14":"product-type-simple"},"acf":[],"_links":{"self":[{"href":"https:\/\/nbg.eu\/pt-pt\/wp-json\/wp\/v2\/product\/682117","targetHints":{"allow":["GET"]}}],"collection":[{"href":"https:\/\/nbg.eu\/pt-pt\/wp-json\/wp\/v2\/product"}],"about":[{"href":"https:\/\/nbg.eu\/pt-pt\/wp-json\/wp\/v2\/types\/product"}],"wp:featuredmedia":[{"embeddable":true,"href":"https:\/\/nbg.eu\/pt-pt\/wp-json\/wp\/v2\/media\/682140"}],"wp:attachment":[{"href":"https:\/\/nbg.eu\/pt-pt\/wp-json\/wp\/v2\/media?parent=682117"}],"wp:term":[{"taxonomy":"product_brand","embeddable":true,"href":"https:\/\/nbg.eu\/pt-pt\/wp-json\/wp\/v2\/product_brand?post=682117"},{"taxonomy":"product_cat","embeddable":true,"href":"https:\/\/nbg.eu\/pt-pt\/wp-json\/wp\/v2\/product_cat?post=682117"},{"taxonomy":"product_tag","embeddable":true,"href":"https:\/\/nbg.eu\/pt-pt\/wp-json\/wp\/v2\/product_tag?post=682117"}],"curies":[{"name":"wp","href":"https:\/\/api.w.org\/{rel}","templated":true}]}}