{"id":682584,"date":"2026-01-09T22:08:59","date_gmt":"2026-01-09T19:08:59","guid":{"rendered":"https:\/\/nbg.eu\/product\/cidade-masculina-preta-14c28n\/"},"modified":"2026-01-21T12:29:38","modified_gmt":"2026-01-21T09:29:38","slug":"cidade-masculina-preta-14c28n","status":"publish","type":"product","link":"https:\/\/nbg.eu\/pt-pt\/produto\/cidade-masculina-preta-14c28n\/","title":{"rendered":"Cidade Masculina Preta 14C28N"},"content":{"rendered":"<h2>Manly City Black 14C28N: Uma Faca de Cidade Excepcional para o Dia a Dia<\/h2>\n<p>A Manly City Black 14C28N \u00e9 uma faca de cidade excepcional para o dia a dia, que incorpora nossa filosofia de oferecer aos usu\u00e1rios materiais prim\u00e1rios cuidadosamente selecionados a um pre\u00e7o razo\u00e1vel. Com uma l\u00e2mina plana feita de a\u00e7o Sandvik 14C28N dur\u00e1vel, esta faca dobr\u00e1vel \u00e9 projetada para ser um companheiro confi\u00e1vel para tarefas do dia a dia.<\/p>\n<p>Com um comprimento total de 17,7 cm e um comprimento de l\u00e2mina de 7,0 cm, a Manly City Black 14C28N \u00e9 uma ferramenta compacta e vers\u00e1til. Quando dobrada, mede 10,5 cm, tornando-a f\u00e1cil de carregar e armazenar. A espessura da l\u00e2mina de 2,7 mm e o peso total de 95 g garantem uma experi\u00eancia de manuseio equilibrada e confort\u00e1vel.<\/p>\n<p>Um dos recursos de destaque desta faca \u00e9 seu clipe revers\u00edvel, que a torna adequada tanto para usu\u00e1rios canhotos quanto destros. O material do cabo \u00e9 feito de G10 dur\u00e1vel, proporcionando um aperto firme e antideslizante, mesmo em condi\u00e7\u00f5es \u00famidas ou exigentes.<\/p>\n<p>Equipada com um mecanismo de abertura com duas m\u00e3os e um mecanismo de trava confi\u00e1vel, a Manly City Black 14C28N oferece opera\u00e7\u00e3o segura e segura, garantindo que suas tarefas de corte sejam realizadas com confian\u00e7a e precis\u00e3o. O esquema de cores preto e elegante adiciona apelo moderno e sofisticado \u00e0 faca, tornando-a uma escolha estilosa para o dia a dia.<\/p>\n","protected":false},"excerpt":{"rendered":"<p>A faca Manly City Black 14C28N \u00e9 uma faca de cidade excepcional para o uso di\u00e1rio, com uma l\u00e2mina de a\u00e7o Sandvik 14C28N com perfil plano e um clipe revers\u00edvel para uso com a m\u00e3o esquerda ou direita.<\/p>\n","protected":false},"featured_media":682716,"template":"","meta":{"_acf_changed":false},"product_brand":[15080],"product_cat":[12522,15373,15354],"product_tag":[],"class_list":{"0":"post-682584","1":"product","2":"type-product","3":"status-publish","4":"has-post-thumbnail","6":"product_brand-manly-knives","7":"product_cat-edc","8":"product_cat-folding-knives-pt-pt","9":"product_cat-knives-pt-pt","11":"first","12":"instock","13":"taxable","14":"shipping-taxable","15":"purchasable","16":"product-type-simple"},"acf":[],"_links":{"self":[{"href":"https:\/\/nbg.eu\/pt-pt\/wp-json\/wp\/v2\/product\/682584","targetHints":{"allow":["GET"]}}],"collection":[{"href":"https:\/\/nbg.eu\/pt-pt\/wp-json\/wp\/v2\/product"}],"about":[{"href":"https:\/\/nbg.eu\/pt-pt\/wp-json\/wp\/v2\/types\/product"}],"wp:featuredmedia":[{"embeddable":true,"href":"https:\/\/nbg.eu\/pt-pt\/wp-json\/wp\/v2\/media\/682716"}],"wp:attachment":[{"href":"https:\/\/nbg.eu\/pt-pt\/wp-json\/wp\/v2\/media?parent=682584"}],"wp:term":[{"taxonomy":"product_brand","embeddable":true,"href":"https:\/\/nbg.eu\/pt-pt\/wp-json\/wp\/v2\/product_brand?post=682584"},{"taxonomy":"product_cat","embeddable":true,"href":"https:\/\/nbg.eu\/pt-pt\/wp-json\/wp\/v2\/product_cat?post=682584"},{"taxonomy":"product_tag","embeddable":true,"href":"https:\/\/nbg.eu\/pt-pt\/wp-json\/wp\/v2\/product_tag?post=682584"}],"curies":[{"name":"wp","href":"https:\/\/api.w.org\/{rel}","templated":true}]}}