{"id":683265,"date":"2025-12-17T17:30:35","date_gmt":"2025-12-17T14:30:35","guid":{"rendered":"https:\/\/nbg.eu\/product\/brasa-preta-viril-g10-rwl-34\/"},"modified":"2026-01-21T11:41:30","modified_gmt":"2026-01-21T08:41:30","slug":"brasa-preta-viril-g10-rwl-34","status":"publish","type":"product","link":"https:\/\/nbg.eu\/pt-pt\/produto\/brasa-preta-viril-g10-rwl-34\/","title":{"rendered":"Brasa Preta Viril G10 RWL-34"},"content":{"rendered":"<h2>Manly Blaze Black G10 RWL-34 &#8211; O Faca Bushcraft Definitiva<\/h2>\n<p>Blaze RWL-34 Black \u00e9 a faca Bushcraft perfeita. Com uma l\u00e2mina fixa e constru\u00e7\u00e3o de l\u00e2mina inteira + a\u00e7o em p\u00f3 RWL-34 superior, a durabilidade desta faca \u00e9 garantida. O cabo \u00e9 feito de G10 preto texturizado, resistente \u00e0 corros\u00e3o. A faca pode ser removida da bainha (feita de kydex) facilmente com um movimento de uma m\u00e3o, e o suporte para cinto pode ser horizontal ou vertical.<\/p>\n<p>Se voc\u00ea precisa de uma faca confi\u00e1vel nas montanhas, acampamento ou pesca, o Blaze \u00e9 para voc\u00ea.<\/p>\n<h2>Especifica\u00e7\u00f5es T\u00e9cnicas<\/h2>\n<p>Nome: Blaze \u2013 RWL-34 Black<br \/>\nTipo: L\u00e2mina fixa<br \/>\nComprimento total: 24,5 cm<br \/>\nComprimento da l\u00e2mina: 11,9 cm<br \/>\nEspessura da l\u00e2mina: 4 mm<br \/>\nDureza do gume de corte: 62 hrc<br \/>\nPeso: 210g<br \/>\nMaterial da l\u00e2mina: RWL-34<br \/>\nMaterial do cabo: G10<br \/>\nMaterial da bainha: Kydex<\/p>\n","protected":false},"excerpt":{"rendered":"<p>Faca Blaze RWL-34 Preta: a faca perfeita para Bushcraft com l\u00e2mina fixa, tang inteira e a\u00e7o em p\u00f3 RWL-34.<\/p>\n","protected":false},"featured_media":683296,"template":"","meta":{"_acf_changed":false},"product_brand":[15080],"product_cat":[2876],"product_tag":[],"class_list":{"0":"post-683265","1":"product","2":"type-product","3":"status-publish","4":"has-post-thumbnail","6":"product_brand-manly-knives","7":"product_cat-rahohvatki","9":"first","10":"instock","11":"taxable","12":"shipping-taxable","13":"purchasable","14":"product-type-simple"},"acf":[],"_links":{"self":[{"href":"https:\/\/nbg.eu\/pt-pt\/wp-json\/wp\/v2\/product\/683265","targetHints":{"allow":["GET"]}}],"collection":[{"href":"https:\/\/nbg.eu\/pt-pt\/wp-json\/wp\/v2\/product"}],"about":[{"href":"https:\/\/nbg.eu\/pt-pt\/wp-json\/wp\/v2\/types\/product"}],"wp:featuredmedia":[{"embeddable":true,"href":"https:\/\/nbg.eu\/pt-pt\/wp-json\/wp\/v2\/media\/683296"}],"wp:attachment":[{"href":"https:\/\/nbg.eu\/pt-pt\/wp-json\/wp\/v2\/media?parent=683265"}],"wp:term":[{"taxonomy":"product_brand","embeddable":true,"href":"https:\/\/nbg.eu\/pt-pt\/wp-json\/wp\/v2\/product_brand?post=683265"},{"taxonomy":"product_cat","embeddable":true,"href":"https:\/\/nbg.eu\/pt-pt\/wp-json\/wp\/v2\/product_cat?post=683265"},{"taxonomy":"product_tag","embeddable":true,"href":"https:\/\/nbg.eu\/pt-pt\/wp-json\/wp\/v2\/product_tag?post=683265"}],"curies":[{"name":"wp","href":"https:\/\/api.w.org\/{rel}","templated":true}]}}