{"id":683350,"date":"2025-12-17T17:40:13","date_gmt":"2025-12-17T14:40:13","guid":{"rendered":"https:\/\/nbg.eu\/product\/brasa-preta-g10-d2-viril\/"},"modified":"2026-01-21T11:39:01","modified_gmt":"2026-01-21T08:39:01","slug":"brasa-preta-g10-d2-viril","status":"publish","type":"product","link":"https:\/\/nbg.eu\/pt-pt\/produto\/brasa-preta-g10-d2-viril\/","title":{"rendered":"Brasa Preta G10 D2 Viril"},"content":{"rendered":"<h2>Blaze D2 Black: A Faca de Bushcraft Confi\u00e1vel para Aventuras ao Ar Livre<\/h2>\n<p>O Blaze D2 Black \u00e9 a faca de Bushcraft perfeita, projetada para uso em ambientes externos robustos. Com sua l\u00e2mina fixa e constru\u00e7\u00e3o de espigo total, essa faca oferece estabilidade e durabilidade incompar\u00e1veis, garantindo que possa resistir \u00e0s tarefas mais dif\u00edceis. O cabo texturizado em G10 preto \u00e9 resistente \u00e0 corros\u00e3o, proporcionando um aperto seguro mesmo em condi\u00e7\u00f5es \u00famidas.<\/p>\n<p>O Blaze pode ser facilmente removido de sua bainha de Kydex com um movimento de uma s\u00f3 m\u00e3o, permitindo um acesso r\u00e1pido quando voc\u00ea mais precisar. A montagem vers\u00e1til no cinto pode ser posicionada horizontal ou verticalmente, tornando-o conveniente de carregar em suas aventuras.<\/p>\n<p>Seja enfrentando desafios na natureza, acampando ou pescando, o Blaze D2 Black \u00e9 o companheiro confi\u00e1vel em que voc\u00ea pode contar. Fabricado com precis\u00e3o, essa faca possui uma dureza de corte de 61HRC, garantindo que possa lidar com uma ampla gama de tarefas com facilidade. Com seu material de l\u00e2mina 1.2379 (D2) e constru\u00e7\u00e3o robusta, o Blaze D2 Black \u00e9 constru\u00eddo para durar, tornando-o uma ferramenta essencial para qualquer entusiasta do ar livre.<\/p>\n","protected":false},"excerpt":{"rendered":"<p>Blaze D2 Preto &#8211; a faca Bushcraft perfeita. Empunhadura texturizada em G10, l\u00e2mina de a\u00e7o D2, bainha de Kydex.<\/p>\n","protected":false},"featured_media":683394,"template":"","meta":{"_acf_changed":false},"product_brand":[15080],"product_cat":[2876],"product_tag":[],"class_list":{"0":"post-683350","1":"product","2":"type-product","3":"status-publish","4":"has-post-thumbnail","6":"product_brand-manly-knives","7":"product_cat-rahohvatki","9":"first","10":"instock","11":"taxable","12":"shipping-taxable","13":"purchasable","14":"product-type-simple"},"acf":[],"_links":{"self":[{"href":"https:\/\/nbg.eu\/pt-pt\/wp-json\/wp\/v2\/product\/683350","targetHints":{"allow":["GET"]}}],"collection":[{"href":"https:\/\/nbg.eu\/pt-pt\/wp-json\/wp\/v2\/product"}],"about":[{"href":"https:\/\/nbg.eu\/pt-pt\/wp-json\/wp\/v2\/types\/product"}],"wp:featuredmedia":[{"embeddable":true,"href":"https:\/\/nbg.eu\/pt-pt\/wp-json\/wp\/v2\/media\/683394"}],"wp:attachment":[{"href":"https:\/\/nbg.eu\/pt-pt\/wp-json\/wp\/v2\/media?parent=683350"}],"wp:term":[{"taxonomy":"product_brand","embeddable":true,"href":"https:\/\/nbg.eu\/pt-pt\/wp-json\/wp\/v2\/product_brand?post=683350"},{"taxonomy":"product_cat","embeddable":true,"href":"https:\/\/nbg.eu\/pt-pt\/wp-json\/wp\/v2\/product_cat?post=683350"},{"taxonomy":"product_tag","embeddable":true,"href":"https:\/\/nbg.eu\/pt-pt\/wp-json\/wp\/v2\/product_tag?post=683350"}],"curies":[{"name":"wp","href":"https:\/\/api.w.org\/{rel}","templated":true}]}}