{"id":683445,"date":"2025-12-17T18:06:26","date_gmt":"2025-12-17T15:06:26","guid":{"rendered":"https:\/\/nbg.eu\/product\/camera-termica-para-carro-nocpix-m6t25s-com-deteccao-inteligente-para-objetos-quentes\/"},"modified":"2026-01-21T11:45:00","modified_gmt":"2026-01-21T08:45:00","slug":"camera-termica-para-carro-nocpix-m6t25s-com-deteccao-inteligente-para-objetos-quentes","status":"publish","type":"product","link":"https:\/\/nbg.eu\/pt-pt\/produto\/camera-termica-para-carro-nocpix-m6t25s-com-deteccao-inteligente-para-objetos-quentes\/","title":{"rendered":"C\u00e2mera t\u00e9rmica para carro Nocpix M6T25S com detec\u00e7\u00e3o inteligente para objetos quentes"},"content":{"rendered":"<h2>C\u00e2mera T\u00e9rmica Automotiva Nocpix M6T25S com Detec\u00e7\u00e3o Inteligente de Objetos Quentes<\/h2>\n<p>Apresentando a s\u00e9rie MT da Nocpix, o scanner de c\u00fapula inovador da Nocpix projetado especificamente para ca\u00e7a. \u00c9 a sua escolha ideal n\u00e3o apenas para dirigir durante a ca\u00e7a, mas tamb\u00e9m adapt\u00e1vel a v\u00e1rios m\u00e9todos e h\u00e1bitos de ca\u00e7a. Equipado com modelos de IA de ponta e poder de computa\u00e7\u00e3o de alto desempenho, o MT garante desempenho est\u00e1vel mesmo durante a condu\u00e7\u00e3o e apresenta detec\u00e7\u00e3o, bloqueio e rastreamento precisos da presa, entregando imagens de alta qualidade e uma experi\u00eancia de ca\u00e7a excepcional.<\/p>\n<h2>Desempenho Inteligente com IA<\/h2>\n<p>Alimentado pelo modelo de aprendizado profundo YOLO V5 e 2T de poder de computa\u00e7\u00e3o, este sistema foi projetado para melhorar sua experi\u00eancia de ca\u00e7a. O modelo de aprendizado profundo, treinado em um enorme conjunto de dados, permite o reconhecimento e o rastreamento autom\u00e1tico r\u00e1pidos da presa, com caixas delimitadoras precisas para marca\u00e7\u00e3o do alvo. Isso torna todo o processo de ca\u00e7a &#8211; identifica\u00e7\u00e3o, direcionamento e rastreamento &#8211; muito mais f\u00e1cil e suave, reduzindo o esfor\u00e7o necess\u00e1rio para realizar cada etapa por conta pr\u00f3pria.<\/p>\n<h2>Vis\u00e3o Panor\u00e2mica de 360\u00b0 Sem Escovas com Alcance de Inclina\u00e7\u00e3o de 90\u00b0<\/h2>\n<p>O MT oferece uma ampla vis\u00e3o panor\u00e2mica de 360\u00b0 com um alcance de inclina\u00e7\u00e3o de 90\u00b0, proporcionando cobertura completa. Isso garante o rastreamento completo e ininterrupto da sua presa, sem pontos cegos.<\/p>\n<h2>Estabiliza\u00e7\u00e3o Final<\/h2>\n<p>A estabiliza\u00e7\u00e3o de 2 eixos permite que o MT tenha a capacidade de entregar uma imagem est\u00e1vel, a calibra\u00e7\u00e3o autom\u00e1tica corrige o deslocamento da lente causado por solavancos na estrada ou quaisquer outros fatores ambientais externos, mantendo uma dire\u00e7\u00e3o constante.<\/p>\n<h2>Experi\u00eancia do Usu\u00e1rio Extremamente Silenciosa<\/h2>\n<p>O M6T25S usa um motor sem escovas para rota\u00e7\u00e3o horizontal de 360 graus e um design de balanceamento din\u00e2mico, o que significa que ele opera em um n\u00edvel de decib\u00e9is baixo durante a rota\u00e7\u00e3o e a inclina\u00e7\u00e3o, garantindo que sua experi\u00eancia de ca\u00e7a permane\u00e7a ininterrupta e agrad\u00e1vel.<\/p>\n<h2>M\u00faltiplas Conex\u00f5es e M\u00e9todos de Exibi\u00e7\u00e3o de Terminal<\/h2>\n<p>Para acomodar diferentes h\u00e1bitos e cen\u00e1rios de uso, s\u00e3o compat\u00edveis dois m\u00e9todos de conex\u00e3o: cabo e Wi-Fi. A conex\u00e3o por cabo oferece uma transmiss\u00e3o de imagem relativamente mais est\u00e1vel, enquanto o Wi-Fi oferece uma experi\u00eancia mais conveniente e sem fio. A transmiss\u00e3o de imagem em tempo real est\u00e1 dispon\u00edvel em qualquer dispositivo com o aplicativo Nocpix instalado, incluindo, entre outros, iPad e telefones celulares.<\/p>\n","protected":false},"excerpt":{"rendered":"<p>C\u00e2mera t\u00e9rmica automotiva Nocpix M6T25S com detec\u00e7\u00e3o inteligente para objetos quentes. Pesquisa inteligente, alcance efetivo de 2300m, controle remoto, 2 baterias recarreg\u00e1veis para at\u00e9 7 horas de opera\u00e7\u00e3o.<\/p>\n<p>Se o item n\u00e3o estiver dispon\u00edvel, entre em contato conosco: shop@nbg.eu ou +359896147790<\/p>\n","protected":false},"featured_media":683603,"template":"","meta":{"_acf_changed":false},"product_brand":[14460],"product_cat":[12508],"product_tag":[],"class_list":{"0":"post-683445","1":"product","2":"type-product","3":"status-publish","4":"has-post-thumbnail","6":"product_brand-nocpix","7":"product_cat-termico","9":"first","10":"instock","11":"taxable","12":"shipping-taxable","13":"purchasable","14":"product-type-simple"},"acf":[],"_links":{"self":[{"href":"https:\/\/nbg.eu\/pt-pt\/wp-json\/wp\/v2\/product\/683445","targetHints":{"allow":["GET"]}}],"collection":[{"href":"https:\/\/nbg.eu\/pt-pt\/wp-json\/wp\/v2\/product"}],"about":[{"href":"https:\/\/nbg.eu\/pt-pt\/wp-json\/wp\/v2\/types\/product"}],"wp:featuredmedia":[{"embeddable":true,"href":"https:\/\/nbg.eu\/pt-pt\/wp-json\/wp\/v2\/media\/683603"}],"wp:attachment":[{"href":"https:\/\/nbg.eu\/pt-pt\/wp-json\/wp\/v2\/media?parent=683445"}],"wp:term":[{"taxonomy":"product_brand","embeddable":true,"href":"https:\/\/nbg.eu\/pt-pt\/wp-json\/wp\/v2\/product_brand?post=683445"},{"taxonomy":"product_cat","embeddable":true,"href":"https:\/\/nbg.eu\/pt-pt\/wp-json\/wp\/v2\/product_cat?post=683445"},{"taxonomy":"product_tag","embeddable":true,"href":"https:\/\/nbg.eu\/pt-pt\/wp-json\/wp\/v2\/product_tag?post=683445"}],"curies":[{"name":"wp","href":"https:\/\/api.w.org\/{rel}","templated":true}]}}