{"id":683634,"date":"2026-01-08T18:14:29","date_gmt":"2026-01-08T15:14:29","guid":{"rendered":"https:\/\/nbg.eu\/product\/camera-termica-nocpix-vista-h50-50mm-12um-640x512-15mk-netd\/"},"modified":"2026-04-14T16:12:46","modified_gmt":"2026-04-14T13:12:46","slug":"camera-termica-nocpix-vista-h50-50mm-12um-640x512-15mk-netd","status":"publish","type":"product","link":"https:\/\/nbg.eu\/pt-pt\/produto\/camera-termica-nocpix-vista-h50-50mm-12um-640x512-15mk-netd\/","title":{"rendered":"Nocpix C\u00e2mara T\u00e9rmica VISTA H50"},"content":{"rendered":"<h2>Nocpix VISTA H50 &#8211; C\u00e2mera de Imageamento T\u00e9rmico de \u00daltima Gera\u00e7\u00e3o para Uso Diurno e Noturno<\/h2>\n<p>A Nocpix VISTA H50 \u00e9 uma c\u00e2mera de imageamento t\u00e9rmico de \u00faltima gera\u00e7\u00e3o, projetada para uso diurno e noturno. Ela entrega uma qualidade de imagem excepcional, mesmo em condi\u00e7\u00f5es clim\u00e1ticas adversas, como neblina, fuma\u00e7a e chuva, e pode detectar alvos atrav\u00e9s de obst\u00e1culos, como galhos, grama alta e vegeta\u00e7\u00e3o densa, que normalmente obstruem a visibilidade.<\/p>\n<p>A VISTA H50 \u00e9 altamente vers\u00e1til e adequada para uma variedade de aplica\u00e7\u00f5es, incluindo ca\u00e7a, seguran\u00e7a, vigil\u00e2ncia, navega\u00e7\u00e3o em terrenos e opera\u00e7\u00f5es de busca e resgate. Sua tecnologia t\u00e9rmica avan\u00e7ada garante um desempenho confi\u00e1vel, proporcionando imagens n\u00edtidas e medi\u00e7\u00f5es precisas em ambientes desafiadores.<\/p>\n<h2>Especifica\u00e7\u00f5es Principais:<\/h2>\n<p>Resolu\u00e7\u00e3o: 640 x 512<br \/>\nTamanho de pixel: 12<br \/>\nNETD, mK: \u226415<br \/>\nTaxa de quadros: 50<br \/>\nLente: 50mm F0.9<br \/>\nCampo de vis\u00e3o: 8.8 x 7.0<br \/>\nCampo de vis\u00e3o (linear): 15 x 12<br \/>\nAmplia\u00e7\u00e3o: 4~40<br \/>\nAlcance de detec\u00e7\u00e3o: 2600<br \/>\nDist\u00e2ncia dos olhos: 25<br \/>\nDi\u00e2metro da pupila de sa\u00edda: 8<br \/>\nDioptria: -4 ~ +6<br \/>\nTipo de tela: AMOLED<br \/>\nResolu\u00e7\u00e3o da tela: 2560 x 2560<br \/>\nBateria: Bateria de \u00edon de l\u00edtio substitu\u00edvel IBP-7 \/ 4400mAh<br \/>\nTempo m\u00e1ximo de opera\u00e7\u00e3o: 5.5<br \/>\nWi-Fi\/App: SIM<br \/>\nMicrofone: SIM<br \/>\nCapacidade de mem\u00f3ria: 64GB<br \/>\nClassifica\u00e7\u00e3o IP: IP67<br \/>\nTemperatura m\u00e1xima de opera\u00e7\u00e3o: -20 ~ +50<br \/>\nPeso (on\u00e7as): 22.93<br \/>\nPeso (g): 650<br \/>\nDimens\u00f5es (pol): 7.64 x 2.76 x 3.23<br \/>\nDimens\u00f5es (mm): 194 x 70 x 82<\/p>\n","protected":false},"excerpt":{"rendered":"<p>A c\u00e2mera t\u00e9rmica Nocpix VISTA H50 \u00e9 uma c\u00e2mera t\u00e9rmica de 640&#215;512 12um com NETD \u226415mK, lente de 50mm F0.9 e tela AMOLED de 2560&#215;2560.<\/p>\n<p>Se o item n\u00e3o estiver dispon\u00edvel, entre em contato conosco: shop@nbg.eu ou +359896147790<\/p>\n<p>\n","protected":false},"featured_media":683704,"template":"","meta":{"_acf_changed":false},"product_brand":[14460],"product_cat":[12508,16094],"product_tag":[],"class_list":{"0":"post-683634","1":"product","2":"type-product","3":"status-publish","4":"has-post-thumbnail","6":"product_brand-nocpix","7":"product_cat-termico","8":"product_cat-thermal-cameras-pt-pt","10":"first","11":"instock","12":"taxable","13":"shipping-taxable","14":"purchasable","15":"product-type-simple"},"acf":[],"_links":{"self":[{"href":"https:\/\/nbg.eu\/pt-pt\/wp-json\/wp\/v2\/product\/683634","targetHints":{"allow":["GET"]}}],"collection":[{"href":"https:\/\/nbg.eu\/pt-pt\/wp-json\/wp\/v2\/product"}],"about":[{"href":"https:\/\/nbg.eu\/pt-pt\/wp-json\/wp\/v2\/types\/product"}],"wp:featuredmedia":[{"embeddable":true,"href":"https:\/\/nbg.eu\/pt-pt\/wp-json\/wp\/v2\/media\/683704"}],"wp:attachment":[{"href":"https:\/\/nbg.eu\/pt-pt\/wp-json\/wp\/v2\/media?parent=683634"}],"wp:term":[{"taxonomy":"product_brand","embeddable":true,"href":"https:\/\/nbg.eu\/pt-pt\/wp-json\/wp\/v2\/product_brand?post=683634"},{"taxonomy":"product_cat","embeddable":true,"href":"https:\/\/nbg.eu\/pt-pt\/wp-json\/wp\/v2\/product_cat?post=683634"},{"taxonomy":"product_tag","embeddable":true,"href":"https:\/\/nbg.eu\/pt-pt\/wp-json\/wp\/v2\/product_tag?post=683634"}],"curies":[{"name":"wp","href":"https:\/\/api.w.org\/{rel}","templated":true}]}}