{"id":683739,"date":"2026-01-08T18:13:33","date_gmt":"2026-01-08T15:13:33","guid":{"rendered":"https:\/\/nbg.eu\/product\/camera-termica-nocpix-vista-h35-sem-telemetro-35mm-12um-640x512-15mk-net\/"},"modified":"2026-04-14T16:13:03","modified_gmt":"2026-04-14T13:13:03","slug":"camera-termica-nocpix-vista-h35-sem-telemetro-35mm-12um-640x512-15mk-net","status":"publish","type":"product","link":"https:\/\/nbg.eu\/pt-pt\/produto\/camera-termica-nocpix-vista-h35-sem-telemetro-35mm-12um-640x512-15mk-net\/","title":{"rendered":"Nocpix C\u00e2mara T\u00e9rmica VISTA H35"},"content":{"rendered":"<h2>Monocular T\u00e9rmico Nocpix VISTA H35 &#8211; 35mm 12um 640&#215;512 \u226415mK NET<\/h2>\n<p>O Nocpix VISTA H35 \u00e9 um monocular t\u00e9rmico de uso m\u00faltiplo projetado para uso confi\u00e1vel durante o dia e \u00e0 noite. Este dispositivo avan\u00e7ado oferece desempenho excepcional de imagem t\u00e9rmica, fornecendo imagens claras e detalhadas mesmo em condi\u00e7\u00f5es clim\u00e1ticas desafiadoras como neblina, n\u00e9voa e chuva. Ele \u00e9 capaz de detectar alvos atrav\u00e9s de obst\u00e1culos como galhos, grama alta e vegeta\u00e7\u00e3o densa, garantindo opera\u00e7\u00e3o eficaz em ambientes onde a \u00f3ptica tradicional \u00e9 inadequada.<\/p>\n<p>Ideal para uma variedade de aplica\u00e7\u00f5es, o VISTA H35 \u00e9 perfeito para ca\u00e7a, vigil\u00e2ncia, seguran\u00e7a, navega\u00e7\u00e3o em terreno e miss\u00f5es de busca e salvamento. Com sua tecnologia de ponta e constru\u00e7\u00e3o dur\u00e1vel, o VISTA H35 garante detec\u00e7\u00e3o e medi\u00e7\u00e3o precisas nas condi\u00e7\u00f5es mais dif\u00edceis.<\/p>\n<h2>Recursos<\/h2>\n<p>-Detector 640\u00d7512 12\u03bcm<br \/>\nNETD\u226415mK<br \/>\n-Taxa de quadros alta de 60Hz<br \/>\n-Lente F0,9<br \/>\n-Tela circular AMOLED 2560\u00d72560<br \/>\n-Bateria recarreg\u00e1vel de troca r\u00e1pida IBP-7<br \/>\n-Zoom digital suave: 1\u00d7~8\u00d7<br \/>\n-Modo ultra limpo<br \/>\n-Prote\u00e7\u00e3o ocular com baixa luminosidade, paleta de cores e tom quente<br \/>\n-Estabiliza\u00e7\u00e3o eletr\u00f4nica de imagem<\/p>\n","protected":false},"excerpt":{"rendered":"<p>C\u00e2mera t\u00e9rmica Nocpix VISTA H35 sem tel\u00eametro &#8211; 35mm 12um 640&#215;512 &lt;15mk NET<\/p>\n","protected":false},"featured_media":683902,"template":"","meta":{"_acf_changed":false},"product_brand":[14460],"product_cat":[12508,16094],"product_tag":[],"class_list":{"0":"post-683739","1":"product","2":"type-product","3":"status-publish","4":"has-post-thumbnail","6":"product_brand-nocpix","7":"product_cat-termico","8":"product_cat-thermal-cameras-pt-pt","10":"first","11":"instock","12":"taxable","13":"shipping-taxable","14":"purchasable","15":"product-type-simple"},"acf":[],"_links":{"self":[{"href":"https:\/\/nbg.eu\/pt-pt\/wp-json\/wp\/v2\/product\/683739","targetHints":{"allow":["GET"]}}],"collection":[{"href":"https:\/\/nbg.eu\/pt-pt\/wp-json\/wp\/v2\/product"}],"about":[{"href":"https:\/\/nbg.eu\/pt-pt\/wp-json\/wp\/v2\/types\/product"}],"wp:featuredmedia":[{"embeddable":true,"href":"https:\/\/nbg.eu\/pt-pt\/wp-json\/wp\/v2\/media\/683902"}],"wp:attachment":[{"href":"https:\/\/nbg.eu\/pt-pt\/wp-json\/wp\/v2\/media?parent=683739"}],"wp:term":[{"taxonomy":"product_brand","embeddable":true,"href":"https:\/\/nbg.eu\/pt-pt\/wp-json\/wp\/v2\/product_brand?post=683739"},{"taxonomy":"product_cat","embeddable":true,"href":"https:\/\/nbg.eu\/pt-pt\/wp-json\/wp\/v2\/product_cat?post=683739"},{"taxonomy":"product_tag","embeddable":true,"href":"https:\/\/nbg.eu\/pt-pt\/wp-json\/wp\/v2\/product_tag?post=683739"}],"curies":[{"name":"wp","href":"https:\/\/api.w.org\/{rel}","templated":true}]}}