{"id":683930,"date":"2026-01-08T18:14:25","date_gmt":"2026-01-08T15:14:25","guid":{"rendered":"https:\/\/nbg.eu\/product\/camera-termica-nocpix-rico-2-h50r\/"},"modified":"2026-04-14T16:12:50","modified_gmt":"2026-04-14T13:12:50","slug":"camera-termica-nocpix-rico-2-h50r","status":"publish","type":"product","link":"https:\/\/nbg.eu\/pt-pt\/produto\/camera-termica-nocpix-rico-2-h50r\/","title":{"rendered":"Nocpix C\u00e2mara T\u00e9rmica Rico 2 H50R"},"content":{"rendered":"<h2>Nocpix Rico 2 H50R: Especialista em Tiro de Longo Alcance<\/h2>\n<p>A s\u00e9rie de lunetas t\u00e9rmicas Nocpix RICO 2 H50R \u00e9 projetada para ca\u00e7adores que exigem o melhor em claridade, alcance e conforto. Projetado com um sensor t\u00e9rmico l\u00edder no setor e alta taxa de quadros, ele entrega uma qualidade de imagem ultra-superior que facilita a identifica\u00e7\u00e3o e o acompanhamento de alvos. Seu longo comprimento focal e o LRF integrado garantem que voc\u00ea possa medir com precis\u00e3o os alvos distantes, enquanto o design \u00f3ptico avan\u00e7ado proporciona uma experi\u00eancia de visualiza\u00e7\u00e3o imersiva sem distor\u00e7\u00e3o. Apresentando uma alavanca de zoom cont\u00ednuo e um incr\u00edvel al\u00edvio ocular, a s\u00e9rie Nocpix RICO 2 H50R permite que os ca\u00e7adores ajustem a magnifica\u00e7\u00e3o com facilidade e se sintam confort\u00e1veis durante ca\u00e7adas prolongadas. Com suas tecnologias inovadoras e design centrado no usu\u00e1rio, a s\u00e9rie Nocpix RICO 2 H50R realmente permite que voc\u00ea ca\u00e7e al\u00e9m dos limites do que \u00e9 poss\u00edvel.<\/p>\n<h2>Principais Recursos:<\/h2>\n<p>Beneficie-se do sensor de segunda gera\u00e7\u00e3o premium de 12\u03bcm@60Hz, com NETD \u226420mK, para imagens n\u00edtidas e de alto contraste e identifica\u00e7\u00e3o de alvos aprimorada.<\/p>\n<p>O Nocpix RICO 2 H50R \u00e9 equipado com lentes objetivas maiores (50 mm\/F1.0, 42 mm\/F1.0), oferecendo maior capacidade de capta\u00e7\u00e3o de luz para clareza de imagem excepcional e alcance de detec\u00e7\u00e3o estendido.<\/p>\n<p>A s\u00e9rie RICO 2 permite que voc\u00ea ajuste seu zoom com facilidade com uma alavanca de zoom cont\u00ednuo estilo LPVO, proporcionando ajustes r\u00e1pidos e sem problemas para atingir alvos com precis\u00e3o em qualquer dist\u00e2ncia.<\/p>\n<p>A s\u00e9rie RICO 2 possui um impressionante alcance de detec\u00e7\u00e3o de at\u00e9 2600 m, dando-lhe uma vantagem significativa na ca\u00e7a de longo alcance e na marca\u00e7\u00e3o precisa de alvos.<\/p>\n<p>O Nocpix RICO 2 H50R \u00e9 equipado com um LRF integrado, oferecendo detec\u00e7\u00e3o a laser em dist\u00e2ncias de at\u00e9 1200m com alinhamento do eixo \u00f3ptico verdadeiro, garantindo medi\u00e7\u00f5es de dist\u00e2ncia precisas, mantendo um design elegante e requintado.<\/p>\n<p>Simplifique o posicionamento de tiro com c\u00e1lculos bal\u00edsticos autom\u00e1ticos, usando o LRF integrado para atingir alvos precisos a longas dist\u00e2ncias com facilidade.<\/p>\n<p>Visor OLED 2560\u00d72560 de 1,03&#8243; (H50R), ocular livre de distor\u00e7\u00e3o, al\u00edvio ocular de 70mm e pupila de sa\u00edda de 23mm proporcionam uma visualiza\u00e7\u00e3o n\u00edtida e confort\u00e1vel para sess\u00f5es prolongadas.<\/p>\n<p>O modelo H50R \u00e9 equipado com uma dist\u00e2ncia impressionante de 70mm, o que proporciona o m\u00e1ximo de conforto para uso prolongado sem fadiga ocular e garante a seguran\u00e7a dos olhos.<\/p>\n","protected":false},"excerpt":{"rendered":"<p>C\u00e2mera t\u00e9rmica Nocpix Rico 2 H50R. Especialista em tiro de longo alcance. Sensor de 640&#215;512, 60Hz, LRF integrado, zoom cont\u00ednuo.<\/p>\n","protected":false},"featured_media":684900,"template":"","meta":{"_acf_changed":false},"product_brand":[14460],"product_cat":[12508,16094],"product_tag":[],"class_list":{"0":"post-683930","1":"product","2":"type-product","3":"status-publish","4":"has-post-thumbnail","6":"product_brand-nocpix","7":"product_cat-termico","8":"product_cat-thermal-cameras-pt-pt","10":"first","11":"instock","12":"taxable","13":"shipping-taxable","14":"purchasable","15":"product-type-simple"},"acf":[],"_links":{"self":[{"href":"https:\/\/nbg.eu\/pt-pt\/wp-json\/wp\/v2\/product\/683930","targetHints":{"allow":["GET"]}}],"collection":[{"href":"https:\/\/nbg.eu\/pt-pt\/wp-json\/wp\/v2\/product"}],"about":[{"href":"https:\/\/nbg.eu\/pt-pt\/wp-json\/wp\/v2\/types\/product"}],"wp:featuredmedia":[{"embeddable":true,"href":"https:\/\/nbg.eu\/pt-pt\/wp-json\/wp\/v2\/media\/684900"}],"wp:attachment":[{"href":"https:\/\/nbg.eu\/pt-pt\/wp-json\/wp\/v2\/media?parent=683930"}],"wp:term":[{"taxonomy":"product_brand","embeddable":true,"href":"https:\/\/nbg.eu\/pt-pt\/wp-json\/wp\/v2\/product_brand?post=683930"},{"taxonomy":"product_cat","embeddable":true,"href":"https:\/\/nbg.eu\/pt-pt\/wp-json\/wp\/v2\/product_cat?post=683930"},{"taxonomy":"product_tag","embeddable":true,"href":"https:\/\/nbg.eu\/pt-pt\/wp-json\/wp\/v2\/product_tag?post=683930"}],"curies":[{"name":"wp","href":"https:\/\/api.w.org\/{rel}","templated":true}]}}