{"id":684915,"date":"2026-01-08T18:13:14","date_gmt":"2026-01-08T15:13:14","guid":{"rendered":"https:\/\/nbg.eu\/product\/camera-termica-nocpix-ace-h50-12um-640x512-15mk-netd\/"},"modified":"2026-04-14T16:13:16","modified_gmt":"2026-04-14T13:13:16","slug":"camera-termica-nocpix-ace-h50-12um-640x512-15mk-netd","status":"publish","type":"product","link":"https:\/\/nbg.eu\/pt-pt\/produto\/camera-termica-nocpix-ace-h50-12um-640x512-15mk-netd\/","title":{"rendered":"Nocpix C\u00e2mara T\u00e9rmica ACE H50"},"content":{"rendered":"<h2>Nocpix ACE H50 Scope T\u00e9rmico: Desempenho de Ca\u00e7a Inigual\u00e1vel<\/h2>\n<p>O scope t\u00e9rmico Nocpix ACE H50 combina tecnologia avan\u00e7ada com durabilidade resistente para uma experi\u00eancia de ca\u00e7a inigual\u00e1vel. Ele possui um sensor t\u00e9rmico de resolu\u00e7\u00e3o 640&#215;512 com NETD \u226412mK para claridade de imagem excepcional, com alcance de detec\u00e7\u00e3o de 3100 metros. O sistema inovador Vision+ oferece amplia\u00e7\u00e3o ocular para close-ups n\u00edtidos, enquanto um sistema de bateria dupla garante uso duradouro. Feito de liga de alum\u00ednio de alta resist\u00eancia e com classifica\u00e7\u00e3o IP67, este scope \u00e9 projetado para se destacar em qualquer ambiente externo e se adaptar a qualquer situa\u00e7\u00e3o.<\/p>\n<p>O scope t\u00e9rmico Nocpix ACE H50 \u00e9 uma ferramenta de vanguarda projetada para redefinir a experi\u00eancia de ca\u00e7a, seja navegando na escurid\u00e3o da noite ou perseguindo a presa atrav\u00e9s de terrenos desafiadores. Como parte da s\u00e9rie ACE principal da NocPix, este visor \u00f3tico t\u00e9rmico se destaca pela sua qualidade de imagem e precis\u00e3o superiores, gra\u00e7as ao seu sensor t\u00e9rmico de alta resolu\u00e7\u00e3o desenvolvido internamente e aos avan\u00e7ados sistemas Reality+ e Vision+.<\/p>\n<p>No cora\u00e7\u00e3o do Nocpix ACE H50 est\u00e1 o seu sensor t\u00e9rmico HD de 2\u00aa gera\u00e7\u00e3o, que possui uma resolu\u00e7\u00e3o de 640&#215;512 e uma taxa de quadros de 60Hz, oferecendo um desempenho incrivelmente est\u00e1vel. Com um NETD de \u226412mK, este scope detecta at\u00e9 as menores diferen\u00e7as de temperatura, proporcionando imagens t\u00e9rmicas detalhadas e suaves, ideais para rastrear alvos em movimento em tempo real. O algoritmo de imagem avan\u00e7ado Reality+ ainda aprimora isso, eliminando o ru\u00eddo da temperatura ambiente e proporcionando contraste e clareza superiores, mesmo em condi\u00e7\u00f5es de ca\u00e7a desafiadoras.<\/p>\n<p>O ACE H50 \u00e9 equipado com uma lente de 50mm\/F0.9 que permite que 20% mais luz chegue ao sensor, criando imagens mais brilhantes e n\u00edtidas. Isso \u00e9 crucial para ca\u00e7adores que buscam precis\u00e3o, pois a maior transmiss\u00e3o de luz proporciona melhor visibilidade em ambientes de pouca ilumina\u00e7\u00e3o. Al\u00e9m disso, o alcance de detec\u00e7\u00e3o de 3100 metros distingue o ACE, tornando a identifica\u00e7\u00e3o e o rastreamento de alvos distantes mais f\u00e1ceis e eficazes do que nunca.<\/p>\n<p>O sistema Vision+ integrado melhora a experi\u00eancia visual com um display AMOLED circular de 1,03 polegadas e resolu\u00e7\u00e3o de 2560&#215;2560. Seu sistema de zoom \u00f3ptico, projetado para evitar o desfoque e a distor\u00e7\u00e3o tipicamente associados aos zooms eletr\u00f4nicos tradicionais, garante que os ca\u00e7adores desfrutem de visualiza\u00e7\u00f5es de close-up claras e de alta resolu\u00e7\u00e3o sem perder detalhes. Isso proporciona uma experi\u00eancia de visualiza\u00e7\u00e3o envolvente e confort\u00e1vel, seja observando a presa \u00e0 dist\u00e2ncia ou focando para atingir com precis\u00e3o.<\/p>\n<p>Projetado para uso prolongado no campo, o ACE possui um sistema de bateria dupla com uma bateria interna de 4000mAh e uma bateria remov\u00edvel adicional de 18650, permitindo opera\u00e7\u00e3o ininterrupta durante longas sess\u00f5es de ca\u00e7a. O design dur\u00e1vel, feito de liga de alum\u00ednio de alta resist\u00eancia, garante que o ACE possa suportar ambientes externos hostis e uso intensivo, tendo passado por testes rigorosos de resist\u00eancia a impactos. Com classifica\u00e7\u00e3o de impermeabilidade IP67, o scope permanece confi\u00e1vel em condi\u00e7\u00f5es clim\u00e1ticas adversas, oferecendo aos ca\u00e7adores tranquilidade independentemente do ambiente.<\/p>\n<p>Projetado com os ca\u00e7adores em mente, o Nocpix ACE H50 inclui recursos essenciais, como grava\u00e7\u00e3o de v\u00eddeo ativada por recuo e um design sem obturador para opera\u00e7\u00e3o sem complica\u00e7\u00f5es no campo. Com adi\u00e7\u00f5es pr\u00e1ticas, como ajuste de foco, tampa de carregamento e a capacidade de reproduzir v\u00eddeos diretamente no recurso de Galeria, este scope combina alto desempenho com conveni\u00eancia para uma experi\u00eancia de ca\u00e7a otimizada.<\/p>\n","protected":false},"excerpt":{"rendered":"<p>A luneta t\u00e9rmica NocPix ACE H50 oferece resolu\u00e7\u00e3o de 640&#215;512, NETD \u226415mK, alcance de detec\u00e7\u00e3o de 3100m e um sistema de bateria dupla para uma experi\u00eancia excepcional de ca\u00e7a.<\/p>\n<p>Se o item n\u00e3o estiver dispon\u00edvel, entre em contato conosco: shop@nbg.eu ou +359896147790<\/p>\n<p>\n","protected":false},"featured_media":685009,"template":"","meta":{"_acf_changed":false},"product_brand":[14460],"product_cat":[12508,16094],"product_tag":[],"class_list":{"0":"post-684915","1":"product","2":"type-product","3":"status-publish","4":"has-post-thumbnail","6":"product_brand-nocpix","7":"product_cat-termico","8":"product_cat-thermal-cameras-pt-pt","10":"first","11":"instock","12":"taxable","13":"shipping-taxable","14":"purchasable","15":"product-type-simple"},"acf":[],"_links":{"self":[{"href":"https:\/\/nbg.eu\/pt-pt\/wp-json\/wp\/v2\/product\/684915","targetHints":{"allow":["GET"]}}],"collection":[{"href":"https:\/\/nbg.eu\/pt-pt\/wp-json\/wp\/v2\/product"}],"about":[{"href":"https:\/\/nbg.eu\/pt-pt\/wp-json\/wp\/v2\/types\/product"}],"wp:featuredmedia":[{"embeddable":true,"href":"https:\/\/nbg.eu\/pt-pt\/wp-json\/wp\/v2\/media\/685009"}],"wp:attachment":[{"href":"https:\/\/nbg.eu\/pt-pt\/wp-json\/wp\/v2\/media?parent=684915"}],"wp:term":[{"taxonomy":"product_brand","embeddable":true,"href":"https:\/\/nbg.eu\/pt-pt\/wp-json\/wp\/v2\/product_brand?post=684915"},{"taxonomy":"product_cat","embeddable":true,"href":"https:\/\/nbg.eu\/pt-pt\/wp-json\/wp\/v2\/product_cat?post=684915"},{"taxonomy":"product_tag","embeddable":true,"href":"https:\/\/nbg.eu\/pt-pt\/wp-json\/wp\/v2\/product_tag?post=684915"}],"curies":[{"name":"wp","href":"https:\/\/api.w.org\/{rel}","templated":true}]}}