{"id":685073,"date":"2026-01-08T18:13:21","date_gmt":"2026-01-08T15:13:21","guid":{"rendered":"https:\/\/nbg.eu\/product\/thermal-monocular-nocpix-lumi-p13\/"},"modified":"2026-04-14T16:13:10","modified_gmt":"2026-04-14T13:13:10","slug":"thermal-monocular-nocpix-lumi-p13","status":"publish","type":"product","link":"https:\/\/nbg.eu\/pt-pt\/produto\/thermal-monocular-nocpix-lumi-p13\/","title":{"rendered":"Nocpix Monocular T\u00e9rmico LUMI P13"},"content":{"rendered":"<h2>Desempenho m\u00e1ximo com peso m\u00ednimo &#8211; Nocpix LUMI P13: Mantenha sempre um olho no seu ambiente<\/h2>\n<p>A s\u00e9rie de monocular t\u00e9rmica LUMI \u00e9 projetada para uso diurno e noturno e oferece a voc\u00ea uma qualidade de imagem excepcional, mesmo em condi\u00e7\u00f5es clim\u00e1ticas dif\u00edceis, como nevoeiro, fuma\u00e7a ou chuva. Mesmo que obst\u00e1culos como galhos, vegeta\u00e7\u00e3o alta ou folhagem densa dificultem a visualiza\u00e7\u00e3o, gra\u00e7as a essa tecnologia, voc\u00ea sempre poder\u00e1 ver claramente o que est\u00e1 \u00e0 sua frente. Eles tamb\u00e9m s\u00e3o t\u00e3o compactos e leves que voc\u00ea pode carreg\u00e1-los facilmente para qualquer lugar.<\/p>\n<p>As c\u00e2meras t\u00e9rmicas LUMI s\u00e3o perfeitas para uma variedade de aplica\u00e7\u00f5es, como ca\u00e7a, vigil\u00e2ncia, seguran\u00e7a, orienta\u00e7\u00e3o de terreno ou opera\u00e7\u00f5es de busca e resgate.<\/p>\n<h2>Desempenho de imagem inigual\u00e1vel para imagens extremamente n\u00edtidas<\/h2>\n<p>A s\u00e9rie LUMI define novos padr\u00f5es em termos de qualidade de imagem. Equipada com os algoritmos de imagem mais avan\u00e7ados e um poderoso sensor t\u00e9rmico com NETD &lt; 20 mK, a c\u00e2mera entrega imagens extremamente n\u00edtidas e realistas. O display AMOLED com resolu\u00e7\u00e3o de 1440 x 1080 pixels garante uma exibi\u00e7\u00e3o de imagem excepcional, enquanto o modo Ultra Clear otimiza ainda mais a clareza da imagem, especialmente em condi\u00e7\u00f5es clim\u00e1ticas dif\u00edceis.<\/p>\n<h2>Experi\u00eancia de visualiza\u00e7\u00e3o personalizada &#8211; Personalize seu dispositivo perfeitamente<\/h2>\n<p>Gra\u00e7as ao sensor de 256 x 192 px e a uma variedade de op\u00e7\u00f5es de ajuste, voc\u00ea pode adaptar o dispositivo exatamente \u00e0s suas necessidades. Escolha entre 5 modos de cor e otimize sua vis\u00e3o com 10 n\u00edveis de brilho, nitidez e contraste &#8211; para que nenhum detalhe passe despercebido.<\/p>\n<h2>Compartilhar experi\u00eancias \u00e9 f\u00e1cil com o LUMI<\/h2>\n<p>Capturar momentos especiais \u00e9 essencial para o ca\u00e7ador moderno. Com o Nocpix LUMI P13, voc\u00ea n\u00e3o apenas pode compartilhar facilmente suas grava\u00e7\u00f5es atrav\u00e9s do aplicativo, mas tamb\u00e9m reproduzi-las diretamente no dispositivo &#8211; perfeito para compartilhar suas experi\u00eancias com os outros instantaneamente.<\/p>\n<h2>Pode ser usado de forma flex\u00edvel, gra\u00e7as ao sistema de bateria remov\u00edvel<\/h2>\n<p>A s\u00e9rie LUMI \u00e9 equipada com baterias 18650 padr\u00e3o, o que lhe confere m\u00e1xima flexibilidade. N\u00e3o importa para onde voc\u00ea for, com o carregador de bateria inclu\u00eddo, voc\u00ea estar\u00e1 pronto novamente em pouco tempo &#8211; e poder\u00e1 continuar sua miss\u00e3o.<\/p>\n","protected":false},"excerpt":{"rendered":"<p>M\u00e1ximo desempenho com o m\u00ednimo de peso &#8211; Nocpix LUMI P13: Mantenha sempre um olho em seu alvo.<\/p>\n<p>Se o item n\u00e3o estiver dispon\u00edvel, entre em contato conosco: shop@nbg.eu ou +359896147790<\/p>\n<p>\n","protected":false},"featured_media":685107,"template":"","meta":{"_acf_changed":false},"product_brand":[14460],"product_cat":[16093,12508],"product_tag":[],"class_list":{"0":"post-685073","1":"product","2":"type-product","3":"status-publish","4":"has-post-thumbnail","6":"product_brand-nocpix","7":"product_cat-monoculars-pt-pt","8":"product_cat-termico","10":"first","11":"instock","12":"taxable","13":"shipping-taxable","14":"purchasable","15":"product-type-simple"},"acf":[],"_links":{"self":[{"href":"https:\/\/nbg.eu\/pt-pt\/wp-json\/wp\/v2\/product\/685073","targetHints":{"allow":["GET"]}}],"collection":[{"href":"https:\/\/nbg.eu\/pt-pt\/wp-json\/wp\/v2\/product"}],"about":[{"href":"https:\/\/nbg.eu\/pt-pt\/wp-json\/wp\/v2\/types\/product"}],"wp:featuredmedia":[{"embeddable":true,"href":"https:\/\/nbg.eu\/pt-pt\/wp-json\/wp\/v2\/media\/685107"}],"wp:attachment":[{"href":"https:\/\/nbg.eu\/pt-pt\/wp-json\/wp\/v2\/media?parent=685073"}],"wp:term":[{"taxonomy":"product_brand","embeddable":true,"href":"https:\/\/nbg.eu\/pt-pt\/wp-json\/wp\/v2\/product_brand?post=685073"},{"taxonomy":"product_cat","embeddable":true,"href":"https:\/\/nbg.eu\/pt-pt\/wp-json\/wp\/v2\/product_cat?post=685073"},{"taxonomy":"product_tag","embeddable":true,"href":"https:\/\/nbg.eu\/pt-pt\/wp-json\/wp\/v2\/product_tag?post=685073"}],"curies":[{"name":"wp","href":"https:\/\/api.w.org\/{rel}","templated":true}]}}