{"id":685240,"date":"2026-01-08T18:13:20","date_gmt":"2026-01-08T15:13:20","guid":{"rendered":"https:\/\/nbg.eu\/product\/monocular-termico-nocpix-lumi-l35r-com-telemetro-a-laser\/"},"modified":"2026-04-14T16:13:13","modified_gmt":"2026-04-14T13:13:13","slug":"monocular-termico-nocpix-lumi-l35r-com-telemetro-a-laser","status":"publish","type":"product","link":"https:\/\/nbg.eu\/pt-pt\/produto\/monocular-termico-nocpix-lumi-l35r-com-telemetro-a-laser\/","title":{"rendered":"Nocpix Monocular T\u00e9rmico LUMI L35R LRF"},"content":{"rendered":"<h2>Mon\u00f3colo T\u00e9rmico Nocpix LUMI L35R com Tel\u00eametro a Laser<\/h2>\n<p>O Nocpix LUMI L35R \u00e9 um mon\u00f3colo t\u00e9rmico compacto e potente com um tel\u00eametro a laser integrado. Com o sensor mais avan\u00e7ado da sua classe, com um NETD de \u226418mK, esta c\u00e2mera t\u00e9rmica fornece imagens de alta resolu\u00e7\u00e3o mesmo em condi\u00e7\u00f5es clim\u00e1ticas extremas. O design leve e ergon\u00f4mico facilita a opera\u00e7\u00e3o, enquanto o sistema de bateria remov\u00edvel com baterias padr\u00e3o 18650 proporciona maior dura\u00e7\u00e3o.<\/p>\n<p>O tel\u00eametro a laser integrado permite a determina\u00e7\u00e3o precisa da dist\u00e2ncia do alvo, e os algoritmos de imagem avan\u00e7ados R+ AI melhoram os detalhes da imagem e aproveitam todo o potencial do sensor. O mon\u00f3colo \u00e9 \u00e0 prova d&#8217;\u00e1gua, \u00e0 prova de poeira e projetado para uso confort\u00e1vel ao ar livre, com recursos como estabiliza\u00e7\u00e3o eletr\u00f4nica de imagem, paletas de cores de al\u00edvio ocular e bot\u00f5es ultra silenciosos.<\/p>\n<p>Com um alcance de sensor de at\u00e9 1800m, o Nocpix LUMI L35R \u00e9 uma solu\u00e7\u00e3o de imagem t\u00e9rmica vers\u00e1til para ca\u00e7a, seguran\u00e7a e atividades ao ar livre. Apoiado por uma garantia de fabricante de 3 anos, este mon\u00f3colo t\u00e9rmico oferece desempenho e confiabilidade excepcionais.<\/p>\n","protected":false},"excerpt":{"rendered":"<p>Monocular t\u00e9rmico Nocpix LUMI L35R com tel\u00eametro a laser: sensor de alta resolu\u00e7\u00e3o \u226418 mK NETD, compacto e leve, bateria remov\u00edvel.<\/p>\n<p>Se o item n\u00e3o estiver dispon\u00edvel, entre em contato conosco: shop@nbg.eu ou +359896147790<\/p>\n","protected":false},"featured_media":685305,"template":"","meta":{"_acf_changed":false},"product_brand":[14460],"product_cat":[16093,12508],"product_tag":[],"class_list":{"0":"post-685240","1":"product","2":"type-product","3":"status-publish","4":"has-post-thumbnail","6":"product_brand-nocpix","7":"product_cat-monoculars-pt-pt","8":"product_cat-termico","10":"first","11":"instock","12":"taxable","13":"shipping-taxable","14":"purchasable","15":"product-type-simple"},"acf":[],"_links":{"self":[{"href":"https:\/\/nbg.eu\/pt-pt\/wp-json\/wp\/v2\/product\/685240","targetHints":{"allow":["GET"]}}],"collection":[{"href":"https:\/\/nbg.eu\/pt-pt\/wp-json\/wp\/v2\/product"}],"about":[{"href":"https:\/\/nbg.eu\/pt-pt\/wp-json\/wp\/v2\/types\/product"}],"wp:featuredmedia":[{"embeddable":true,"href":"https:\/\/nbg.eu\/pt-pt\/wp-json\/wp\/v2\/media\/685305"}],"wp:attachment":[{"href":"https:\/\/nbg.eu\/pt-pt\/wp-json\/wp\/v2\/media?parent=685240"}],"wp:term":[{"taxonomy":"product_brand","embeddable":true,"href":"https:\/\/nbg.eu\/pt-pt\/wp-json\/wp\/v2\/product_brand?post=685240"},{"taxonomy":"product_cat","embeddable":true,"href":"https:\/\/nbg.eu\/pt-pt\/wp-json\/wp\/v2\/product_cat?post=685240"},{"taxonomy":"product_tag","embeddable":true,"href":"https:\/\/nbg.eu\/pt-pt\/wp-json\/wp\/v2\/product_tag?post=685240"}],"curies":[{"name":"wp","href":"https:\/\/api.w.org\/{rel}","templated":true}]}}