{"id":685624,"date":"2025-12-17T17:47:09","date_gmt":"2025-12-17T14:47:09","guid":{"rendered":"https:\/\/nbg.eu\/product\/monocular-termico-lumi-h35r-com-telemetro-laser\/"},"modified":"2026-01-21T11:58:52","modified_gmt":"2026-01-21T08:58:52","slug":"monocular-termico-lumi-h35r-com-telemetro-laser","status":"publish","type":"product","link":"https:\/\/nbg.eu\/pt-pt\/produto\/monocular-termico-lumi-h35r-com-telemetro-laser\/","title":{"rendered":"Monocular t\u00e9rmico LUMI H35R com tel\u00eametro laser"},"content":{"rendered":"<h2>Monocular t\u00e9rmico com alcance de sensor de at\u00e9 1800m, extremamente compacto e leve!<\/h2>\n<p>Rangefinder a laser integrado.<\/p>\n<p>Sensor de alta resolu\u00e7\u00e3o e particularmente poderoso: \u2264 18 mK NETD.<\/p>\n<p>Sistema de bateria remov\u00edvel com baterias 18650.<\/p>\n<p>Grava\u00e7\u00e3o de v\u00eddeo, \u00e0 prova d&#8217;\u00e1gua e opera\u00e7\u00e3o particularmente silenciosa.<\/p>\n<p>3 anos de garantia total do fabricante!<\/p>\n<h2>Mais recursos:<\/h2>\n<p>-Rangefinder a laser integrado para determina\u00e7\u00e3o precisa da dist\u00e2ncia do alvo.<\/p>\n<p>-Alta qualidade de imagem: Mesmo em condi\u00e7\u00f5es clim\u00e1ticas extremas, a qualidade da imagem permanece est\u00e1vel.<\/p>\n<p>-Sensor projetado especificamente para fins de ca\u00e7a: Proporciona opera\u00e7\u00e3o est\u00e1vel com um NETD \u2264 18mK para qualidade de imagem superior.<\/p>\n<p>-Lente F0.9: 20% mais transmiss\u00e3o de luz em compara\u00e7\u00e3o com a lente F1.0 para imagens mais brilhantes e n\u00edtidas.<\/p>\n<p>-Otimiza\u00e7\u00e3o de imagem Reality+: Algoritmos avan\u00e7ados melhoram a qualidade da imagem e eliminam o ru\u00eddo.<\/p>\n<p>-Estabiliza\u00e7\u00e3o eletr\u00f4nica de imagem: Para v\u00eddeos suaves e est\u00e1veis.<\/p>\n<p>-Paletas de cores de al\u00edvio visual: Paletas especiais vermelha e verde reduzem a fadiga ocular durante o uso prolongado.<\/p>\n<p>-Bateria 18650 remov\u00edvel: Com polaridade reversa para f\u00e1cil substitui\u00e7\u00e3o, ideal \u00e0 noite.<\/p>\n<p>-Bot\u00f5es ultra-silenciosos: Opera\u00e7\u00e3o silenciosa que n\u00e3o perturba a fauna.<\/p>\n<p>-Design compacto: O dispositivo \u00e9 menor que um telefone celular e f\u00e1cil de carregar.<\/p>\n<p>-Classe de prote\u00e7\u00e3o IP67: \u00c0 prova de poeira e \u00e0 prova d&#8217;\u00e1gua para uso em ambientes extremos.<\/p>\n<p>-Design ergon\u00f4mico: Ideal para uso ao ar livre, desenvolvido, confort\u00e1vel e f\u00e1cil de usar.<\/p>\n<p>-Leve: O dispositivo pesa menos de 345g.<\/p>\n<p>-Pupila de sa\u00edda de 10 mm: Proporciona visibilidade ideal e \u00e2ngulo de visualiza\u00e7\u00e3o confort\u00e1vel.<\/p>\n<p>-Confi\u00e1vel \u00e0 noite: Gra\u00e7as \u00e0 sua opera\u00e7\u00e3o silenciosa e f\u00e1cil, pode ser usado de forma ideal mesmo em ambientes escuros.<\/p>\n<p>-Bateria remov\u00edvel: Permite maior tempo de opera\u00e7\u00e3o pela substitui\u00e7\u00e3o das baterias.<\/p>\n<p>-Grande abertura: Aumenta a capta\u00e7\u00e3o de luz e o brilho da imagem em condi\u00e7\u00f5es de ilumina\u00e7\u00e3o dif\u00edceis.<\/p>\n<p>-Microfone embutido: Permite grava\u00e7\u00e3o de \u00e1udio.<\/p>\n<p>-Mem\u00f3ria de 32GB: Para fotos, v\u00eddeos e grava\u00e7\u00f5es de \u00e1udio.<\/p>\n<p>-F\u00e1cil de usar: Ideal para usu\u00e1rios que preferem um dispositivo compacto e leve.<\/p>\n<p>-Algoritmos de imagem R+ AI: Melhora os detalhes da imagem e usa todo o potencial do sensor.<\/p>\n","protected":false},"excerpt":{"rendered":"<p>O sensor mais avan\u00e7ado em sua classe (&lt;18mK NETD). Tel\u00eametro a laser integrado. Particularmente f\u00e1cil de operar: caixa leve e compacta. Sistema de bateria substitu\u00edvel com baterias padr\u00e3o 18650.<\/p>\n<p>Se o item n\u00e3o estiver dispon\u00edvel, entre em contato conosco: shop@nbg.eu ou +359896147790<\/p>\n","protected":false},"featured_media":685688,"template":"","meta":{"_acf_changed":false},"product_brand":[14460],"product_cat":[12508],"product_tag":[],"class_list":{"0":"post-685624","1":"product","2":"type-product","3":"status-publish","4":"has-post-thumbnail","6":"product_brand-nocpix","7":"product_cat-termico","9":"first","10":"instock","11":"taxable","12":"shipping-taxable","13":"purchasable","14":"product-type-simple"},"acf":[],"_links":{"self":[{"href":"https:\/\/nbg.eu\/pt-pt\/wp-json\/wp\/v2\/product\/685624","targetHints":{"allow":["GET"]}}],"collection":[{"href":"https:\/\/nbg.eu\/pt-pt\/wp-json\/wp\/v2\/product"}],"about":[{"href":"https:\/\/nbg.eu\/pt-pt\/wp-json\/wp\/v2\/types\/product"}],"wp:featuredmedia":[{"embeddable":true,"href":"https:\/\/nbg.eu\/pt-pt\/wp-json\/wp\/v2\/media\/685688"}],"wp:attachment":[{"href":"https:\/\/nbg.eu\/pt-pt\/wp-json\/wp\/v2\/media?parent=685624"}],"wp:term":[{"taxonomy":"product_brand","embeddable":true,"href":"https:\/\/nbg.eu\/pt-pt\/wp-json\/wp\/v2\/product_brand?post=685624"},{"taxonomy":"product_cat","embeddable":true,"href":"https:\/\/nbg.eu\/pt-pt\/wp-json\/wp\/v2\/product_cat?post=685624"},{"taxonomy":"product_tag","embeddable":true,"href":"https:\/\/nbg.eu\/pt-pt\/wp-json\/wp\/v2\/product_tag?post=685624"}],"curies":[{"name":"wp","href":"https:\/\/api.w.org\/{rel}","templated":true}]}}