{"id":685794,"date":"2025-12-18T16:23:59","date_gmt":"2025-12-18T13:23:59","guid":{"rendered":"https:\/\/nbg.eu\/product\/binoculos-termicos-nocpix-quest-h35r-lrf-640x512-netd-15mk\/"},"modified":"2026-01-21T12:22:39","modified_gmt":"2026-01-21T09:22:39","slug":"binoculos-termicos-nocpix-quest-h35r-lrf-640x512-netd-15mk","status":"publish","type":"product","link":"https:\/\/nbg.eu\/pt-pt\/produto\/binoculos-termicos-nocpix-quest-h35r-lrf-640x512-netd-15mk\/","title":{"rendered":"Bin\u00f3culos t\u00e9rmicos Nocpix Quest H35R LRF 640&#215;512 NETD &lt;15mK"},"content":{"rendered":"<h2>Nocpix QUEST H35R LRF 640&#215;512 Bin\u00f3culos T\u00e9rmicos<\/h2>\n<p>O QUEST \u00e9 leve e port\u00e1til, oferecendo um alcance de detec\u00e7\u00e3o de at\u00e9 2600m e um LRF embutido com alcance de 1000m para maior precis\u00e3o e visibilidade. Seu design tradicional de bin\u00f3culo apresenta um revestimento de borracha completo e classifica\u00e7\u00e3o IP67 para durabilidade e conforto em condi\u00e7\u00f5es adversas. Equipado com um sensor de alto desempenho de 640&#215;512 (NETD \u226415mK, 60Hz), o QUEST oferece claridade de imagem excepcional, sensibilidade t\u00e9rmica superior e funcionamento sem problemas em ambientes desafiadores.<\/p>\n<h2>Excelente experi\u00eancia visual<\/h2>\n<p>O Nocpix QUEST possui aprimoramento de imagem R+ para clareza e precis\u00e3o superiores, combinado com um display AMOLED de 1920&#215;1200 para uma experi\u00eancia de visualiza\u00e7\u00e3o imersiva e agrad\u00e1vel aos olhos.<\/p>\n<h2>Sensor superior garante excel\u00eancia<\/h2>\n<p>O Nocpix QUEST \u00e9 equipado com um sensor de alto desempenho (640&#215;512@12\u00b5m) que proporciona clareza de imagem excepcional. Com NETD \u226415mK e taxa de quadros de 60Hz, ele oferece sensibilidade t\u00e9rmica superior, entregando imagens claras e visuais mesmo nos ambientes mais desafiadores.<\/p>\n<h2>Poderosos recursos de detec\u00e7\u00e3o<\/h2>\n<p>O Nocpix QUEST possui um alcance de detec\u00e7\u00e3o de at\u00e9 2600 m e um LRF embutido e oculto com alcance de at\u00e9 1000 m, permitindo que voc\u00ea veja mais longe e com mais precis\u00e3o do que nunca. Ele tamb\u00e9m suporta c\u00e1lculos bal\u00edsticos, fornecendo suporte de dados para ca\u00e7as colaborativas.<\/p>\n<h2>Opera\u00e7\u00e3o com uma m\u00e3o<\/h2>\n<p>O Nocpix QUEST oferece manuseio ergon\u00f4mico e antiderrapante com layout simplificado de 4 bot\u00f5es e rodas de rolagem centralizadas para f\u00e1cil opera\u00e7\u00e3o com uma m\u00e3o e empunhadura segura em todas as condi\u00e7\u00f5es.<\/p>\n<h2>Leve e port\u00e1til<\/h2>\n<p>O QUEST pesa apenas 700g e inclui uma bolsa de transporte personalizada, oferecendo f\u00e1cil portabilidade e conforto para atividades ao ar livre, como ca\u00e7a e explora\u00e7\u00e3o.<\/p>\n<h2>Elimine a ansiedade com a energia<\/h2>\n<p>A s\u00e9rie QUEST possui um design de bateria dupla com uma bateria embutida e substitu\u00edvel de 18650, garantindo substitui\u00e7\u00e3o sem problemas e uso cont\u00ednuo durante sua aventura.<\/p>\n<h2>A melhor experi\u00eancia de bin\u00f3culos<\/h2>\n<p>O QUEST apresenta um design tradicional de bin\u00f3culo com um revestimento de borracha sofisticado e classifica\u00e7\u00e3o IP67 para resist\u00eancia \u00e0 \u00e1gua e poeira, garantindo durabilidade e conforto geral.<\/p>\n","protected":false},"excerpt":{"rendered":"<p>Bin\u00f3culos t\u00e9rmicos leves e port\u00e1teis com alcance de detec\u00e7\u00e3o de 2600m, LRF de 1000m e excepcional clareza de imagem.<\/p>\n","protected":false},"featured_media":686421,"template":"","meta":{"_acf_changed":false},"product_brand":[14460],"product_cat":[14692,12508],"product_tag":[],"class_list":{"0":"post-685794","1":"product","2":"type-product","3":"status-publish","4":"has-post-thumbnail","6":"product_brand-nocpix","7":"product_cat-binoculos","8":"product_cat-termico","10":"first","11":"instock","12":"taxable","13":"shipping-taxable","14":"purchasable","15":"product-type-simple"},"acf":[],"_links":{"self":[{"href":"https:\/\/nbg.eu\/pt-pt\/wp-json\/wp\/v2\/product\/685794","targetHints":{"allow":["GET"]}}],"collection":[{"href":"https:\/\/nbg.eu\/pt-pt\/wp-json\/wp\/v2\/product"}],"about":[{"href":"https:\/\/nbg.eu\/pt-pt\/wp-json\/wp\/v2\/types\/product"}],"wp:featuredmedia":[{"embeddable":true,"href":"https:\/\/nbg.eu\/pt-pt\/wp-json\/wp\/v2\/media\/686421"}],"wp:attachment":[{"href":"https:\/\/nbg.eu\/pt-pt\/wp-json\/wp\/v2\/media?parent=685794"}],"wp:term":[{"taxonomy":"product_brand","embeddable":true,"href":"https:\/\/nbg.eu\/pt-pt\/wp-json\/wp\/v2\/product_brand?post=685794"},{"taxonomy":"product_cat","embeddable":true,"href":"https:\/\/nbg.eu\/pt-pt\/wp-json\/wp\/v2\/product_cat?post=685794"},{"taxonomy":"product_tag","embeddable":true,"href":"https:\/\/nbg.eu\/pt-pt\/wp-json\/wp\/v2\/product_tag?post=685794"}],"curies":[{"name":"wp","href":"https:\/\/api.w.org\/{rel}","templated":true}]}}