{"id":686426,"date":"2026-01-08T18:14:39","date_gmt":"2026-01-08T15:14:39","guid":{"rendered":"https:\/\/nbg.eu\/product\/montagem-termica-nocpix-mate-ultra-s60r\/"},"modified":"2026-04-14T16:12:43","modified_gmt":"2026-04-14T13:12:43","slug":"montagem-termica-nocpix-mate-ultra-s60r","status":"publish","type":"product","link":"https:\/\/nbg.eu\/pt-pt\/produto\/montagem-termica-nocpix-mate-ultra-s60r\/","title":{"rendered":"Nocpix Adaptador T\u00e9rmico Mate Ultra S60R"},"content":{"rendered":"<h2>Transforme seu dia em um moderno escopo t\u00e9rmico de rifle com a \u00fanica montagem t\u00e9rmica Nocpix MATE Ultra S60R de 1280&#215;1024 &#8211; a melhor montagem t\u00e9rmica frontal projetada para ca\u00e7adores profissionais, observadores de vida selvagem e atiradores que exigem precis\u00e3o.<\/h2>\n<p>Constru\u00eddo com tecnologia de imagem de \u00faltima gera\u00e7\u00e3o, o Nocpix MATE Ultra S60R oferece claridade inigual\u00e1vel, detec\u00e7\u00e3o de longo alcance e recursos de ponta para desempenho superior em qualquer ambiente.<\/p>\n<h2>Qualidade de imagem e alcance de detec\u00e7\u00e3o excepcionais<\/h2>\n<p>No cora\u00e7\u00e3o do Nocpix MATE Ultra S60R est\u00e1 um sensor t\u00e9rmico HD Gen-2 de 1280&#215;1024 com um pixel muito fino de 12 \u03bcm e uma sensibilidade de NETD \u226415mK, garantindo que at\u00e9 as menores diferen\u00e7as t\u00e9rmicas sejam detectadas. A grande lente de 60 mm F1.0 captura mais energia t\u00e9rmica para imagens cristalinas e alcance estendido, oferecendo dist\u00e2ncias de detec\u00e7\u00e3o de at\u00e9 3100 m. Seja voc\u00ea est\u00e1 perseguindo veados no amanhecer ou varrendo amplos campos \u00e0 noite, o S60R garante que nenhum detalhe passe despercebido.<\/p>\n<h2>Processamento de imagem avan\u00e7ado com Reality+ AI<\/h2>\n<p>Equipado com algoritmos de imagem dupla \u2014 um poderoso processador de imagem combinado com a inteligente tecnologia Reality+ \u2014 o MATE Ultra S60R se adapta automaticamente \u00e0 amplia\u00e7\u00e3o do seu escopo. Isso garante imagens n\u00edtidas, zoom preciso e estabilidade de imagem consistente, mesmo em neblina, garoa ou condi\u00e7\u00f5es de baixa ilumina\u00e7\u00e3o desafiadoras.<\/p>\n<p>Zoom m\u00e1gico (sem LITE) \u2013 Ajuste autom\u00e1tico de imagem e interface em tempo real para um zoom perfeito.<\/p>\n<p>7 paletas de cores diferentes \u2013 Escolha a melhor vis\u00e3o t\u00e9rmica para qualquer cen\u00e1rio.<\/p>\n<p>Tela AMOLED de 1920&#215;1080 \u2013 Imagens extremamente n\u00edtidas com contraste v\u00edvido.<\/p>\n<h2>Projetado para precis\u00e3o e ca\u00e7a \u00e9tica<\/h2>\n<p>Com um medidor de alcance a laser integrado (at\u00e9 1200m) e um calculador bal\u00edstico integrado, o S60R ajuda voc\u00ea a tomar decis\u00f5es de tiro informadas e \u00e9ticas. O modo Picture-in-Picture (PIP) melhora a precis\u00e3o do tiro, e o v\u00eddeo ativado por recuo (RAV) garante que todos os momentos cr\u00edticos sejam capturados.<\/p>\n<p>Registre fotos, v\u00eddeos e \u00e1udio com 64 GB de mem\u00f3ria<\/p>\n<p>Wi-Fi e conectividade remota com N-Link<\/p>\n<p>Tecnologia sem obturador para opera\u00e7\u00e3o silenciosa e confi\u00e1vel<\/p>\n<h2>Robusto, pr\u00e1tico e confi\u00e1vel<\/h2>\n<p>Projetado para o campo, o MATE Ultra S60R \u00e9 tanto resistente quanto f\u00e1cil de usar. Ele apresenta uma grande ocular de 60 mm com distor\u00e7\u00e3o &lt;1%, mantendo um ponto de impacto est\u00e1vel e alinhamento consistente at\u00e9 16x de amplia\u00e7\u00e3o. Alimentado por baterias 18650 substitu\u00edveis (4 inclusas para o ULTRA), oferece confiabilidade de longa dura\u00e7\u00e3o para sess\u00f5es ao ar livre estendidas.<\/p>\n<h2>Principais especifica\u00e7\u00f5es<\/h2>\n<p>-Sensor Sub 15mk 1280&#215;1024 60Hz Gen-2 (Ultra)<\/p>\n<p>-Lente F1.0 \u2013 captura superior de luz<\/p>\n<p>-Alcance de detec\u00e7\u00e3o de at\u00e9 3100 m<\/p>\n<p>-LRF integrado de 1200 m (sem LITE)<\/p>\n<p>-Processamento de imagem Reality+ com intelig\u00eancia artificial<\/p>\n<p>-Suporte para c\u00e1lculo bal\u00edstico<\/p>\n<p>-Grava\u00e7\u00e3o de fotos\/v\u00eddeos\/\u00e1udio, 64 GB de mem\u00f3ria<\/p>\n<p>-V\u00eddeo ativado por recuo (RAV)<\/p>\n<p>-Tela AMOLED com resolu\u00e7\u00e3o de 1920&#215;1080<\/p>\n<p>-7 paletas de cores<\/p>\n<p>-Compatibilidade com controle remoto Wi-Fi\/N-Link<\/p>\n<p>-Baterias 18650 substitu\u00edveis<\/p>\n<h2>Por que escolher o Nocpix MATE Ultra S60R?<\/h2>\n<p>Se voc\u00ea est\u00e1 procurando a montagem de imagem t\u00e9rmica definitiva para seu escopo de rifle, o MATE Ultra S60R oferece a combina\u00e7\u00e3o perfeita de detec\u00e7\u00e3o de longo alcance, tecnologia de imagem IA de ponta e confiabilidade de campo. Seja usado para ca\u00e7a, observa\u00e7\u00e3o da vida selvagem ou aplica\u00e7\u00f5es t\u00e1ticas, ele redefine o que uma montagem de imagem t\u00e9rmica pode alcan\u00e7ar.<\/p>\n","protected":false},"excerpt":{"rendered":"<p>Transforme seu dia em um moderno escopo t\u00e9rmico de rifle com a \u00fanica montagem t\u00e9rmica Nocpix MATE Ultra S60R de 1280&#215;1024 &#8211; a melhor montagem t\u00e9rmica frontal projetada para ca\u00e7adores profissionais, observadores de vida selvagem e atiradores que exigem precis\u00e3o.<\/p>\n<p>Se o item n\u00e3o estiver dispon\u00edvel, entre em contato conosco: shop@nbg.eu ou +359896147790<\/p>\n","protected":false},"featured_media":686525,"template":"","meta":{"_acf_changed":false},"product_brand":[14460],"product_cat":[12508,16094],"product_tag":[],"class_list":{"0":"post-686426","1":"product","2":"type-product","3":"status-publish","4":"has-post-thumbnail","6":"product_brand-nocpix","7":"product_cat-termico","8":"product_cat-thermal-cameras-pt-pt","10":"first","11":"instock","12":"taxable","13":"shipping-taxable","14":"purchasable","15":"product-type-simple"},"acf":[],"_links":{"self":[{"href":"https:\/\/nbg.eu\/pt-pt\/wp-json\/wp\/v2\/product\/686426","targetHints":{"allow":["GET"]}}],"collection":[{"href":"https:\/\/nbg.eu\/pt-pt\/wp-json\/wp\/v2\/product"}],"about":[{"href":"https:\/\/nbg.eu\/pt-pt\/wp-json\/wp\/v2\/types\/product"}],"wp:featuredmedia":[{"embeddable":true,"href":"https:\/\/nbg.eu\/pt-pt\/wp-json\/wp\/v2\/media\/686525"}],"wp:attachment":[{"href":"https:\/\/nbg.eu\/pt-pt\/wp-json\/wp\/v2\/media?parent=686426"}],"wp:term":[{"taxonomy":"product_brand","embeddable":true,"href":"https:\/\/nbg.eu\/pt-pt\/wp-json\/wp\/v2\/product_brand?post=686426"},{"taxonomy":"product_cat","embeddable":true,"href":"https:\/\/nbg.eu\/pt-pt\/wp-json\/wp\/v2\/product_cat?post=686426"},{"taxonomy":"product_tag","embeddable":true,"href":"https:\/\/nbg.eu\/pt-pt\/wp-json\/wp\/v2\/product_tag?post=686426"}],"curies":[{"name":"wp","href":"https:\/\/api.w.org\/{rel}","templated":true}]}}