{"id":686562,"date":"2026-01-08T18:15:06","date_gmt":"2026-01-08T15:15:06","guid":{"rendered":"https:\/\/nbg.eu\/product\/mira-termica-nocpix-mate-h50r\/"},"modified":"2026-04-14T16:12:39","modified_gmt":"2026-04-14T13:12:39","slug":"mira-termica-nocpix-mate-h50r","status":"publish","type":"product","link":"https:\/\/nbg.eu\/pt-pt\/produto\/mira-termica-nocpix-mate-h50r\/","title":{"rendered":"Nocpix Mira T\u00e9rmica Mate H50R"},"content":{"rendered":"<h2>Transforme seu telesc\u00f3pio diurno em um moderno telesc\u00f3pio t\u00e9rmico de rifle com o Nocpix MATE H50R<\/h2>\n<p>Transforme seu telesc\u00f3pio diurno em um moderno telesc\u00f3pio t\u00e9rmico de rifle com o \u00fanico telesc\u00f3pio t\u00e9rmico Nocpix MATE H50R 640X512 &#8211; o melhor telesc\u00f3pio t\u00e9rmico de montagem frontal projetado para ca\u00e7adores profissionais, observadores de vida selvagem e atiradores que exigem precis\u00e3o.<\/p>\n<p>Constru\u00eddo com tecnologia de imageamento de pr\u00f3xima gera\u00e7\u00e3o, o Nocpix MATE H50R oferece claridade incompar\u00e1vel, detec\u00e7\u00e3o de longo alcance e recursos de \u00faltima gera\u00e7\u00e3o para desempenho superior em qualquer ambiente.<\/p>\n<h2>Qualidade de imagem e alcance de detec\u00e7\u00e3o excepcionais<\/h2>\n<p>No cora\u00e7\u00e3o do Nocpix MATE Ultra H50R est\u00e1 um sensor t\u00e9rmico HD de 640X512 de segunda gera\u00e7\u00e3o com um pixel de ultra-fina de 12 \u03bcm e uma sensibilidade de NETD \u226415mK, garantindo que at\u00e9 mesmo as mais t\u00eanues diferen\u00e7as t\u00e9rmicas ser\u00e3o detectadas. A grande lente de 50 mm F1.0 captura mais energia t\u00e9rmica para imagens cristalinas e alcance estendido, oferecendo dist\u00e2ncias de detec\u00e7\u00e3o de at\u00e9 2600 m. Seja voc\u00ea est\u00e1 ca\u00e7ando cervos ao amanhecer ou varrendo amplos campos \u00e0 noite, o H50R garante que nenhum detalhe passe despercebido.<\/p>\n<h2>Processamento de imagem avan\u00e7ado com Reality+ AI<\/h2>\n<p>Equipado com algoritmos de imageamento duplo &#8211; um poderoso processador de imagem combinado com a tecnologia inteligente Reality+ &#8211; o MATE Ultra H50R se adapta automaticamente \u00e0 amplia\u00e7\u00e3o de seu telesc\u00f3pio. Isso garante imagens n\u00edtidas, zoom preciso e estabilidade de imagem consistente, mesmo em n\u00e9voa, garoa ou condi\u00e7\u00f5es de baixa ilumina\u00e7\u00e3o desafiadoras.<\/p>\n<h2>Projetado para precis\u00e3o e ca\u00e7a \u00e9tica<\/h2>\n<p>Com um medidor de dist\u00e2ncia a laser integrado (at\u00e9 1200m) e um calculador bal\u00edstico integrado, o H50R o ajuda a tomar decis\u00f5es de tiro informadas e \u00e9ticas. O modo picture-in-picture (PIP) melhora a precis\u00e3o de mira, e o v\u00eddeo ativado por recuo (RAV) garante que todo momento cr\u00edtico seja capturado.<\/p>\n<h2>Robusto, pr\u00e1tico e confi\u00e1vel<\/h2>\n<p>Projetado para o campo, o MATE Ultra H50R \u00e9 tanto robusto quanto f\u00e1cil de usar. Ele apresenta uma grande ocular de 60 mm com &lt;1% de distor\u00e7\u00e3o, mantendo um ponto de impacto est\u00e1vel e um alinhamento consistente at\u00e9 16x de amplia\u00e7\u00e3o. Alimentado por baterias 18650 substitu\u00edveis (4 inclu\u00eddas para o ULTRA), ele oferece confiabilidade de longa dura\u00e7\u00e3o para sess\u00f5es ao ar livre prolongadas.<\/p>\n","protected":false},"excerpt":{"rendered":"<p>Transforme o seu escopo diurno em um moderno escopo t\u00e9rmico de rifle com a \u00fanica montagem t\u00e9rmica Nocpix MATE H50R de 640X512 &#8211; a melhor montagem t\u00e9rmica frontal projetada para ca\u00e7adores profissionais, observadores de vida selvagem e atiradores que exigem precis\u00e3o.<\/p>\n<p>Se o item n\u00e3o estiver dispon\u00edvel, entre em contato conosco: shop@nbg.eu ou +359896147790<\/p>\n","protected":false},"featured_media":686604,"template":"","meta":{"_acf_changed":false},"product_brand":[14460],"product_cat":[12508],"product_tag":[],"class_list":{"0":"post-686562","1":"product","2":"type-product","3":"status-publish","4":"has-post-thumbnail","6":"product_brand-nocpix","7":"product_cat-termico","9":"first","10":"instock","11":"taxable","12":"shipping-taxable","13":"purchasable","14":"product-type-simple"},"acf":[],"_links":{"self":[{"href":"https:\/\/nbg.eu\/pt-pt\/wp-json\/wp\/v2\/product\/686562","targetHints":{"allow":["GET"]}}],"collection":[{"href":"https:\/\/nbg.eu\/pt-pt\/wp-json\/wp\/v2\/product"}],"about":[{"href":"https:\/\/nbg.eu\/pt-pt\/wp-json\/wp\/v2\/types\/product"}],"wp:featuredmedia":[{"embeddable":true,"href":"https:\/\/nbg.eu\/pt-pt\/wp-json\/wp\/v2\/media\/686604"}],"wp:attachment":[{"href":"https:\/\/nbg.eu\/pt-pt\/wp-json\/wp\/v2\/media?parent=686562"}],"wp:term":[{"taxonomy":"product_brand","embeddable":true,"href":"https:\/\/nbg.eu\/pt-pt\/wp-json\/wp\/v2\/product_brand?post=686562"},{"taxonomy":"product_cat","embeddable":true,"href":"https:\/\/nbg.eu\/pt-pt\/wp-json\/wp\/v2\/product_cat?post=686562"},{"taxonomy":"product_tag","embeddable":true,"href":"https:\/\/nbg.eu\/pt-pt\/wp-json\/wp\/v2\/product_tag?post=686562"}],"curies":[{"name":"wp","href":"https:\/\/api.w.org\/{rel}","templated":true}]}}