{"id":686689,"date":"2026-01-08T18:14:07","date_gmt":"2026-01-08T15:14:07","guid":{"rendered":"https:\/\/nbg.eu\/product\/camera-termica-nocpix-ace-l35-sensor-384x288-lente-de-35mm\/"},"modified":"2026-04-14T16:12:56","modified_gmt":"2026-04-14T13:12:56","slug":"camera-termica-nocpix-ace-l35-sensor-384x288-lente-de-35mm","status":"publish","type":"product","link":"https:\/\/nbg.eu\/pt-pt\/produto\/camera-termica-nocpix-ace-l35-sensor-384x288-lente-de-35mm\/","title":{"rendered":"Nocpix C\u00e2mara T\u00e9rmica ACE L35"},"content":{"rendered":"<h2>Nocpix ACE L35 C\u00e2mera t\u00e9rmica<\/h2>\n<p>O Nocpix ACE L35 \u00e9 constru\u00eddo com a ideia de combinar recursos de ponta exigidos pelos usu\u00e1rios em uma \u00f3ptica simplificada que equilibra capacidades avan\u00e7adas com facilidade de uso no campo. Projetado para se sentir como uma \u00f3ptica diurna tradicional, o ACE \u00e9 compat\u00edvel com rifles de a\u00e7\u00e3o por ferrolho ou semiautom\u00e1ticos usando suportes e an\u00e9is padr\u00e3o de 30 mm. A combina\u00e7\u00e3o de uma bateria interna recarreg\u00e1vel USB-C e uma bateria recarreg\u00e1vel 18650 remov\u00edvel permite que os usu\u00e1rios troquem as baterias no local para uma dura\u00e7\u00e3o ilimitada. Um aumento ocular de 1x a 3x fornece aumento \u00f3ptico do display AMOLED circular de 2560&#215;2560 dentro do aumento ocular. O sistema Vision+ combina esse display de alta resolu\u00e7\u00e3o com um sensor NETD de 18 mK para uma imagem incrivelmente detalhada e precisa.<\/p>\n<p>O Nocpix ACE L35 oferece uma op\u00e7\u00e3o mais acess\u00edvel na linha ACE para ca\u00e7adores de predadores e animais selvagens que n\u00e3o precisam de um tel\u00eametro a laser ou de um sensor de maior resolu\u00e7\u00e3o. Com um pre\u00e7o extremamente acess\u00edvel, o ACE L35 mant\u00e9m todos os outros recursos da linha de lunetas t\u00e9rmicas ACE.<\/p>\n<p>Um aumento ocular \u00f3ptico com amplia\u00e7\u00e3o de 1-3x fornece amplia\u00e7\u00e3o adicional do display sem alterar a escala ou o zoom digital. Um display AMOLED circular de alto contraste com resolu\u00e7\u00e3o de 2560&#215;2560 fornece maior clareza e detalhamento. Controles simplificados oferecem melhor ergonomia e uma melhor experi\u00eancia do usu\u00e1rio no campo. Ele usa baterias recarreg\u00e1veis \u200b\u200b18650 comuns. O recurso de calculadora bal\u00edstica exibe os valores de queda de balas com base nas informa\u00e7\u00f5es do tel\u00eametro a laser e em um perfil de cartucho personalizado pelo usu\u00e1rio. Carregue o dispositivo atrav\u00e9s de uma porta USB-C exclusivamente projetada.<\/p>\n","protected":false},"excerpt":{"rendered":"<p>A c\u00e2mera t\u00e9rmica Nocpix ACE L35 possui um sensor de 384&#215;288, lente de 35mm, zoom digital 4x e taxa de quadros de 60Hz, com alcance de detec\u00e7\u00e3o de 1.800 metros.<\/p>\n<p>Se o item n\u00e3o estiver dispon\u00edvel, entre em contato conosco: shop@nbg.eu ou +359896147790<\/p>\n","protected":false},"featured_media":686751,"template":"","meta":{"_acf_changed":false},"product_brand":[14460],"product_cat":[16094],"product_tag":[],"class_list":{"0":"post-686689","1":"product","2":"type-product","3":"status-publish","4":"has-post-thumbnail","6":"product_brand-nocpix","7":"product_cat-thermal-cameras-pt-pt","9":"first","10":"instock","11":"taxable","12":"shipping-taxable","13":"purchasable","14":"product-type-simple"},"acf":[],"_links":{"self":[{"href":"https:\/\/nbg.eu\/pt-pt\/wp-json\/wp\/v2\/product\/686689","targetHints":{"allow":["GET"]}}],"collection":[{"href":"https:\/\/nbg.eu\/pt-pt\/wp-json\/wp\/v2\/product"}],"about":[{"href":"https:\/\/nbg.eu\/pt-pt\/wp-json\/wp\/v2\/types\/product"}],"wp:featuredmedia":[{"embeddable":true,"href":"https:\/\/nbg.eu\/pt-pt\/wp-json\/wp\/v2\/media\/686751"}],"wp:attachment":[{"href":"https:\/\/nbg.eu\/pt-pt\/wp-json\/wp\/v2\/media?parent=686689"}],"wp:term":[{"taxonomy":"product_brand","embeddable":true,"href":"https:\/\/nbg.eu\/pt-pt\/wp-json\/wp\/v2\/product_brand?post=686689"},{"taxonomy":"product_cat","embeddable":true,"href":"https:\/\/nbg.eu\/pt-pt\/wp-json\/wp\/v2\/product_cat?post=686689"},{"taxonomy":"product_tag","embeddable":true,"href":"https:\/\/nbg.eu\/pt-pt\/wp-json\/wp\/v2\/product_tag?post=686689"}],"curies":[{"name":"wp","href":"https:\/\/api.w.org\/{rel}","templated":true}]}}