{"id":686830,"date":"2026-01-08T18:13:27","date_gmt":"2026-01-08T15:13:27","guid":{"rendered":"https:\/\/nbg.eu\/product\/camera-termica-nocpix-ace-h50r-12um-640x512-zeiss-rail\/"},"modified":"2026-04-14T17:19:42","modified_gmt":"2026-04-14T14:19:42","slug":"camera-termica-nocpix-ace-h50r-12um-640x512-zeiss-rail","status":"publish","type":"product","link":"https:\/\/nbg.eu\/pt-pt\/produto\/camera-termica-nocpix-ace-h50r-12um-640x512-zeiss-rail\/","title":{"rendered":"Nocpix C\u00e2mara T\u00e9rmica ACE H50R ZEISS RAIL"},"content":{"rendered":"<h2>Nocpix ACE H50R Thermal Rifle Scope: Precis\u00e3o e Clareza Inigual\u00e1veis para a Ca\u00e7a<\/h2>\n<p>O Nocpix ACE H50R, um luneta t\u00e9rmica para rifle, combina tecnologia avan\u00e7ada com durabilidade robusta para uma experi\u00eancia de ca\u00e7a inigual\u00e1vel. Apresenta um sensor t\u00e9rmico de resolu\u00e7\u00e3o 640&#215;512 com NETD \u226412mK para clareza de imagem excepcional, um alcance de detec\u00e7\u00e3o de 3100 metros e um LRF integrado para medi\u00e7\u00f5es precisas de at\u00e9 1200 metros. O inovador sistema Vision+ oferece amplia\u00e7\u00e3o ocular para visualiza\u00e7\u00f5es pr\u00f3ximas n\u00edtidas, enquanto um sistema de bateria dupla garante uso prolongado. Fabricado em liga de alum\u00ednio de alta resist\u00eancia e classificado como IP67, este luneta \u00e9 projetado para se destacar em qualquer ambiente externo e se adaptar a qualquer situa\u00e7\u00e3o.<\/p>\n<p>O luneta t\u00e9rmica para rifle Nocpix ACE H50 \u00e9 uma ferramenta de ponta projetada para redefinir a experi\u00eancia de ca\u00e7a, seja navegando na noite escura ou perseguindo a presa em terrenos desafiadores. Como parte da s\u00e9rie ACE principal da Nocpix, este escopo \u00f3tico t\u00e9rmico se destaca pela sua qualidade de imagem e precis\u00e3o superiores, gra\u00e7as ao seu sensor t\u00e9rmico de alta resolu\u00e7\u00e3o desenvolvido internamente e aos avan\u00e7ados sistemas Reality+ e Vision+.<\/p>\n<p>No cora\u00e7\u00e3o do Nocpix ACE H50R est\u00e1 o seu sensor t\u00e9rmico HD de segunda gera\u00e7\u00e3o, que possui uma resolu\u00e7\u00e3o de 640&#215;512 e uma taxa de quadros de 60 Hz, oferecendo desempenho incrivelmente est\u00e1vel. Com um NETD de \u226412mK, este escopo detecta at\u00e9 as menores diferen\u00e7as de temperatura, proporcionando imagens t\u00e9rmicas detalhadas e suaves, ideais para acompanhar alvos em movimento r\u00e1pido em tempo real. O algoritmo de imagem avan\u00e7ado Reality+ melhora ainda mais isso, eliminando o ru\u00eddo de temperatura ambiente e proporcionando contraste e clareza superiores, mesmo em condi\u00e7\u00f5es de ca\u00e7a desafiadoras.<\/p>\n<p>O ACE H50R est\u00e1 equipado com uma lente de 50 mm\/F0.9 que permite 20% mais luz chegar ao sensor, criando imagens mais brilhantes e n\u00edtidas. Isso \u00e9 essencial para os ca\u00e7adores que buscam precis\u00e3o, pois a melhoria na transmiss\u00e3o de luz fornece uma visibilidade aprimorada em ambientes de baixa luminosidade. Al\u00e9m disso, o alcance de detec\u00e7\u00e3o de 3100 metros diferencia o ACE, tornando a identifica\u00e7\u00e3o e o acompanhamento de alvos distantes mais f\u00e1ceis e eficazes do que nunca.<\/p>\n<p>O sistema Vision+ integrado aprimora a experi\u00eancia visual com um display AMOLED circular de 1,03 polegadas e resolu\u00e7\u00e3o de 2560&#215;2560. Seu sistema de zoom \u00f3ptico, projetado para evitar o borr\u00e3o e a distor\u00e7\u00e3o t\u00edpicos dos zooms eletr\u00f4nicos tradicionais, garante que os ca\u00e7adores desfrutem de visualiza\u00e7\u00f5es de alta resolu\u00e7\u00e3o e n\u00edtidas de perto, sem perder detalhes. Isso proporciona uma experi\u00eancia de visualiza\u00e7\u00e3o imersiva e confort\u00e1vel, seja observando a presa de longe ou focando com precis\u00e3o.<\/p>\n<p>Projetado para uso prolongado em campo, o ACE possui um sistema de bateria dupla com uma bateria interna de 4000 mAh e uma bateria remov\u00edvel adicional de 18650, permitindo opera\u00e7\u00e3o ininterrupta durante longas sess\u00f5es de ca\u00e7a. O design dur\u00e1vel, feito de liga de alum\u00ednio de alta resist\u00eancia, garante que o ACE possa suportar ambientes externos hostis e uso intenso, tendo passado por rigorosos testes de resist\u00eancia a impactos. Com classifica\u00e7\u00e3o de impermeabilidade IP67, o escopo permanece confi\u00e1vel em condi\u00e7\u00f5es clim\u00e1ticas adversas, oferecendo aos ca\u00e7adores tranquilidade independentemente do ambiente.<\/p>\n<p>Projetado com o ca\u00e7ador em mente, o Nocpix ACE H50R inclui recursos essenciais, como grava\u00e7\u00e3o de v\u00eddeo ativada por recuo e um design sem obturador para uma opera\u00e7\u00e3o f\u00e1cil em campo. Com adi\u00e7\u00f5es pr\u00e1ticas, como um ajustador de foco, uma tampa de carregamento e a capacidade de reproduzir v\u00eddeos diretamente por meio do recurso Galeria, este escopo combina alto desempenho com conveni\u00eancia para uma experi\u00eancia de ca\u00e7a ideal.<\/p>\n","protected":false},"excerpt":{"rendered":"<p>Atiradores de ca\u00e7a t\u00e9rmica Nocpix ACE H50R combinam sensor avan\u00e7ado de 640&#215;512 12um, detec\u00e7\u00e3o de 3100m e LRF integrado para ca\u00e7a sem paralelo.<\/p>\n","protected":false},"featured_media":686951,"template":"","meta":{"_acf_changed":false},"product_brand":[14460],"product_cat":[16094],"product_tag":[],"class_list":{"0":"post-686830","1":"product","2":"type-product","3":"status-publish","4":"has-post-thumbnail","6":"product_brand-nocpix","7":"product_cat-thermal-cameras-pt-pt","9":"first","10":"instock","11":"taxable","12":"shipping-taxable","13":"purchasable","14":"product-type-simple"},"acf":[],"_links":{"self":[{"href":"https:\/\/nbg.eu\/pt-pt\/wp-json\/wp\/v2\/product\/686830","targetHints":{"allow":["GET"]}}],"collection":[{"href":"https:\/\/nbg.eu\/pt-pt\/wp-json\/wp\/v2\/product"}],"about":[{"href":"https:\/\/nbg.eu\/pt-pt\/wp-json\/wp\/v2\/types\/product"}],"wp:featuredmedia":[{"embeddable":true,"href":"https:\/\/nbg.eu\/pt-pt\/wp-json\/wp\/v2\/media\/686951"}],"wp:attachment":[{"href":"https:\/\/nbg.eu\/pt-pt\/wp-json\/wp\/v2\/media?parent=686830"}],"wp:term":[{"taxonomy":"product_brand","embeddable":true,"href":"https:\/\/nbg.eu\/pt-pt\/wp-json\/wp\/v2\/product_brand?post=686830"},{"taxonomy":"product_cat","embeddable":true,"href":"https:\/\/nbg.eu\/pt-pt\/wp-json\/wp\/v2\/product_cat?post=686830"},{"taxonomy":"product_tag","embeddable":true,"href":"https:\/\/nbg.eu\/pt-pt\/wp-json\/wp\/v2\/product_tag?post=686830"}],"curies":[{"name":"wp","href":"https:\/\/api.w.org\/{rel}","templated":true}]}}