{"id":686976,"date":"2025-12-18T18:25:22","date_gmt":"2025-12-18T15:25:22","guid":{"rendered":"https:\/\/nbg.eu\/product\/camera-termica-nocpix-bolt-l35r\/"},"modified":"2026-02-27T15:50:53","modified_gmt":"2026-02-27T12:50:53","slug":"camera-termica-nocpix-bolt-l35r","status":"publish","type":"product","link":"https:\/\/nbg.eu\/pt-pt\/produto\/camera-termica-nocpix-bolt-l35r\/","title":{"rendered":"C\u00e2mera T\u00e9rmica Nocpix Bolt L35R"},"content":{"rendered":"<h2>O Come\u00e7o Perfeito para sua Ca\u00e7ada Noturna: C\u00e2mera T\u00e9rmica Nocpix Bolt L35R<\/h2>\n<p>Projetada para iniciantes que querem clareza, conveni\u00eancia tudo-em-um e confian\u00e7a desde o primeiro dia, o BOLT da Nocpix combina imagem t\u00e9rmica n\u00edtida, um rangefinder embutido e ferramentas bal\u00edsticas inteligentes em um design compacto e f\u00e1cil de usar &#8211; dando aos novos ca\u00e7adores exatamente o que eles precisam para ca\u00e7ar com intelig\u00eancia e atirar com confian\u00e7a.<\/p>\n<h2>Ver com Clareza, Identificar com Precis\u00e3o<\/h2>\n<p>Imagens desfocadas e alvos dif\u00edceis de ver s\u00e3o um problema comum para novos usu\u00e1rios de bin\u00f3culos de imagem t\u00e9rmica, especialmente no escuro. \u00c9 por isso que o BOLT \u00e9 equipado com um sensor t\u00e9rmico auto-desenvolvido com \u226420mK NETD e uma taxa de quadros de 50Hz, proporcionando-lhe imagens suaves e de alta resolu\u00e7\u00e3o mesmo em condi\u00e7\u00f5es adversas. Alimentado pelo nosso algoritmo de imagem Reality+, o BOLT atravessa a n\u00e9voa, os arbustos e a escurid\u00e3o para fornecer imagens n\u00edtidas e identifica\u00e7\u00e3o de alvos confi\u00e1vel.<\/p>\n<h2>Fique Leve, Fique Focado<\/h2>\n<p>Como um novo ca\u00e7ador, especialmente quando voc\u00ea ainda est\u00e1 se acostumando a se mover em sil\u00eancio e a se manter focado. \u00c9 por isso que o Nocpix BOLT mant\u00e9m as coisas simples. Pesando apenas 880 gramas e com um design compacto e aerodin\u00e2mico, \u00e9 f\u00e1cil de carregar, montar e operar, mesmo em ca\u00e7adas longas.<\/p>\n<h2>Conhe\u00e7a a Dist\u00e2ncia, Ca\u00e7e com Confian\u00e7a<\/h2>\n<p>Para novos ca\u00e7adores, julgar a dist\u00e2ncia pode ser dif\u00edcil, e tiros perdidos podem abalar sua confian\u00e7a. O BOLT tira o estresse de atirar com um rangefinder a laser integrado de 1.200 metros e uma calculadora bal\u00edstica inteligente. Voc\u00ea obt\u00e9m leituras de dist\u00e2ncia precisas e suporte de mira imediato que o ajudam a acertar cada tiro exatamente onde \u00e9 preciso. Desde sua primeira ca\u00e7ada, o BOLT d\u00e1 aos iniciantes a vantagem de que precisam para atirar com mais intelig\u00eancia e consist\u00eancia.<\/p>\n<h2>Ca\u00e7e o Dia Todo Sem Se Preocupar com a Energia<\/h2>\n<p>Ficar sem bateria durante a ca\u00e7ada \u00e9 um pesadelo para qualquer novo ca\u00e7ador. \u00c9 por isso que o BOLT \u00e9 projetado com um sistema de bateria dupla &#8211; uma bateria interna de longa dura\u00e7\u00e3o de 5000mAh mais uma bateria de backup remov\u00edvel de 18650. Com uma capacidade total de 9000mAh, voc\u00ea obt\u00e9m at\u00e9 12 horas de uso cont\u00ednuo. Sem estresse, sem interrup\u00e7\u00f5es &#8211; apenas energia que est\u00e1 com voc\u00ea, do nascer ao p\u00f4r do sol.<\/p>\n<h2>Equipamento Inteligente, Ca\u00e7ada Engajada<\/h2>\n<p>Para os iniciantes, acostumar-se a novos equipamentos pode ser dif\u00edcil. O BOLT facilita o processo com ret\u00edculas personaliz\u00e1veis, configura\u00e7\u00f5es de tiro ajust\u00e1veis e sete paletas de cores para se adequar a diferentes ambientes. Al\u00e9m disso, a conectividade perfeita com o aplicativo permite que voc\u00ea personalize sua configura\u00e7\u00e3o e compartilhe suas aventuras, tornando cada ca\u00e7ada n\u00e3o apenas mais inteligente, mas tamb\u00e9m mais divertida e gratificante.<\/p>\n<h2>Design Robusto, Desempenho Confi\u00e1vel<\/h2>\n<p>Quando voc\u00ea est\u00e1 apenas come\u00e7ando, a \u00faltima coisa com que voc\u00ea quer se preocupar \u00e9 seu equipamento quebrando no campo. O BOLT \u00e9 constru\u00eddo com for\u00e7a com um corpo de alum\u00ednio monobloco e resist\u00eancia \u00e0 poeira e \u00e1gua IP67. Ele \u00e9 testado para suportar quedas e alto recuo, para que permane\u00e7a confi\u00e1vel e preciso, n\u00e3o importa qu\u00e3o duras sejam as condi\u00e7\u00f5es.<\/p>\n","protected":false},"excerpt":{"rendered":"<p>A c\u00e2mera t\u00e9rmica Nocpix Bolt L35R oferece imagens t\u00e9rmicas n\u00edtidas, um medidor de dist\u00e2ncia integrado e ferramentas bal\u00edsticas inteligentes em um design compacto e f\u00e1cil de usar para novos ca\u00e7adores noturnos.<\/p>\n<p>Se o item n\u00e3o estiver dispon\u00edvel, entre em contato conosco: shop@nbg.eu ou +359896147790<\/p>\n","protected":false},"featured_media":686999,"template":"","meta":{"_acf_changed":false},"product_brand":[14460],"product_cat":[2876],"product_tag":[],"class_list":{"0":"post-686976","1":"product","2":"type-product","3":"status-publish","4":"has-post-thumbnail","6":"product_brand-nocpix","7":"product_cat-rahohvatki","9":"first","10":"instock","11":"taxable","12":"shipping-taxable","13":"purchasable","14":"product-type-simple"},"acf":[],"_links":{"self":[{"href":"https:\/\/nbg.eu\/pt-pt\/wp-json\/wp\/v2\/product\/686976","targetHints":{"allow":["GET"]}}],"collection":[{"href":"https:\/\/nbg.eu\/pt-pt\/wp-json\/wp\/v2\/product"}],"about":[{"href":"https:\/\/nbg.eu\/pt-pt\/wp-json\/wp\/v2\/types\/product"}],"wp:featuredmedia":[{"embeddable":true,"href":"https:\/\/nbg.eu\/pt-pt\/wp-json\/wp\/v2\/media\/686999"}],"wp:attachment":[{"href":"https:\/\/nbg.eu\/pt-pt\/wp-json\/wp\/v2\/media?parent=686976"}],"wp:term":[{"taxonomy":"product_brand","embeddable":true,"href":"https:\/\/nbg.eu\/pt-pt\/wp-json\/wp\/v2\/product_brand?post=686976"},{"taxonomy":"product_cat","embeddable":true,"href":"https:\/\/nbg.eu\/pt-pt\/wp-json\/wp\/v2\/product_cat?post=686976"},{"taxonomy":"product_tag","embeddable":true,"href":"https:\/\/nbg.eu\/pt-pt\/wp-json\/wp\/v2\/product_tag?post=686976"}],"curies":[{"name":"wp","href":"https:\/\/api.w.org\/{rel}","templated":true}]}}