{"id":687698,"date":"2026-01-08T18:14:10","date_gmt":"2026-01-08T15:14:10","guid":{"rendered":"https:\/\/nbg.eu\/product\/monocular-termico-lumi-h35\/"},"modified":"2026-04-14T16:12:53","modified_gmt":"2026-04-14T13:12:53","slug":"monocular-termico-lumi-h35","status":"publish","type":"product","link":"https:\/\/nbg.eu\/pt-pt\/produto\/monocular-termico-lumi-h35\/","title":{"rendered":"Nocpix Monocular T\u00e9rmico LUMI H35"},"content":{"rendered":"<h2>Nocpix LUMI H35: Seu companheiro indispens\u00e1vel para todas as aplica\u00e7\u00f5es<\/h2>\n<p>A s\u00e9rie de monocular de imagem t\u00e9rmica LUMI \u00e9 projetada para uso diurno e noturno e oferece a voc\u00ea uma qualidade de imagem excepcional, mesmo em condi\u00e7\u00f5es clim\u00e1ticas dif\u00edceis, como nevoeiro, neblina ou chuva. Mesmo que obst\u00e1culos como galhos, grama alta ou vegeta\u00e7\u00e3o densa dificultem a vis\u00e3o, essa tecnologia permite que voc\u00ea sempre veja claramente o que est\u00e1 \u00e0 sua frente. Eles tamb\u00e9m s\u00e3o t\u00e3o compactos e leves que voc\u00ea pode carreg\u00e1-los facilmente em qualquer lugar.<\/p>\n<p>As c\u00e2meras t\u00e9rmicas LUMI s\u00e3o perfeitas para uma variedade de aplica\u00e7\u00f5es, como ca\u00e7a, vigil\u00e2ncia, seguran\u00e7a, orienta\u00e7\u00e3o de terreno ou opera\u00e7\u00f5es de busca e resgate.<\/p>\n<h2>Desempenho de imagem inigual\u00e1vel para imagens n\u00edtidas como uma navalha<\/h2>\n<p>A s\u00e9rie LUMI define novos padr\u00f5es em termos de qualidade de imagem. Equipada com os algoritmos de imagem mais avan\u00e7ados e um sensor t\u00e9rmico poderoso com NETD &lt; 18 mK, a c\u00e2mera entrega imagens n\u00edtidas e realistas. O display AMOLED com resolu\u00e7\u00e3o de 1024 x 768 pixels garante uma apresenta\u00e7\u00e3o de imagem excepcional, enquanto o modo Ultra Clear otimiza ainda mais a clareza da imagem, especialmente em condi\u00e7\u00f5es clim\u00e1ticas dif\u00edceis.<\/p>\n<h2>Experi\u00eancia de visualiza\u00e7\u00e3o personalizada &#8211; personalize seu dispositivo perfeitamente<\/h2>\n<p>Gra\u00e7as ao grande sensor de 640 x 512 px e a uma variedade de op\u00e7\u00f5es de ajuste, voc\u00ea pode ajustar o dispositivo exatamente \u00e0s suas necessidades. Escolha entre 5 modos de cor e optimize sua vis\u00e3o com 10 n\u00edveis de brilho, nitidez e contraste &#8211; para que nenhum detalhe passe despercebido.<\/p>\n<h2>Compartilhar experi\u00eancias \u00e9 f\u00e1cil com LUMI<\/h2>\n<p>Para o ca\u00e7ador moderno, capturar momentos especiais \u00e9 importante. Com o Nocpix LUMI H35, voc\u00ea pode n\u00e3o apenas compartilhar suas grava\u00e7\u00f5es convenientemente por meio do aplicativo, mas tamb\u00e9m reproduzi-las diretamente no dispositivo &#8211; perfeito para compartilhar suas experi\u00eancias com os outros imediatamente.<\/p>\n<h2>Uso flex\u00edvel gra\u00e7as ao sistema de bateria remov\u00edvel<\/h2>\n<p>A s\u00e9rie LUMI \u00e9 equipada com baterias padr\u00e3o 18650, oferecendo a voc\u00ea m\u00e1xima flexibilidade. N\u00e3o importa onde voc\u00ea esteja, com o carregador de bateria inclu\u00eddo, voc\u00ea estar\u00e1 pronto para a a\u00e7\u00e3o novamente em pouco tempo &#8211; e voc\u00ea pode continuar sua miss\u00e3o.<\/p>\n","protected":false},"excerpt":{"rendered":"<p>Nocpix LUMI H35: O seu companheiro indispens\u00e1vel para todas as aplica\u00e7\u00f5es. Sensor de 640 com 18 mK, display AMOLED com 1024 \u00d7 768 pixels, bateria remov\u00edvel 18650, alcance de dete\u00e7\u00e3o de aproximadamente 1800 metros, design compacto.<\/p>\n<p>Se o item n\u00e3o estiver dispon\u00edvel, entre em contato conosco: shop@nbg.eu ou +359896147790<\/p>\n","protected":false},"featured_media":687808,"template":"","meta":{"_acf_changed":false},"product_brand":[14460],"product_cat":[16093,12508],"product_tag":[],"class_list":{"0":"post-687698","1":"product","2":"type-product","3":"status-publish","4":"has-post-thumbnail","6":"product_brand-nocpix","7":"product_cat-monoculars-pt-pt","8":"product_cat-termico","10":"first","11":"instock","12":"taxable","13":"shipping-taxable","14":"purchasable","15":"product-type-simple"},"acf":[],"_links":{"self":[{"href":"https:\/\/nbg.eu\/pt-pt\/wp-json\/wp\/v2\/product\/687698","targetHints":{"allow":["GET"]}}],"collection":[{"href":"https:\/\/nbg.eu\/pt-pt\/wp-json\/wp\/v2\/product"}],"about":[{"href":"https:\/\/nbg.eu\/pt-pt\/wp-json\/wp\/v2\/types\/product"}],"wp:featuredmedia":[{"embeddable":true,"href":"https:\/\/nbg.eu\/pt-pt\/wp-json\/wp\/v2\/media\/687808"}],"wp:attachment":[{"href":"https:\/\/nbg.eu\/pt-pt\/wp-json\/wp\/v2\/media?parent=687698"}],"wp:term":[{"taxonomy":"product_brand","embeddable":true,"href":"https:\/\/nbg.eu\/pt-pt\/wp-json\/wp\/v2\/product_brand?post=687698"},{"taxonomy":"product_cat","embeddable":true,"href":"https:\/\/nbg.eu\/pt-pt\/wp-json\/wp\/v2\/product_cat?post=687698"},{"taxonomy":"product_tag","embeddable":true,"href":"https:\/\/nbg.eu\/pt-pt\/wp-json\/wp\/v2\/product_tag?post=687698"}],"curies":[{"name":"wp","href":"https:\/\/api.w.org\/{rel}","templated":true}]}}