{"id":687830,"date":"2026-01-08T18:13:58","date_gmt":"2026-01-08T15:13:58","guid":{"rendered":"https:\/\/nbg.eu\/product\/camera-termica-ace-s60r\/"},"modified":"2026-04-14T16:13:00","modified_gmt":"2026-04-14T13:13:00","slug":"camera-termica-ace-s60r","status":"publish","type":"product","link":"https:\/\/nbg.eu\/pt-pt\/produto\/camera-termica-ace-s60r\/","title":{"rendered":"Nocpix C\u00e2mara T\u00e9rmica ACE S60R"},"content":{"rendered":"<h2>Descri\u00e7\u00e3o do produto<\/h2>\n<p>O Nocpix ACE S60R Thermal Scope \u00e9 uma ferramenta de ponta, rec\u00e9m-lan\u00e7ada, projetada para ca\u00e7adores de elite que exigem o m\u00e1ximo desempenho nos ambientes mais desafiadores. Com sua tecnologia de ponta e constru\u00e7\u00e3o robusta, este escopo t\u00e9rmico l\u00edder \u00e9 projetado para ajud\u00e1-lo a dominar a noite e domar a vida selvagem. Seja voc\u00ea est\u00e1 varrendo a presa a longas dist\u00e2ncias ou rastreando alvos de movimenta\u00e7\u00e3o r\u00e1pida, o ACE S60R oferece clareza, precis\u00e3o e confiabilidade incompar\u00e1veis.<\/p>\n<p>No cora\u00e7\u00e3o deste escopo extraordin\u00e1rio est\u00e1 um sensor t\u00e9rmico HD de segunda gera\u00e7\u00e3o com uma impressionante resolu\u00e7\u00e3o de 1280\u00d71024 e um NETD ultra-sens\u00edvel de \u226415mK. Este sensor de \u00faltima gera\u00e7\u00e3o permite que o ACE S60R detecte at\u00e9 as menores varia\u00e7\u00f5es de temperatura, fornecendo imagens t\u00e9rmicas claras e detalhadas em tempo real. Com uma taxa de quadros de 50 Hz, o escopo entrega visuais suaves que acompanham a velocidade do seu alvo, permitindo que voc\u00ea se engaje com precis\u00e3o incompar\u00e1vel.<\/p>\n<p>O Nocpix ACE S60R tamb\u00e9m possui uma lente de 60mm\/F1.0 que coleta 20% mais luz do que os escopos padr\u00e3o, proporcionando imagens mais brilhantes e mais claras, mesmo nas condi\u00e7\u00f5es mais escuras. Sua detec\u00e7\u00e3o superior a longa dist\u00e2ncia de at\u00e9 3100 metros permite que voc\u00ea identifique e rastreie alvos distantes, fornecendo uma vantagem cr\u00edtica em cen\u00e1rios de ca\u00e7a e tiro a longa dist\u00e2ncia. Combinado com o algoritmo de processamento de imagem propriet\u00e1rio da Nocpix, o Reality+, o ACE S60R reduz drasticamente o ru\u00eddo ambiente, entregando imagens n\u00edtidas e de alto contraste a cada vez.<\/p>\n<p>Para aqueles que querem ainda mais clareza visual, o ACE S60R \u00e9 equipado com o sistema inovador Vision+. O display AMOLED redondo de 1,03 polegadas e 2560\u00d72560, combinado com a lideran\u00e7a na ind\u00fastria em magnifica\u00e7\u00e3o ocular, entrega uma magnifica\u00e7\u00e3o \u00f3ptica incompar\u00e1vel sem borr\u00f5es ou distor\u00e7\u00f5es t\u00edpicos do zoom eletr\u00f4nico. Esta tecnologia revolucion\u00e1ria garante que voc\u00ea desfrute de uma vis\u00e3o cristalina e um amplo campo de vis\u00e3o, seja voc\u00ea se aproximando do seu alvo ou explorando seu entorno.<\/p>\n<p>A precis\u00e3o \u00e9 fundamental quando se trata de ca\u00e7a, e o ACE S60R n\u00e3o decepciona. Seu Medidor de Dist\u00e2ncia a Laser (LRF) embutido oferece medi\u00e7\u00f5es precisas de at\u00e9 1200 metros. O LRF est\u00e1 perfeitamente integrado ao design elegante, mantendo o verdadeiro alinhamento do eixo \u00f3ptico, permitindo que voc\u00ea calcule dist\u00e2ncias precisas sem perturbar o foco. E com a funcionalidade de c\u00e1lculo bal\u00edstico integrada, o ACE S60R garante que seus tiros sejam precisos, levando em conta todos os fatores para uma precis\u00e3o impec\u00e1vel.<\/p>\n<p>Projetado com os ca\u00e7adores em mente, o Nocpix ACE S60R tamb\u00e9m possui um sistema de bateria dupla com uma bateria interna de 4000mAh e uma bateria remov\u00edvel 18650 para uso prolongado no campo. N\u00e3o se preocupe mais em ficar sem energia no meio da sua ca\u00e7ada &#8211; este sistema \u00e9 projetado para durar tanto quanto sua aventura. Al\u00e9m disso, recursos como desligamento autom\u00e1tico da tela, grava\u00e7\u00e3o de v\u00eddeo ativada por recuo e design sem tampa tornam este escopo t\u00e9rmico um verdadeiro jogo de mudan\u00e7as no campo.<\/p>\n<p>Constru\u00eddo para as condi\u00e7\u00f5es externas mais severas, o ACE S60R \u00e9 feito de uma liga de alum\u00ednio de alta resist\u00eancia, rigorosamente testado para suportar choques extremos e uso \u00e1spero. Com classifica\u00e7\u00e3o IP67 para resist\u00eancia \u00e0 \u00e1gua, ele funciona perfeitamente na chuva, poeira e ambientes desafiadores, garantindo que seu escopo seja t\u00e3o dur\u00e1vel quanto seus instintos de ca\u00e7a.<\/p>\n<p>O Nocpix ACE S60R \u00e9 mais do que apenas um visor t\u00e9rmico &#8211; \u00e9 o companheiro de ca\u00e7a definitivo. Com tecnologia de ponta, durabilidade excepcional e uma s\u00e9rie de recursos avan\u00e7ados projetados para real\u00e7ar sua experi\u00eancia de ca\u00e7a, este visor redefinir\u00e1 o que voc\u00ea espera de seu equipamento. Prepare-se para dominar a noite.<\/p>\n","protected":false},"excerpt":{"rendered":"<p>O Nocpix ACE S60R Thermal Scope \u00e9 uma ferramenta de ponta para ca\u00e7adores de elite, oferecendo clareza, precis\u00e3o e confiabilidade incompar\u00e1veis nos ambientes mais desafiadores. Seu sensor t\u00e9rmico HD de 2\u00aa gera\u00e7\u00e3o, lente de 60mm\/F1.0 e o avan\u00e7ado sistema Vision+ entregam uma qualidade de imagem excepcional, enquanto o tel\u00eametro a laser integrado, o c\u00e1lculo bal\u00edstico e o sistema de bateria dupla proporcionam precis\u00e3o e uso prolongado. Fabricado em uma liga de alum\u00ednio resistente e com classifica\u00e7\u00e3o IP67, o ACE S60R \u00e9 constru\u00eddo para suportar as condi\u00e7\u00f5es mais severas.<\/p>\n","protected":false},"featured_media":687969,"template":"","meta":{"_acf_changed":false},"product_brand":[14460],"product_cat":[16094],"product_tag":[],"class_list":{"0":"post-687830","1":"product","2":"type-product","3":"status-publish","4":"has-post-thumbnail","6":"product_brand-nocpix","7":"product_cat-thermal-cameras-pt-pt","9":"first","10":"instock","11":"taxable","12":"shipping-taxable","13":"purchasable","14":"product-type-simple"},"acf":[],"_links":{"self":[{"href":"https:\/\/nbg.eu\/pt-pt\/wp-json\/wp\/v2\/product\/687830","targetHints":{"allow":["GET"]}}],"collection":[{"href":"https:\/\/nbg.eu\/pt-pt\/wp-json\/wp\/v2\/product"}],"about":[{"href":"https:\/\/nbg.eu\/pt-pt\/wp-json\/wp\/v2\/types\/product"}],"wp:featuredmedia":[{"embeddable":true,"href":"https:\/\/nbg.eu\/pt-pt\/wp-json\/wp\/v2\/media\/687969"}],"wp:attachment":[{"href":"https:\/\/nbg.eu\/pt-pt\/wp-json\/wp\/v2\/media?parent=687830"}],"wp:term":[{"taxonomy":"product_brand","embeddable":true,"href":"https:\/\/nbg.eu\/pt-pt\/wp-json\/wp\/v2\/product_brand?post=687830"},{"taxonomy":"product_cat","embeddable":true,"href":"https:\/\/nbg.eu\/pt-pt\/wp-json\/wp\/v2\/product_cat?post=687830"},{"taxonomy":"product_tag","embeddable":true,"href":"https:\/\/nbg.eu\/pt-pt\/wp-json\/wp\/v2\/product_tag?post=687830"}],"curies":[{"name":"wp","href":"https:\/\/api.w.org\/{rel}","templated":true}]}}