{"id":688030,"date":"2025-10-17T23:10:38","date_gmt":"2025-10-17T20:10:38","guid":{"rendered":"https:\/\/nbg.eu\/product\/pistola-semiautomatica-kmr-w-02-spectra-s-calibre-9x19\/"},"modified":"2026-04-16T18:30:33","modified_gmt":"2026-04-16T15:30:33","slug":"pistola-semiautomatica-kmr-w-02-spectra-s-calibre-9x19","status":"publish","type":"product","link":"https:\/\/nbg.eu\/pt-pt\/produto\/pistola-semiautomatica-kmr-w-02-spectra-s-calibre-9x19\/","title":{"rendered":"KMR Pistola Semiautom\u00e1tica W-02 SPECTRA S"},"content":{"rendered":"<h2>Pistola Semiautom\u00e1tica KMR W-02 SPECTRA S OR &#8211; Calibre 9&#215;19<\/h2>\n<p>Velocidade combinada com compacta\u00e7\u00e3o. A pistola KMR W-02 SPECTRA S OR possui um design mais compacto com empunhadura reduzida. Assim como em nossos outros modelos, voc\u00ea pode esperar alta precis\u00e3o e uma opera\u00e7\u00e3o suave e fluida com esta pistola. A pistola \u00e9 equipada com o sistema de estabiliza\u00e7\u00e3o do cano BRS, acess\u00f3rios KMR, mira traseira totalmente ajust\u00e1vel, martelo de competi\u00e7\u00e3o e interface pronta para mira \u00f3tica.<\/p>\n<p>Recursos:<\/p>\n<ul>\n<li>Cano pesado de 5&#8243; estriado e nitretado<\/li>\n<li>Sistema BRS \u2013 Sistema de Anel do Cano \u2013 Sistema de Estabiliza\u00e7\u00e3o do Cano no Ferrolho<\/li>\n<li>Estrutura e Ferrolho de A\u00e7o, Usinados a CNC a partir de um Bloco S\u00f3lido<\/li>\n<li>Estrutura e Ferrolho Nitretados \u2013 preto<\/li>\n<li>Estrutura Reduzida na \u00c1rea da Empunhadura<\/li>\n<li>Interface Pronta para Mira \u00d3tica (OR)<\/li>\n<li>Mira Dianteira de Fibra \u00d3tica (1 mm)<\/li>\n<li>Mira Traseira OR Totalmente Ajust\u00e1vel<\/li>\n<li>Mecanismo de Gatilho SA\/DA<\/li>\n<li>Gatilho de A\u00e7o Serrilhado SA\/DA com Sobre-Curso Ajust\u00e1vel \u2013 preto<\/li>\n<li>Reset Curto<\/li>\n<li>Martelo de Competi\u00e7\u00e3o SA\/DA<\/li>\n<li>Seguran\u00e7a Manual Estendida \u00e0 Esquerda<\/li>\n<li>Seguran\u00e7a Manual Plana \u00e0 Direita<\/li>\n<li>Empunhaduras de Duralum\u00ednio WAVES \u2013 Vermelho Escuro<\/li>\n<li>Bot\u00e3o de Libera\u00e7\u00e3o de Carregador de Duralum\u00ednio Ajust\u00e1vel \u2013 preto<\/li>\n<li>Carregador 9\u00d719, 9\u00d721 com capacidade de 17 cartuchos<\/li>\n<li>Carregador \u2013 3x<\/li>\n<li>Estojo de Pistola KMR, Kit de Limpeza, \u00d3leo KMR, Ferramenta de Montagem do Cano, Mola Principal 14 lbs, Molas de Recuo 11 lbs, 13 lbs, Conjunto de Amortecedor, Chaves Hexagonais, Trava Qu\u00edmica, Cart\u00e3o de Garantia, Manual do Usu\u00e1rio<\/li>\n<\/ul>\n<p>Especifica\u00e7\u00f5es:<\/p>\n<ul>\n<li>Calibre: 9\u00d719, 9\u00d721<\/li>\n<li>Comprimento Total: 220 mm \/ 8,7 pol<\/li>\n<li>Comprimento do Ferrolho: 194 mm \/ 7,6 pol<\/li>\n<li>Largura Total: 39 mm \/ 1,5 pol<\/li>\n<li>Largura do Ferrolho: 26 mm \/ 1 pol<\/li>\n<li>Altura Total: 146 mm \/ 5,7 pol<\/li>\n<li>Linha de Mira: 177 mm \/ 7 pol<\/li>\n<li>Comprimento do Cano: 127 mm \/ 5 pol<\/li>\n<li>Capacidade do Carregador: 17<\/li>\n<li>Mecanismo de Gatilho: SA \/ DA<\/li>\n<li>Acionamento do Gatilho: 17,5 N \/ 45 N<\/li>\n<li>Mola de Recuo: 12 lbs<\/li>\n<li>Mola Principal: 17 lbs<\/li>\n<li>Peso (sem carregador): 1230 g \/ 43,4 oz<\/li>\n<li>Peso (com carregador vazio): 1320 g \/ 46,6 oz<\/li>\n<\/ul>\n","protected":false},"excerpt":{"rendered":"<p>Velocidade combinada com compacidade. O KMR W-02 SPECTRA S OR \u00e9 uma pistola com um design mais compacto com um punho reduzido. Assim como em nossos outros modelos, voc\u00ea pode esperar alta precis\u00e3o e uma opera\u00e7\u00e3o suave e fluida com esta pistola. A pistola \u00e9 equipada com o sistema de estabiliza\u00e7\u00e3o de cano BRS, acess\u00f3rios KMR, mira traseira totalmente ajust\u00e1vel, martelo de competi\u00e7\u00e3o e interface pronta para \u00f3ptica.<\/p>\n","protected":false},"featured_media":688132,"template":"","meta":{"_acf_changed":false},"product_brand":[11507],"product_cat":[12536],"product_tag":[],"class_list":{"0":"post-688030","1":"product","2":"type-product","3":"status-publish","4":"has-post-thumbnail","6":"product_brand-kmr-precision","7":"product_cat-pistolas","9":"first","10":"instock","11":"taxable","12":"shipping-taxable","13":"purchasable","14":"product-type-simple"},"acf":[],"_links":{"self":[{"href":"https:\/\/nbg.eu\/pt-pt\/wp-json\/wp\/v2\/product\/688030","targetHints":{"allow":["GET"]}}],"collection":[{"href":"https:\/\/nbg.eu\/pt-pt\/wp-json\/wp\/v2\/product"}],"about":[{"href":"https:\/\/nbg.eu\/pt-pt\/wp-json\/wp\/v2\/types\/product"}],"wp:featuredmedia":[{"embeddable":true,"href":"https:\/\/nbg.eu\/pt-pt\/wp-json\/wp\/v2\/media\/688132"}],"wp:attachment":[{"href":"https:\/\/nbg.eu\/pt-pt\/wp-json\/wp\/v2\/media?parent=688030"}],"wp:term":[{"taxonomy":"product_brand","embeddable":true,"href":"https:\/\/nbg.eu\/pt-pt\/wp-json\/wp\/v2\/product_brand?post=688030"},{"taxonomy":"product_cat","embeddable":true,"href":"https:\/\/nbg.eu\/pt-pt\/wp-json\/wp\/v2\/product_cat?post=688030"},{"taxonomy":"product_tag","embeddable":true,"href":"https:\/\/nbg.eu\/pt-pt\/wp-json\/wp\/v2\/product_tag?post=688030"}],"curies":[{"name":"wp","href":"https:\/\/api.w.org\/{rel}","templated":true}]}}